{"id":15424,"date":"2023-12-14T11:46:12","date_gmt":"2024-01-25T12:59:41","guid":{"rendered":"https:\/\/www.weingut-steininger.at\/online-vinothek\/weine\/pretty-in-pink\/"},"modified":"2025-02-25T18:33:23","modified_gmt":"2025-02-25T16:33:23","slug":"pretty-in-pink","status":"publish","type":"product","link":"https:\/\/www.weingut-steininger.at\/en\/online-vinothek\/weine\/pretty-in-pink\/","title":{"rendered":"Pretty in Pink"},"content":{"rendered":"<p>Save Water drink Rose!<\/p>\n<p><strong>6 bottles of ros\u00e9.<\/strong><\/p>\n<p>&nbsp;<\/p>\n<p>2 fl. Zweigelt Ros\u00e9 2022<br \/>\n2 fl. Cabernet Sauvignon Ros\u00e9 2022<br \/>\n2 fl. Merlot Ros\u00e9 2022<\/p>\n<p>&nbsp;<\/p>\n<p>Regular price: \u20ac 48,00<\/p>\n<p>Package price: \u20ac 45,00<\/p>\n","protected":false},"excerpt":{"rendered":"<p>Save Water drink Rose! 6 bottles of ros\u00e9. &nbsp; 2 fl. Zweigelt Ros\u00e9 2022 2 fl. Cabernet Sauvignon Ros\u00e9 2022 2 fl. Merlot Ros\u00e9 2022 &nbsp; Regular price: \u20ac 48,00&hellip;<\/p>\n","protected":false},"featured_media":24580,"template":"","meta":{"_acf_changed":false},"product_brand":[],"product_cat":[745],"product_tag":[],"class_list":{"0":"post-15424","1":"product","2":"type-product","3":"status-publish","4":"has-post-thumbnail","6":"product_cat-bundles","7":"description-off","9":"first","10":"instock","11":"sale","12":"taxable","13":"shipping-taxable","14":"purchasable","15":"product-type-simple"},"bundled_by":[],"bundle_stock_status":"instock","bundle_stock_quantity":null,"bundle_virtual":false,"bundle_layout":"","bundle_add_to_cart_form_location":"","bundle_editable_in_cart":false,"bundle_sold_individually_context":"","bundle_item_grouping":"","bundle_min_size":"","bundle_max_size":"","bundle_price":[],"bundled_items":[],"bundle_sell_ids":[],"acf":[],"_links":{"self":[{"href":"https:\/\/www.weingut-steininger.at\/en\/wp-json\/wp\/v2\/product\/15424","targetHints":{"allow":["GET"]}}],"collection":[{"href":"https:\/\/www.weingut-steininger.at\/en\/wp-json\/wp\/v2\/product"}],"about":[{"href":"https:\/\/www.weingut-steininger.at\/en\/wp-json\/wp\/v2\/types\/product"}],"version-history":[{"count":1,"href":"https:\/\/www.weingut-steininger.at\/en\/wp-json\/wp\/v2\/product\/15424\/revisions"}],"predecessor-version":[{"id":20660,"href":"https:\/\/www.weingut-steininger.at\/en\/wp-json\/wp\/v2\/product\/15424\/revisions\/20660"}],"wp:featuredmedia":[{"embeddable":true,"href":"https:\/\/www.weingut-steininger.at\/en\/wp-json\/wp\/v2\/media\/24580"}],"wp:attachment":[{"href":"https:\/\/www.weingut-steininger.at\/en\/wp-json\/wp\/v2\/media?parent=15424"}],"wp:term":[{"taxonomy":"product_brand","embeddable":true,"href":"https:\/\/www.weingut-steininger.at\/en\/wp-json\/wp\/v2\/product_brand?post=15424"},{"taxonomy":"product_cat","embeddable":true,"href":"https:\/\/www.weingut-steininger.at\/en\/wp-json\/wp\/v2\/product_cat?post=15424"},{"taxonomy":"product_tag","embeddable":true,"href":"https:\/\/www.weingut-steininger.at\/en\/wp-json\/wp\/v2\/product_tag?post=15424"}],"curies":[{"name":"wp","href":"https:\/\/api.w.org\/{rel}","templated":true}]}}