{"id":15551,"date":"2022-04-01T14:01:40","date_gmt":"2024-01-25T13:10:34","guid":{"rendered":"https:\/\/www.weingut-steininger.at\/online-vinothek\/weine\/gruener-veltliner-and-riesling-variety-2022\/"},"modified":"2025-02-25T18:33:33","modified_gmt":"2025-02-25T16:33:33","slug":"gruener-veltliner-and-riesling-variety-2022","status":"publish","type":"product","link":"https:\/\/www.weingut-steininger.at\/en\/online-vinothek\/weine\/gruener-veltliner-and-riesling-variety-2022\/","title":{"rendered":"Gr\u00fcner Veltliner and Riesling variety 2022"},"content":{"rendered":"<p>Freshness from the year 2022!<\/p>\n<p>Everything here revolves around the typical Kamptal grape varieties!<br \/>\n<strong>Gr\u00fcner Veltliner <\/strong>and <strong>Riesling<\/strong><\/p>\n<p>&nbsp;<\/p>\n<p>1 fl. Gr\u00fcner Veltliner Gr\u00fcnschnabel<br \/>\n1 fl. Gr\u00fcner Veltliner Typical<br \/>\n1 fl. Gr\u00fcner Veltliner Kamptal DAC<br \/>\n1 fl. Gr\u00fcner Veltliner Langenlois DAC<br \/>\n1 fl. Riesling Kamptal DAC<br \/>\n1 fl. Riesling Langenlois DAC<\/p>\n<p>&nbsp;<\/p>\n<p>Regular price: \u20ac 56,80<\/p>\n<p>Package price: \u20ac 52,00<\/p>\n","protected":false},"excerpt":{"rendered":"<p>Freshness from the year 2022! Everything here revolves around the typical Kamptal grape varieties! Gr\u00fcner Veltliner and Riesling &nbsp; 1 fl. Gr\u00fcner Veltliner Gr\u00fcnschnabel 1 fl. Gr\u00fcner Veltliner Typical 1&hellip;<\/p>\n","protected":false},"featured_media":24594,"template":"","meta":{"_acf_changed":false},"product_brand":[],"product_cat":[745],"product_tag":[],"class_list":{"0":"post-15551","1":"product","2":"type-product","3":"status-publish","4":"has-post-thumbnail","6":"product_cat-bundles","7":"description-off","9":"first","10":"instock","11":"sale","12":"taxable","13":"shipping-taxable","14":"purchasable","15":"product-type-simple"},"bundled_by":[],"bundle_stock_status":"instock","bundle_stock_quantity":null,"bundle_virtual":false,"bundle_layout":"","bundle_add_to_cart_form_location":"","bundle_editable_in_cart":false,"bundle_sold_individually_context":"","bundle_item_grouping":"","bundle_min_size":"","bundle_max_size":"","bundle_price":[],"bundled_items":[],"bundle_sell_ids":[],"acf":[],"_links":{"self":[{"href":"https:\/\/www.weingut-steininger.at\/en\/wp-json\/wp\/v2\/product\/15551","targetHints":{"allow":["GET"]}}],"collection":[{"href":"https:\/\/www.weingut-steininger.at\/en\/wp-json\/wp\/v2\/product"}],"about":[{"href":"https:\/\/www.weingut-steininger.at\/en\/wp-json\/wp\/v2\/types\/product"}],"version-history":[{"count":1,"href":"https:\/\/www.weingut-steininger.at\/en\/wp-json\/wp\/v2\/product\/15551\/revisions"}],"predecessor-version":[{"id":20706,"href":"https:\/\/www.weingut-steininger.at\/en\/wp-json\/wp\/v2\/product\/15551\/revisions\/20706"}],"wp:featuredmedia":[{"embeddable":true,"href":"https:\/\/www.weingut-steininger.at\/en\/wp-json\/wp\/v2\/media\/24594"}],"wp:attachment":[{"href":"https:\/\/www.weingut-steininger.at\/en\/wp-json\/wp\/v2\/media?parent=15551"}],"wp:term":[{"taxonomy":"product_brand","embeddable":true,"href":"https:\/\/www.weingut-steininger.at\/en\/wp-json\/wp\/v2\/product_brand?post=15551"},{"taxonomy":"product_cat","embeddable":true,"href":"https:\/\/www.weingut-steininger.at\/en\/wp-json\/wp\/v2\/product_cat?post=15551"},{"taxonomy":"product_tag","embeddable":true,"href":"https:\/\/www.weingut-steininger.at\/en\/wp-json\/wp\/v2\/product_tag?post=15551"}],"curies":[{"name":"wp","href":"https:\/\/api.w.org\/{rel}","templated":true}]}}