{"id":15559,"date":"2022-04-01T13:58:29","date_gmt":"2024-01-25T13:10:35","guid":{"rendered":"https:\/\/www.weingut-steininger.at\/online-vinothek\/weine\/fresh-steininger-variety-2022-12er\/"},"modified":"2025-02-25T18:33:34","modified_gmt":"2025-02-25T16:33:34","slug":"fresh-steininger-variety-2022-12er","status":"publish","type":"product","link":"https:\/\/www.weingut-steininger.at\/en\/online-vinothek\/weine\/fresh-steininger-variety-2022-12er\/","title":{"rendered":"Fresh Steininger Variety 2023 12er"},"content":{"rendered":"<p>Freshness from the year 2023!<\/p>\n<p>&nbsp;<\/p>\n<p>1 fl. Gr\u00fcner Veltliner Gr\u00fcnschnabel<br \/>\n1 fl. Gr\u00fcner Veltliner Typical<br \/>\n1 fl. Gr\u00fcner Veltliner Kamptal DAC<br \/>\n1 fl. Gr\u00fcner Veltliner Langenlois DAC<br \/>\n1 fl. Riesling Kamptal DAC<br \/>\n1 fl. Riesling Langenlois DAC<br \/>\n1 fl. Cabernet Sauvignon Ros\u00e9<br \/>\n1 fl. Zweigelt Ros\u00e9<br \/>\n1 fl. Merlot Ros\u00e9<br \/>\n1 fl. Sauvignon Blanc<br \/>\n1 fl. Muscatel<br \/>\n1 fl. Mixed set<\/p>\n<p>&nbsp;<\/p>\n<p>Regular price: \u20ac 107,80<\/p>\n<p>Package price: \u20ac 97,00<\/p>\n","protected":false},"excerpt":{"rendered":"<p>Freshness from the year 2023! &nbsp; 1 fl. Gr\u00fcner Veltliner Gr\u00fcnschnabel 1 fl. Gr\u00fcner Veltliner Typical 1 fl. Gr\u00fcner Veltliner Kamptal DAC 1 fl. Gr\u00fcner Veltliner Langenlois DAC 1 fl.&hellip;<\/p>\n","protected":false},"featured_media":24598,"template":"","meta":{"_acf_changed":false},"product_brand":[],"product_cat":[745],"product_tag":[],"class_list":{"0":"post-15559","1":"product","2":"type-product","3":"status-publish","4":"has-post-thumbnail","6":"product_cat-bundles","7":"description-off","9":"first","10":"instock","11":"sale","12":"taxable","13":"shipping-taxable","14":"purchasable","15":"product-type-simple"},"bundled_by":[],"bundle_stock_status":"instock","bundle_stock_quantity":null,"bundle_virtual":false,"bundle_layout":"","bundle_add_to_cart_form_location":"","bundle_editable_in_cart":false,"bundle_sold_individually_context":"","bundle_item_grouping":"","bundle_min_size":"","bundle_max_size":"","bundle_price":[],"bundled_items":[],"bundle_sell_ids":[],"acf":[],"_links":{"self":[{"href":"https:\/\/www.weingut-steininger.at\/en\/wp-json\/wp\/v2\/product\/15559","targetHints":{"allow":["GET"]}}],"collection":[{"href":"https:\/\/www.weingut-steininger.at\/en\/wp-json\/wp\/v2\/product"}],"about":[{"href":"https:\/\/www.weingut-steininger.at\/en\/wp-json\/wp\/v2\/types\/product"}],"version-history":[{"count":2,"href":"https:\/\/www.weingut-steininger.at\/en\/wp-json\/wp\/v2\/product\/15559\/revisions"}],"predecessor-version":[{"id":20711,"href":"https:\/\/www.weingut-steininger.at\/en\/wp-json\/wp\/v2\/product\/15559\/revisions\/20711"}],"wp:featuredmedia":[{"embeddable":true,"href":"https:\/\/www.weingut-steininger.at\/en\/wp-json\/wp\/v2\/media\/24598"}],"wp:attachment":[{"href":"https:\/\/www.weingut-steininger.at\/en\/wp-json\/wp\/v2\/media?parent=15559"}],"wp:term":[{"taxonomy":"product_brand","embeddable":true,"href":"https:\/\/www.weingut-steininger.at\/en\/wp-json\/wp\/v2\/product_brand?post=15559"},{"taxonomy":"product_cat","embeddable":true,"href":"https:\/\/www.weingut-steininger.at\/en\/wp-json\/wp\/v2\/product_cat?post=15559"},{"taxonomy":"product_tag","embeddable":true,"href":"https:\/\/www.weingut-steininger.at\/en\/wp-json\/wp\/v2\/product_tag?post=15559"}],"curies":[{"name":"wp","href":"https:\/\/api.w.org\/{rel}","templated":true}]}}