{"id":16227,"date":"2024-04-08T14:41:58","date_gmt":"2024-04-08T12:41:58","guid":{"rendered":"https:\/\/www.weingut-steininger.at\/?post_type=product&#038;p=16227"},"modified":"2025-01-15T12:55:14","modified_gmt":"2025-01-15T10:55:14","slug":"sektverschluss","status":"publish","type":"product","link":"https:\/\/www.weingut-steininger.at\/en\/online-vinothek\/weine\/sektverschluss\/","title":{"rendered":"Sektverschluss 1 St\u00fcck"},"content":{"rendered":"<p>Damit der Sekt l\u00e4nger frisch und vor allem sprudelig bleibt, gibt es den idealen Verschluss daf\u00fcr.<\/p>\n<p>Unser Sektverschluss passt auf alle herk\u00f6mmlichen Sektflaschen.<\/p>\n<p>Sollten Sie eine bestimmt Farbe bevorzugen, teilen Sie uns das gerne mit.<\/p>\n<p>Erh\u00e4ltliche Farben:<\/p>\n<p>Schwarz, Gr\u00fcn, orange, rot und durchsichtig<br \/>\nalle mit dem goldenem Steininger Logo<\/p>\n","protected":false},"excerpt":{"rendered":"<p>Damit der Sekt l\u00e4nger frisch und vor allem sprudelig bleibt, gibt es den idealen Verschluss daf\u00fcr. Unser Sektverschluss passt auf alle herk\u00f6mmlichen Sektflaschen. Sollten Sie eine bestimmt Farbe bevorzugen, teilen&hellip;<\/p>\n","protected":false},"featured_media":16229,"template":"","meta":{"_acf_changed":false},"product_brand":[],"product_cat":[742],"product_tag":[],"class_list":{"0":"post-16227","1":"product","2":"type-product","3":"status-publish","4":"has-post-thumbnail","6":"product_cat-sonstiges","7":"description-off","9":"first","10":"instock","11":"taxable","12":"shipping-taxable","13":"purchasable","14":"product-type-simple"},"bundled_by":[],"bundle_stock_status":"instock","bundle_stock_quantity":null,"bundle_virtual":false,"bundle_layout":"","bundle_add_to_cart_form_location":"","bundle_editable_in_cart":false,"bundle_sold_individually_context":"","bundle_item_grouping":"","bundle_min_size":"","bundle_max_size":"","bundle_price":[],"bundled_items":[],"bundle_sell_ids":[],"acf":[],"_links":{"self":[{"href":"https:\/\/www.weingut-steininger.at\/en\/wp-json\/wp\/v2\/product\/16227","targetHints":{"allow":["GET"]}}],"collection":[{"href":"https:\/\/www.weingut-steininger.at\/en\/wp-json\/wp\/v2\/product"}],"about":[{"href":"https:\/\/www.weingut-steininger.at\/en\/wp-json\/wp\/v2\/types\/product"}],"version-history":[{"count":4,"href":"https:\/\/www.weingut-steininger.at\/en\/wp-json\/wp\/v2\/product\/16227\/revisions"}],"predecessor-version":[{"id":21095,"href":"https:\/\/www.weingut-steininger.at\/en\/wp-json\/wp\/v2\/product\/16227\/revisions\/21095"}],"wp:featuredmedia":[{"embeddable":true,"href":"https:\/\/www.weingut-steininger.at\/en\/wp-json\/wp\/v2\/media\/16229"}],"wp:attachment":[{"href":"https:\/\/www.weingut-steininger.at\/en\/wp-json\/wp\/v2\/media?parent=16227"}],"wp:term":[{"taxonomy":"product_brand","embeddable":true,"href":"https:\/\/www.weingut-steininger.at\/en\/wp-json\/wp\/v2\/product_brand?post=16227"},{"taxonomy":"product_cat","embeddable":true,"href":"https:\/\/www.weingut-steininger.at\/en\/wp-json\/wp\/v2\/product_cat?post=16227"},{"taxonomy":"product_tag","embeddable":true,"href":"https:\/\/www.weingut-steininger.at\/en\/wp-json\/wp\/v2\/product_tag?post=16227"}],"curies":[{"name":"wp","href":"https:\/\/api.w.org\/{rel}","templated":true}]}}