{"id":1637,"date":"2014-11-07T15:17:28","date_gmt":"2014-11-07T13:17:28","guid":{"rendered":"https:\/\/www.weingut-steininger.at\/website\/?post_type=product&#038;p=1637"},"modified":"2025-01-15T12:56:49","modified_gmt":"2025-01-15T10:56:49","slug":"riesling-sekt-2017","status":"publish","type":"product","link":"https:\/\/www.weingut-steininger.at\/en\/online-vinothek\/weine\/riesling-sekt-2017\/","title":{"rendered":"Riesling Reserve Sekt 2017"},"content":{"rendered":"<p><b>2017 Riesling Reserve Sekt &#8211; Vinaria 2020<\/b><br \/>\nSch\u00f6ne Perlage; zu Beginn Stachelbeeren, Kriecherln, dann etwas gr\u00fcne Marillen, zunehmend Zitrusfr\u00fcchte, Rhabarber, knusprige S\u00e4ure; wirkt trockener als er ist, klar strukturiert, straff und elegant.<\/p>\n<p>&nbsp;<\/p>\n<p><strong>Wein Guide Weiss 2020<br \/>\n<\/strong>4\/5 Gl\u00e4ser<br \/>\nStrohgelb, kr\u00e4ftige Schaumbildung, hefige Nase nach Biskuit, Germteig und Kr\u00e4utertee, straffe Textur, mineralischer Kern, intensives Mousseaux, Kr\u00e4utertee mit Zitronenmajoran, knackig und erfrischend.<\/p>\n<p>&nbsp;<\/p>\n<p><strong>Falstaff 2020\/2021<\/strong><\/p>\n<p>93 Punkte<br \/>\nRiesling Sekt g.U. Brut Reserve 2017<\/p>\n<p>Helles gelbgr\u00fcn, Silberreflexe, feines Mousseux. Zart floral unterlegte Noten von reifer Ananas, frischer Pfirsich, ein Hauch von Maracuja. Komplex, saftig, feine gelbe Tropenfrucht, frischer S\u00e4urebogen, kompakt und anhaftend, Bl\u00fctenhonig im Finish, kraftvoller Stil.<\/p>\n","protected":false},"excerpt":{"rendered":"<p>Kurze Schaumbildung mit sehr feinen Perlen, goldgelb mit kr\u00e4ftigen Schlieren, getrocknete Apfelscheiben, Mirabellen; mundf\u00fcllendes Mousseux, elegante Frucht mit feinen Biskuitnoten, exzellente Balance.<\/p>\n<p>&nbsp;<\/p>\n<p>Preis auf Anfrage: office@weingut-steininger.at<\/p>\n","protected":false},"featured_media":8465,"template":"","meta":{"_acf_changed":false},"product_brand":[],"product_cat":[729,362,303],"product_tag":[],"class_list":{"0":"post-1637","1":"product","2":"type-product","3":"status-publish","4":"has-post-thumbnail","6":"product_cat-altweinkeller","7":"product_cat-gereifte-sekte","8":"product_cat-gereifte-weine-sekte","9":"product_shipping_class-allgemein","10":"pa_alkohol-119","11":"pa_gebinde-075-l","12":"pa_rebsorte-riesling","13":"pa_restzucker-60-g-l","14":"pa_saeure-121","15":"description-off","17":"first","18":"instock","19":"taxable","20":"shipping-taxable","21":"product-type-simple"},"bundled_by":[],"bundle_stock_status":"instock","bundle_stock_quantity":null,"bundle_virtual":false,"bundle_layout":"","bundle_add_to_cart_form_location":"","bundle_editable_in_cart":false,"bundle_sold_individually_context":"","bundle_item_grouping":"","bundle_min_size":"","bundle_max_size":"","bundle_price":[],"bundled_items":[],"bundle_sell_ids":[],"acf":[],"_links":{"self":[{"href":"https:\/\/www.weingut-steininger.at\/en\/wp-json\/wp\/v2\/product\/1637","targetHints":{"allow":["GET"]}}],"collection":[{"href":"https:\/\/www.weingut-steininger.at\/en\/wp-json\/wp\/v2\/product"}],"about":[{"href":"https:\/\/www.weingut-steininger.at\/en\/wp-json\/wp\/v2\/types\/product"}],"version-history":[{"count":2,"href":"https:\/\/www.weingut-steininger.at\/en\/wp-json\/wp\/v2\/product\/1637\/revisions"}],"predecessor-version":[{"id":17768,"href":"https:\/\/www.weingut-steininger.at\/en\/wp-json\/wp\/v2\/product\/1637\/revisions\/17768"}],"wp:featuredmedia":[{"embeddable":true,"href":"https:\/\/www.weingut-steininger.at\/en\/wp-json\/wp\/v2\/media\/8465"}],"wp:attachment":[{"href":"https:\/\/www.weingut-steininger.at\/en\/wp-json\/wp\/v2\/media?parent=1637"}],"wp:term":[{"taxonomy":"product_brand","embeddable":true,"href":"https:\/\/www.weingut-steininger.at\/en\/wp-json\/wp\/v2\/product_brand?post=1637"},{"taxonomy":"product_cat","embeddable":true,"href":"https:\/\/www.weingut-steininger.at\/en\/wp-json\/wp\/v2\/product_cat?post=1637"},{"taxonomy":"product_tag","embeddable":true,"href":"https:\/\/www.weingut-steininger.at\/en\/wp-json\/wp\/v2\/product_tag?post=1637"}],"curies":[{"name":"wp","href":"https:\/\/api.w.org\/{rel}","templated":true}]}}