{"id":1658,"date":"2014-11-07T18:12:09","date_gmt":"2014-11-07T16:12:09","guid":{"rendered":"https:\/\/www.weingut-steininger.at\/website\/?post_type=product&#038;p=1658"},"modified":"2025-01-15T12:56:48","modified_gmt":"2025-01-15T10:56:48","slug":"muskateller-sekt-2017","status":"publish","type":"product","link":"https:\/\/www.weingut-steininger.at\/en\/online-vinothek\/weine\/muskateller-sekt-2017\/","title":{"rendered":"Muskateller Sekt 2018"},"content":{"rendered":"<p><strong>VINARIA WEINGUIDE 2019\/2020<\/strong><\/p>\n<p>Ausgewogener Mix aus Holunder, Rosenholz, Melisse und die pure Muskattraube; saftig, trinkanimierend.<\/p>\n<p>&nbsp;<\/p>\n<p><strong>Wein Guide Weiss 2020<br \/>\n<\/strong>4\/5 Gl\u00e4ser<br \/>\nStrohgelb, kompakte Schaumbildung, intensiver Muskatduft, Weingartenpfirsich und Holunderbl\u00fcten, feinperliges Mousseaux, Bitterorangen und Haferkekse, ziemlich trocken mit ziselierter S\u00e4ure, feinherbes Finish.<\/p>\n<p>&nbsp;<\/p>\n<p><b>2018 Muskateller Sekt &#8211; Vinaria 2020<\/b><br \/>\nZart perlend; prononcierte Muskatnase, Hollerbusch, Pfingstrosen, eine Prise W\u00fcrztabak; versteckt sich auch am Gaumen nicht, burschikos, expressive Bilderbuchfrucht; herzhaft, keck und sehr sortentypisch.<\/p>\n<p>&nbsp;<\/p>\n<p><strong>Falstaff 2020\/2021<\/strong><\/p>\n<p>91 Punkte<br \/>\nGelber Muskateller Brut 2018<\/p>\n<p>Helles gelbgr\u00fcn, Silberreflexe, feines Mousseux. Mit einem zarten Hauch von Muskatnuss unterlegte wei\u00dfe Tropenfrucht, Nuancen von Litschis und Limetten. Saftig, feiner Honigtouch, frisch strukturiert, reife Pfirsichfrucht im Abgang, mineralischer Nachhall.<\/p>\n<p><img fetchpriority=\"high\" decoding=\"async\" class=\"alignnone size-medium wp-image-7371\" src=\"https:\/\/www.weingut-steininger.at\/wp-content\/uploads\/2020-Trophy-hint-of-spice-300x300.png\" alt=\"\" width=\"300\" height=\"300\" srcset=\"https:\/\/www.weingut-steininger.at\/wp-content\/uploads\/2020-Trophy-hint-of-spice-300x300.png 300w, https:\/\/www.weingut-steininger.at\/wp-content\/uploads\/2020-Trophy-hint-of-spice-200x200.png 200w, https:\/\/www.weingut-steininger.at\/wp-content\/uploads\/2020-Trophy-hint-of-spice-768x768.png 768w, https:\/\/www.weingut-steininger.at\/wp-content\/uploads\/2020-Trophy-hint-of-spice-66x66.png 66w, https:\/\/www.weingut-steininger.at\/wp-content\/uploads\/2020-Trophy-hint-of-spice-400x400.png 400w, https:\/\/www.weingut-steininger.at\/wp-content\/uploads\/2020-Trophy-hint-of-spice-600x600.png 600w, https:\/\/www.weingut-steininger.at\/wp-content\/uploads\/2020-Trophy-hint-of-spice-800x800.png 800w, https:\/\/www.weingut-steininger.at\/wp-content\/uploads\/2020-Trophy-hint-of-spice-500x500.png 500w, https:\/\/www.weingut-steininger.at\/wp-content\/uploads\/2020-Trophy-hint-of-spice-700x700.png 700w, https:\/\/www.weingut-steininger.at\/wp-content\/uploads\/2020-Trophy-hint-of-spice-100x100.png 100w, https:\/\/www.weingut-steininger.at\/wp-content\/uploads\/2020-Trophy-hint-of-spice.png 945w\" sizes=\"(max-width: 300px) 100vw, 300px\" \/><\/p>\n<p><strong>Glass of Bubbly 2020 Awards<\/strong><\/p>\n<p>Hint of Spice &#8211; winner of this category<\/p>\n<p><a href=\"https:\/\/www.weingut-steininger.at\/wp-content\/uploads\/2020-Trophy-hint-of-spice.pdf\">2020 Trophy hint of spice<\/a><\/p>\n<p>&nbsp;<\/p>\n<p><strong>Vinaria 2023\/24<\/strong><\/p>\n<p>3 Sterne<br \/>\nSuggestive Frucht, Hollerkonzentrat, Muskatn\u00fcsse, ein bisschen Moschus; auch im weiteren Verlauf \u00fcberm\u00fctig, aber nie aufdringlich; spritzig, mit lebhaftem Kern und feiner L\u00e4nge.<\/p>\n","protected":false},"excerpt":{"rendered":"<p>Wie frische Muskatellertrauben mit zarten Ankl\u00e4ngen von Holunderbl\u00fcten.<\/p>\n<p>Durchgehend balanciert, fein ziselierte S\u00e4ure, stimmig und ungemein harmonisch mit Fruchtschmelz. Vibrierend am Gaumen, trotzdem schlank mit viel Schwung, untermalt mit feiner Perlage.<\/p>\n<p><strong>Tipp: Unschlagbar als<\/strong> <strong>Aperitif!<\/strong><\/p>\n<ul>\n<li>Guter Speisebegleiter zu: Vorspeisen (Gem\u00fcse, Salat)<\/li>\n<li>Asiatischer K\u00fcche<\/li>\n<\/ul>\n<p>&nbsp;<\/p>\n","protected":false},"featured_media":3520,"template":"","meta":{"_acf_changed":false},"product_brand":[],"product_cat":[729,362,303],"product_tag":[],"class_list":{"0":"post-1658","1":"product","2":"type-product","3":"status-publish","4":"has-post-thumbnail","6":"product_cat-altweinkeller","7":"product_cat-gereifte-sekte","8":"product_cat-gereifte-weine-sekte","9":"product_shipping_class-allgemein","10":"pa_alkohol-119","11":"pa_gebinde-075-l","12":"pa_rebsorte-muskateller","13":"pa_restzucker-5-gl","14":"pa_saeure-121","15":"description-off","17":"first","18":"outofstock","19":"taxable","20":"shipping-taxable","21":"product-type-simple"},"bundled_by":[],"bundle_stock_status":"outofstock","bundle_stock_quantity":null,"bundle_virtual":false,"bundle_layout":"","bundle_add_to_cart_form_location":"","bundle_editable_in_cart":false,"bundle_sold_individually_context":"","bundle_item_grouping":"","bundle_min_size":"","bundle_max_size":"","bundle_price":[],"bundled_items":[],"bundle_sell_ids":[],"acf":[],"_links":{"self":[{"href":"https:\/\/www.weingut-steininger.at\/en\/wp-json\/wp\/v2\/product\/1658","targetHints":{"allow":["GET"]}}],"collection":[{"href":"https:\/\/www.weingut-steininger.at\/en\/wp-json\/wp\/v2\/product"}],"about":[{"href":"https:\/\/www.weingut-steininger.at\/en\/wp-json\/wp\/v2\/types\/product"}],"version-history":[{"count":2,"href":"https:\/\/www.weingut-steininger.at\/en\/wp-json\/wp\/v2\/product\/1658\/revisions"}],"predecessor-version":[{"id":17770,"href":"https:\/\/www.weingut-steininger.at\/en\/wp-json\/wp\/v2\/product\/1658\/revisions\/17770"}],"wp:featuredmedia":[{"embeddable":true,"href":"https:\/\/www.weingut-steininger.at\/en\/wp-json\/wp\/v2\/media\/3520"}],"wp:attachment":[{"href":"https:\/\/www.weingut-steininger.at\/en\/wp-json\/wp\/v2\/media?parent=1658"}],"wp:term":[{"taxonomy":"product_brand","embeddable":true,"href":"https:\/\/www.weingut-steininger.at\/en\/wp-json\/wp\/v2\/product_brand?post=1658"},{"taxonomy":"product_cat","embeddable":true,"href":"https:\/\/www.weingut-steininger.at\/en\/wp-json\/wp\/v2\/product_cat?post=1658"},{"taxonomy":"product_tag","embeddable":true,"href":"https:\/\/www.weingut-steininger.at\/en\/wp-json\/wp\/v2\/product_tag?post=1658"}],"curies":[{"name":"wp","href":"https:\/\/api.w.org\/{rel}","templated":true}]}}