{"id":1659,"date":"2014-11-11T09:08:47","date_gmt":"2014-11-11T07:08:47","guid":{"rendered":"https:\/\/www.weingut-steininger.at\/website\/?post_type=product&#038;p=1659"},"modified":"2025-01-15T12:56:48","modified_gmt":"2025-01-15T10:56:48","slug":"burgunder-sekt-2015","status":"publish","type":"product","link":"https:\/\/www.weingut-steininger.at\/en\/online-vinothek\/weine\/burgunder-sekt-2015\/","title":{"rendered":"Burgunder Reserve Sekt  2015"},"content":{"rendered":"<p><strong>Fallstaff 2017\/18<br \/>\n93 Punkte<\/strong><\/p>\n<p>Helles gr\u00fcngelb, Silberreflexe, feines Mousseux. Feine gelbe Tropenfrucht, ein Hauch von Bl\u00fctenhonig, kandierte Orangenzesten, facettenreiches Bukett. Saftig, elegant, ausgewogene Textur, feine Fruchts\u00fc\u00dfe, bleibt gut haften, ein vielseitiger Speisenbegleiter.<\/p>\n<p><strong>Salon 2016<\/strong><\/p>\n<p>&nbsp;<\/p>\n","protected":false},"excerpt":{"rendered":"<p>Bei unserem Burgunder Cuv\u00e9e wird ein Drittel Chardonnay im kleinen Holzfass mit biologischem<br \/>\nS\u00e4ureabbau ausgebaut. Ein Drittel Wei\u00dfburgunder fruchtig im Stahltank und ein Drittel Pinot Noir wei\u00dfgepresst im kleinen&nbsp;Holz gelagert. Neben dem Sortenverh\u00e4ltnis und dem Ausbaustil verleiht die l\u00e4ngere Lagerung auf der Hefe diesem Sekt die Feinheit,&nbsp;Cremigkeit und Noblesse. Am Gaumen sch\u00f6n trocken, vielschichtig und cremig. Wir w\u00fcnschen viel Genuss mit unserem Sekt!<\/p>\n<p><strong>Guter Speisebegleiter zu:<\/strong><br \/>\n* Lobster in Burgunder Sekt Sauce<br \/>\n* gebeiztem Lachs<br \/>\n* Kalbsbraten<br \/>\n* Wiener Schnitzel<\/p>\n<p>&nbsp;<\/p>\n","protected":false},"featured_media":8513,"template":"","meta":{"_acf_changed":false},"product_brand":[],"product_cat":[729,362,303],"product_tag":[],"class_list":{"0":"post-1659","1":"product","2":"type-product","3":"status-publish","4":"has-post-thumbnail","6":"product_cat-altweinkeller","7":"product_cat-gereifte-sekte","8":"product_cat-gereifte-weine-sekte","9":"product_shipping_class-allgemein","10":"pa_alkohol-119","11":"pa_gebinde-075-l","12":"pa_rebsorte-chardonnay","13":"pa_rebsorte-pinotnoir","14":"pa_rebsorte-weissburgunder","15":"pa_restzucker-5-gl","16":"pa_saeure-5-o","17":"description-off","19":"first","20":"outofstock","21":"taxable","22":"shipping-taxable","23":"product-type-simple"},"bundled_by":[],"bundle_stock_status":"outofstock","bundle_stock_quantity":null,"bundle_virtual":false,"bundle_layout":"","bundle_add_to_cart_form_location":"","bundle_editable_in_cart":false,"bundle_sold_individually_context":"","bundle_item_grouping":"","bundle_min_size":"","bundle_max_size":"","bundle_price":[],"bundled_items":[],"bundle_sell_ids":[],"acf":[],"_links":{"self":[{"href":"https:\/\/www.weingut-steininger.at\/en\/wp-json\/wp\/v2\/product\/1659","targetHints":{"allow":["GET"]}}],"collection":[{"href":"https:\/\/www.weingut-steininger.at\/en\/wp-json\/wp\/v2\/product"}],"about":[{"href":"https:\/\/www.weingut-steininger.at\/en\/wp-json\/wp\/v2\/types\/product"}],"version-history":[{"count":2,"href":"https:\/\/www.weingut-steininger.at\/en\/wp-json\/wp\/v2\/product\/1659\/revisions"}],"predecessor-version":[{"id":17772,"href":"https:\/\/www.weingut-steininger.at\/en\/wp-json\/wp\/v2\/product\/1659\/revisions\/17772"}],"wp:featuredmedia":[{"embeddable":true,"href":"https:\/\/www.weingut-steininger.at\/en\/wp-json\/wp\/v2\/media\/8513"}],"wp:attachment":[{"href":"https:\/\/www.weingut-steininger.at\/en\/wp-json\/wp\/v2\/media?parent=1659"}],"wp:term":[{"taxonomy":"product_brand","embeddable":true,"href":"https:\/\/www.weingut-steininger.at\/en\/wp-json\/wp\/v2\/product_brand?post=1659"},{"taxonomy":"product_cat","embeddable":true,"href":"https:\/\/www.weingut-steininger.at\/en\/wp-json\/wp\/v2\/product_cat?post=1659"},{"taxonomy":"product_tag","embeddable":true,"href":"https:\/\/www.weingut-steininger.at\/en\/wp-json\/wp\/v2\/product_tag?post=1659"}],"curies":[{"name":"wp","href":"https:\/\/api.w.org\/{rel}","templated":true}]}}