{"id":21692,"date":"2025-02-27T17:02:39","date_gmt":"2025-02-27T15:02:39","guid":{"rendered":"https:\/\/www.weingut-steininger.at\/?post_type=product&#038;p=21692"},"modified":"2025-12-23T15:15:06","modified_gmt":"2025-12-23T13:15:06","slug":"gruener-veltliner-langenlois-kamptal-dac-2024","status":"publish","type":"product","link":"https:\/\/www.weingut-steininger.at\/en\/online-vinothek\/weine\/gruener-veltliner-langenlois-kamptal-dac-2024\/","title":{"rendered":"Gr\u00fcner Veltliner Langenlois Kamptal DAC 2024"},"content":{"rendered":"","protected":false},"excerpt":{"rendered":"<p><strong>Weinbeschreibung<br \/>\n<\/strong>Frischer, leicht rauchiger Einstieg mit Noten von gr\u00fcner Ananas, etwas Banane und einem Hauch gr\u00fcnem Pfeffer. Am Gaumen saftig, mit lebendiger S\u00e4ure und feiner<br \/>\nZitrusw\u00fcrze, ab der Mitte Ankl\u00e4nge von Zitronat. Ein jugendlicher, springlebendiger Veltliner mit klarer Linie und animierendem Trinkfluss.<\/p>\n<p>&nbsp;<\/p>\n<p><strong>Speisenbegleitung<br \/>\n<\/strong>Ein animierender Begleiter zu frischen Fr\u00fchlingsgerichten wie Spargel mit Zitronenbutter oder jungem Frischk\u00e4se mit Kr\u00e4utern. Auch sehr stimmig zu leichten Fisch- oder Gefl\u00fcgelgerichten, etwa mit Erbsen, Zucchini oder Fenchel. Die lebendige S\u00e4urestruktur bringt Frische an den Tisch und unterstreicht feine Gem\u00fcsearomen.<\/p>\n<p>&nbsp;<\/p>\n<p><a href=\"https:\/\/www.vinofact.com\/2\/f\/2024_gruner-veltliner-langenlois-kamptal-dac1\/weingut-steininger_website\" target=\"_blank\" rel=\"noopener\">Datenblatt<\/a><\/p>\n<p><a href=\"https:\/\/elabel.weingut-steininger.at\/\/B4295781_GVLL24I_0,75.html\" target=\"_blank\" rel=\"noopener\">N\u00e4hrwertangabe<\/a><\/p>\n<p>&nbsp;<\/p>\n","protected":false},"featured_media":24099,"template":"","meta":{"_acf_changed":false},"product_brand":[],"product_cat":[178],"product_tag":[],"class_list":{"0":"post-21692","1":"product","2":"type-product","3":"status-publish","4":"has-post-thumbnail","6":"product_cat-wein","7":"product_shipping_class-allgemein","8":"pa_alkohol-125-vol","9":"pa_gebinde-075-l","10":"pa_jahrgang-903","11":"pa_rebsorte-gv","12":"pa_restzucker-34-g-l","13":"pa_saeure-53-gl","14":"description-off","16":"first","17":"instock","18":"taxable","19":"shipping-taxable","20":"purchasable","21":"product-type-simple"},"bundled_by":[],"bundle_stock_status":"instock","bundle_stock_quantity":null,"bundle_virtual":false,"bundle_layout":"","bundle_add_to_cart_form_location":"","bundle_editable_in_cart":false,"bundle_sold_individually_context":"","bundle_item_grouping":"","bundle_min_size":"","bundle_max_size":"","bundle_price":[],"bundled_items":[],"bundle_sell_ids":[],"acf":[],"_links":{"self":[{"href":"https:\/\/www.weingut-steininger.at\/en\/wp-json\/wp\/v2\/product\/21692","targetHints":{"allow":["GET"]}}],"collection":[{"href":"https:\/\/www.weingut-steininger.at\/en\/wp-json\/wp\/v2\/product"}],"about":[{"href":"https:\/\/www.weingut-steininger.at\/en\/wp-json\/wp\/v2\/types\/product"}],"version-history":[{"count":7,"href":"https:\/\/www.weingut-steininger.at\/en\/wp-json\/wp\/v2\/product\/21692\/revisions"}],"predecessor-version":[{"id":24101,"href":"https:\/\/www.weingut-steininger.at\/en\/wp-json\/wp\/v2\/product\/21692\/revisions\/24101"}],"wp:featuredmedia":[{"embeddable":true,"href":"https:\/\/www.weingut-steininger.at\/en\/wp-json\/wp\/v2\/media\/24099"}],"wp:attachment":[{"href":"https:\/\/www.weingut-steininger.at\/en\/wp-json\/wp\/v2\/media?parent=21692"}],"wp:term":[{"taxonomy":"product_brand","embeddable":true,"href":"https:\/\/www.weingut-steininger.at\/en\/wp-json\/wp\/v2\/product_brand?post=21692"},{"taxonomy":"product_cat","embeddable":true,"href":"https:\/\/www.weingut-steininger.at\/en\/wp-json\/wp\/v2\/product_cat?post=21692"},{"taxonomy":"product_tag","embeddable":true,"href":"https:\/\/www.weingut-steininger.at\/en\/wp-json\/wp\/v2\/product_tag?post=21692"}],"curies":[{"name":"wp","href":"https:\/\/api.w.org\/{rel}","templated":true}]}}