{"id":22006,"date":"2025-04-01T15:36:19","date_gmt":"2025-04-01T13:36:19","guid":{"rendered":"https:\/\/www.weingut-steininger.at\/?post_type=product&#038;p=22006"},"modified":"2026-03-24T16:28:35","modified_gmt":"2026-03-24T14:28:35","slug":"traminer-reserve-sekt-2022","status":"publish","type":"product","link":"https:\/\/www.weingut-steininger.at\/en\/online-vinothek\/weine\/traminer-reserve-sekt-2022\/","title":{"rendered":"Traminer Reserve Sekt 2022"},"content":{"rendered":"","protected":false},"excerpt":{"rendered":"<p><strong>Weinbeschreibung<br \/>\n<\/strong>Verf\u00fchrerisches Bukett mit Noten von gelben Rosen, Lindenbl\u00fcten, Rosenholz und einem Hauch Litschi und Mandarine. Dazu feine Akzente roter Beeren, Teerosen und ein Hauch Ingwer. Am Gaumen gleitet der Sekt cremig und sanft prickelnd dahin, mit mundf\u00fcllendem Schmelz, feiner Extrakts\u00fc\u00dfe und viel Grazie. Die Sorte ist klar und pr\u00e4zise herausgearbeitet \u2013 ein Sekt mit Noblesse und Ausdruck.<\/p>\n<p><strong>Speisenbegleitung<br \/>\n<\/strong>Ein feiner Begleiter zu Fisch- und Gefl\u00fcgelgerichten sowie cremigen Suppen. Auch zur orientalischen K\u00fcche und Speisen mit w\u00fcrzigen Saucen zeigt er sich ausgewogen, tragf\u00e4hig und stets harmonisch am Tisch.<\/p>\n<p><a href=\"https:\/\/www.vinofact.com\/2\/f\/2022_traminer-reserve-sekt\/weingut-steininger_datenblatter\" target=\"_blank\" rel=\"noopener\">Datenblatt<\/a><\/p>\n","protected":false},"featured_media":24684,"template":"","meta":{"_acf_changed":false},"product_brand":[],"product_cat":[181],"product_tag":[],"class_list":{"0":"post-22006","1":"product","2":"type-product","3":"status-publish","4":"has-post-thumbnail","6":"product_cat-sekt","7":"product_shipping_class-allgemein","8":"pa_alkohol-130-3","9":"pa_gebinde-075-l","10":"pa_jahrgang-684","11":"pa_rebsorte-traminer","12":"pa_restzucker-63-g-l","13":"pa_saeure-53-gl","14":"description-off","16":"first","17":"instock","18":"taxable","19":"shipping-taxable","20":"purchasable","21":"product-type-simple"},"bundled_by":[],"bundle_stock_status":"instock","bundle_stock_quantity":null,"bundle_virtual":false,"bundle_layout":"","bundle_add_to_cart_form_location":"","bundle_editable_in_cart":false,"bundle_sold_individually_context":"","bundle_item_grouping":"","bundle_min_size":"","bundle_max_size":"","bundle_price":[],"bundled_items":[],"bundle_sell_ids":[],"acf":[],"_links":{"self":[{"href":"https:\/\/www.weingut-steininger.at\/en\/wp-json\/wp\/v2\/product\/22006","targetHints":{"allow":["GET"]}}],"collection":[{"href":"https:\/\/www.weingut-steininger.at\/en\/wp-json\/wp\/v2\/product"}],"about":[{"href":"https:\/\/www.weingut-steininger.at\/en\/wp-json\/wp\/v2\/types\/product"}],"version-history":[{"count":2,"href":"https:\/\/www.weingut-steininger.at\/en\/wp-json\/wp\/v2\/product\/22006\/revisions"}],"predecessor-version":[{"id":24686,"href":"https:\/\/www.weingut-steininger.at\/en\/wp-json\/wp\/v2\/product\/22006\/revisions\/24686"}],"wp:featuredmedia":[{"embeddable":true,"href":"https:\/\/www.weingut-steininger.at\/en\/wp-json\/wp\/v2\/media\/24684"}],"wp:attachment":[{"href":"https:\/\/www.weingut-steininger.at\/en\/wp-json\/wp\/v2\/media?parent=22006"}],"wp:term":[{"taxonomy":"product_brand","embeddable":true,"href":"https:\/\/www.weingut-steininger.at\/en\/wp-json\/wp\/v2\/product_brand?post=22006"},{"taxonomy":"product_cat","embeddable":true,"href":"https:\/\/www.weingut-steininger.at\/en\/wp-json\/wp\/v2\/product_cat?post=22006"},{"taxonomy":"product_tag","embeddable":true,"href":"https:\/\/www.weingut-steininger.at\/en\/wp-json\/wp\/v2\/product_tag?post=22006"}],"curies":[{"name":"wp","href":"https:\/\/api.w.org\/{rel}","templated":true}]}}