{"id":22270,"date":"2025-05-27T15:17:00","date_gmt":"2025-05-27T13:17:00","guid":{"rendered":"https:\/\/www.weingut-steininger.at\/?post_type=product&#038;p=22270"},"modified":"2026-02-11T16:58:46","modified_gmt":"2026-02-11T14:58:46","slug":"alegria-rose","status":"publish","type":"product","link":"https:\/\/www.weingut-steininger.at\/en\/online-vinothek\/weine\/alegria-rose\/","title":{"rendered":"Alegria Ros\u00e9 &#8211; 0,5 lt."},"content":{"rendered":"","protected":false},"excerpt":{"rendered":"<p><strong>Alegria Ros\u00e9 \u2013 Freude im Glas <\/strong><\/p>\n<p><em>Ein \u00f6sterreichischer fortified wine Wein mit portugiesischem Einfluss<\/em><\/p>\n<p>Alegria bedeutet Freude \u2013 und genau diese Leichtigkeit und Eleganz spiegeln sich in diesem besonderen Zweigelt Ros\u00e9 wieder. Mit seiner fruchtigen Art und seiner angenehmen Trinkfreunde l\u00e4dt er zum Genie\u00dfen ein.<\/p>\n<p><strong>Aromen<\/strong><\/p>\n<p>Dieser Wein \u00fcberzeugt durch sein ausgewogenes Aromenspiel. In der Nase entfalten sich feine Noten von roten Beeren wie Erdbeeren und Himbeeren. Am Gaumen zeigt er eine angenehme S\u00fc\u00dfe, die durch eine dezente W\u00fcrze und eine leichte S\u00e4ure ausbalanciert wird. Der lange Abgang rundet das Geschmackserlebnis ab.<\/p>\n<p><strong>Herstellung &amp; Charakter<\/strong><\/p>\n<p>Alegria Ros\u00e9 ist ein fortified wine, der nach der Portweinmethode hergestellt wird \u2013 kombiniert mit den traditionellen Rebsorten \u00d6sterreichs, hier dem Zweigelt. Mit 16 Vol.-% Alkohol bietet er ein kr\u00e4ftiges, aber dennoch harmonisches Geschmacksbild. Seine Aromen von roten Beeren und feiner W\u00fcrze werden durch eine sanfte S\u00fc\u00dfe und eine erfrischende S\u00e4ure ausbalanciert.<\/p>\n<p>Da \u201ePortwein\u201c eine gesch\u00fctzte Herkunftsbezeichnung f\u00fcr Portugal ist, tr\u00e4gt Alegria Ros\u00e9 diesen Namen nicht, folgt aber derselben bew\u00e4hrten Herstellungsmethode.<\/p>\n<p><strong>Genussmomente<\/strong><\/p>\n<p>Dieser Wein ist ein unkomplizierter Begleiter mit Charakter \u2013 perfekt f\u00fcr gem\u00fctliche Abende oder besondere Momente. Besonders gut entfaltet Alegria Ros\u00e9 sein Aroma als Aperitif auf Eis oder als Kombination mit Tonic.<\/p>\n<p><strong>Herkunft &amp; Leidenschaft<\/strong><\/p>\n<p>Hergestellt von Jo\u00e3o und Lisa Steininger-Fonseca, vereint Alegria Ros\u00e9 portugiesische Tradition mit \u00f6sterreichischer Handwerkskunst. Beide sind gelernte Winzer, wobei Jo\u00e3o, urspr\u00fcnglich aus Portugal, und Lisa aus \u00d6sterreich-Langenlois haben mit diesem Wein ein St\u00fcck portugiesische Weinkultur nach \u00d6sterreich gebracht.<\/p>\n<p>Ein Prost auf die Verbindung zweier Kulturen!<\/p>\n<p>&nbsp;<\/p>\n<p><a href=\"https:\/\/www.vinofact.com\/2\/f\/2025_alegria-rose\/weingut-steininger_datenblatter\" target=\"_blank\" rel=\"noopener\">Datenblatt<\/a><\/p>\n","protected":false},"featured_media":24337,"template":"","meta":{"_acf_changed":false},"product_brand":[],"product_cat":[369],"product_tag":[],"class_list":{"0":"post-22270","1":"product","2":"type-product","3":"status-publish","4":"has-post-thumbnail","6":"product_cat-kraftvoll","7":"description-off","9":"first","10":"instock","11":"taxable","12":"shipping-taxable","13":"purchasable","14":"product-type-simple"},"bundled_by":[],"bundle_stock_status":"instock","bundle_stock_quantity":null,"bundle_virtual":false,"bundle_layout":"","bundle_add_to_cart_form_location":"","bundle_editable_in_cart":false,"bundle_sold_individually_context":"","bundle_item_grouping":"","bundle_min_size":"","bundle_max_size":"","bundle_price":[],"bundled_items":[],"bundle_sell_ids":[],"acf":[],"_links":{"self":[{"href":"https:\/\/www.weingut-steininger.at\/en\/wp-json\/wp\/v2\/product\/22270","targetHints":{"allow":["GET"]}}],"collection":[{"href":"https:\/\/www.weingut-steininger.at\/en\/wp-json\/wp\/v2\/product"}],"about":[{"href":"https:\/\/www.weingut-steininger.at\/en\/wp-json\/wp\/v2\/types\/product"}],"version-history":[{"count":4,"href":"https:\/\/www.weingut-steininger.at\/en\/wp-json\/wp\/v2\/product\/22270\/revisions"}],"predecessor-version":[{"id":24336,"href":"https:\/\/www.weingut-steininger.at\/en\/wp-json\/wp\/v2\/product\/22270\/revisions\/24336"}],"wp:featuredmedia":[{"embeddable":true,"href":"https:\/\/www.weingut-steininger.at\/en\/wp-json\/wp\/v2\/media\/24337"}],"wp:attachment":[{"href":"https:\/\/www.weingut-steininger.at\/en\/wp-json\/wp\/v2\/media?parent=22270"}],"wp:term":[{"taxonomy":"product_brand","embeddable":true,"href":"https:\/\/www.weingut-steininger.at\/en\/wp-json\/wp\/v2\/product_brand?post=22270"},{"taxonomy":"product_cat","embeddable":true,"href":"https:\/\/www.weingut-steininger.at\/en\/wp-json\/wp\/v2\/product_cat?post=22270"},{"taxonomy":"product_tag","embeddable":true,"href":"https:\/\/www.weingut-steininger.at\/en\/wp-json\/wp\/v2\/product_tag?post=22270"}],"curies":[{"name":"wp","href":"https:\/\/api.w.org\/{rel}","templated":true}]}}