{"id":24090,"date":"2025-12-23T09:10:39","date_gmt":"2025-12-23T07:10:39","guid":{"rendered":"https:\/\/www.weingut-steininger.at\/?post_type=product&#038;p=24090"},"modified":"2026-04-23T09:04:52","modified_gmt":"2026-04-23T07:04:52","slug":"gemischter-satz-2025","status":"publish","type":"product","link":"https:\/\/www.weingut-steininger.at\/en\/online-vinothek\/weine\/gemischter-satz-2025\/","title":{"rendered":"Gemischter Satz 2025"},"content":{"rendered":"","protected":false},"excerpt":{"rendered":"<p><strong>Philosophie<\/strong><br \/>\nDie drei typischen Kamptaler Rebsorten (Gr\u00fcner Veltliner, Riesling und Wei\u00dfburgunder) werden gemeinsam gelesen und von Beginn an zusammen vinifiziert. So entsteht ein Wein, in dem sich ihre Charaktere nicht addieren, sondern harmonisch vereinen und als geschlossenes Ganzes Ausdruck finden.<\/p>\n<p>&nbsp;<\/p>\n<p><strong>Weinbeschreibung<\/strong><br \/>\nIn der Nase zeigen sich Aromen von wei\u00dfen Ribiseln, gr\u00fcnem Apfel und Limone, die dem Wein Frische und Klarheit verleihen. Am Gaumen wirkt er t\u00e4nzelnd und fruchtbetont, facettenreich und lebendig, getragen von einer animierenden S\u00e4ure mit feinem Grip und anhaltender Spannung.<\/p>\n<p>&nbsp;<\/p>\n<p><strong>Speisenbegleitung<\/strong><br \/>\nIdeal zur klassischen Jause mit feinen Aufschnitten und milden bis mittelkr\u00e4ftigen K\u00e4sesorten. Ebenso stimmig begleitet der Wein knuspriges Backhendl, dessen W\u00fcrze durch die frische S\u00e4ure und die klare Frucht elegant erg\u00e4nzt und belebt wird.<\/p>\n<p>&nbsp;<\/p>\n<p><a href=\"https:\/\/www.vinofact.com\/2\/f\/2025_gemischter-satz1\/weingut-steininger_website\" target=\"_blank\" rel=\"noopener\">Datenblatt<\/a><\/p>\n<p><a href=\"https:\/\/elabel.weingut-steininger.at\/\/B4295781_GemSatz25I_0,75.html\" target=\"_blank\" rel=\"noopener\">N\u00e4hrwertangabe<\/a><\/p>\n","protected":false},"featured_media":24911,"template":"","meta":{"_acf_changed":false},"product_brand":[],"product_cat":[178],"product_tag":[],"class_list":{"0":"post-24090","1":"product","2":"type-product","3":"status-publish","4":"has-post-thumbnail","6":"product_cat-wein","7":"pa_alkohol-125-vol","8":"pa_gebinde-075-l","9":"pa_jahrgang-1023","10":"pa_rebsorte-gv","11":"pa_rebsorte-riesling","12":"pa_rebsorte-weissburgunder","13":"pa_restzucker-42-g-l","14":"pa_saeure-56-g-l","15":"description-off","17":"first","18":"instock","19":"taxable","20":"shipping-taxable","21":"purchasable","22":"product-type-simple"},"bundled_by":["9693"],"bundle_stock_status":"instock","bundle_stock_quantity":null,"bundle_virtual":false,"bundle_layout":"","bundle_add_to_cart_form_location":"","bundle_editable_in_cart":false,"bundle_sold_individually_context":"","bundle_item_grouping":"","bundle_min_size":"","bundle_max_size":"","bundle_price":[],"bundled_items":[],"bundle_sell_ids":[],"acf":[],"_links":{"self":[{"href":"https:\/\/www.weingut-steininger.at\/en\/wp-json\/wp\/v2\/product\/24090","targetHints":{"allow":["GET"]}}],"collection":[{"href":"https:\/\/www.weingut-steininger.at\/en\/wp-json\/wp\/v2\/product"}],"about":[{"href":"https:\/\/www.weingut-steininger.at\/en\/wp-json\/wp\/v2\/types\/product"}],"version-history":[{"count":2,"href":"https:\/\/www.weingut-steininger.at\/en\/wp-json\/wp\/v2\/product\/24090\/revisions"}],"predecessor-version":[{"id":24096,"href":"https:\/\/www.weingut-steininger.at\/en\/wp-json\/wp\/v2\/product\/24090\/revisions\/24096"}],"wp:featuredmedia":[{"embeddable":true,"href":"https:\/\/www.weingut-steininger.at\/en\/wp-json\/wp\/v2\/media\/24911"}],"wp:attachment":[{"href":"https:\/\/www.weingut-steininger.at\/en\/wp-json\/wp\/v2\/media?parent=24090"}],"wp:term":[{"taxonomy":"product_brand","embeddable":true,"href":"https:\/\/www.weingut-steininger.at\/en\/wp-json\/wp\/v2\/product_brand?post=24090"},{"taxonomy":"product_cat","embeddable":true,"href":"https:\/\/www.weingut-steininger.at\/en\/wp-json\/wp\/v2\/product_cat?post=24090"},{"taxonomy":"product_tag","embeddable":true,"href":"https:\/\/www.weingut-steininger.at\/en\/wp-json\/wp\/v2\/product_tag?post=24090"}],"curies":[{"name":"wp","href":"https:\/\/api.w.org\/{rel}","templated":true}]}}