{"id":24221,"date":"2026-01-16T17:18:38","date_gmt":"2026-01-16T15:18:38","guid":{"rendered":"https:\/\/www.weingut-steininger.at\/?post_type=product&#038;p=24221"},"modified":"2026-03-24T16:04:05","modified_gmt":"2026-03-24T14:04:05","slug":"gruener-veltliner-reserve-sekt-2022","status":"publish","type":"product","link":"https:\/\/www.weingut-steininger.at\/en\/online-vinothek\/weine\/gruener-veltliner-reserve-sekt-2022\/","title":{"rendered":"Gr\u00fcner Veltliner Reserve Sekt 2022"},"content":{"rendered":"","protected":false},"excerpt":{"rendered":"<p><strong>Weinbeschreibung<\/strong><br \/>\nIn der Nase ein feiner Mix aus Wiesenkr\u00e4utern, gelbem Apfel, Bl\u00fcten und einem Hauch Unterholz. Am Gaumen treffen feine Pfeffer- und Kr\u00e4uternoten auf kompakte Struktur, zarte Fruchts\u00fc\u00dfe und pr\u00e4zise S\u00e4ure. Cremig, geschmeidig und harmonisch im Verlauf, mit einem eleganten, sanften Ausklang.<\/p>\n<p><strong>Speisenbegleitung<br \/>\n<\/strong>Ein vielseitiger Speisenbegleiter \u2013 passt hervorragend zu einer breiten Palette von Gerichten. Ob kalte Vorspeisen, frische Salate oder warme K\u00fcche mit Gefl\u00fcgel, Schwein oder Kalb \u2013 dieser Sekt verbindet Frische und Struktur auf elegante Weise.<\/p>\n<p><a href=\"https:\/\/www.vinofact.com\/2\/f\/2022_gruner-veltliner-reserve-sekt\/weingut-steininger_datenblatter\" target=\"_blank\" rel=\"noopener\">Datenblatt<\/a><\/p>\n","protected":false},"featured_media":24678,"template":"","meta":{"_acf_changed":false},"product_brand":[],"product_cat":[181],"product_tag":[],"class_list":{"0":"post-24221","1":"product","2":"type-product","3":"status-publish","4":"has-post-thumbnail","6":"product_cat-sekt","7":"product_shipping_class-allgemein","8":"pa_alkohol-72","9":"pa_gebinde-075-l","10":"pa_rebsorte-gv","11":"pa_restzucker-63-g-l","12":"pa_saeure-45-g-l","13":"description-off","15":"first","16":"instock","17":"taxable","18":"shipping-taxable","19":"purchasable","20":"product-type-simple"},"bundled_by":["8197"],"bundle_stock_status":"instock","bundle_stock_quantity":null,"bundle_virtual":false,"bundle_layout":"","bundle_add_to_cart_form_location":"","bundle_editable_in_cart":false,"bundle_sold_individually_context":"","bundle_item_grouping":"","bundle_min_size":"","bundle_max_size":"","bundle_price":[],"bundled_items":[],"bundle_sell_ids":[],"acf":[],"_links":{"self":[{"href":"https:\/\/www.weingut-steininger.at\/en\/wp-json\/wp\/v2\/product\/24221","targetHints":{"allow":["GET"]}}],"collection":[{"href":"https:\/\/www.weingut-steininger.at\/en\/wp-json\/wp\/v2\/product"}],"about":[{"href":"https:\/\/www.weingut-steininger.at\/en\/wp-json\/wp\/v2\/types\/product"}],"version-history":[{"count":2,"href":"https:\/\/www.weingut-steininger.at\/en\/wp-json\/wp\/v2\/product\/24221\/revisions"}],"predecessor-version":[{"id":24257,"href":"https:\/\/www.weingut-steininger.at\/en\/wp-json\/wp\/v2\/product\/24221\/revisions\/24257"}],"wp:featuredmedia":[{"embeddable":true,"href":"https:\/\/www.weingut-steininger.at\/en\/wp-json\/wp\/v2\/media\/24678"}],"wp:attachment":[{"href":"https:\/\/www.weingut-steininger.at\/en\/wp-json\/wp\/v2\/media?parent=24221"}],"wp:term":[{"taxonomy":"product_brand","embeddable":true,"href":"https:\/\/www.weingut-steininger.at\/en\/wp-json\/wp\/v2\/product_brand?post=24221"},{"taxonomy":"product_cat","embeddable":true,"href":"https:\/\/www.weingut-steininger.at\/en\/wp-json\/wp\/v2\/product_cat?post=24221"},{"taxonomy":"product_tag","embeddable":true,"href":"https:\/\/www.weingut-steininger.at\/en\/wp-json\/wp\/v2\/product_tag?post=24221"}],"curies":[{"name":"wp","href":"https:\/\/api.w.org\/{rel}","templated":true}]}}