{"id":24309,"date":"2026-02-04T17:48:54","date_gmt":"2026-02-04T15:48:54","guid":{"rendered":"https:\/\/www.weingut-steininger.at\/?post_type=product&#038;p=24309"},"modified":"2026-03-12T10:31:06","modified_gmt":"2026-03-12T08:31:06","slug":"riesling-kamptal-dac-2025","status":"publish","type":"product","link":"https:\/\/www.weingut-steininger.at\/en\/online-vinothek\/weine\/riesling-kamptal-dac-2025\/","title":{"rendered":"Riesling Kamptal DAC 2025"},"content":{"rendered":"","protected":false},"excerpt":{"rendered":"<p><strong>Weinbeschreibung<\/strong><br \/>\nIn der Nase fein und zun\u00e4chst verhalten, mit delikaten Ankl\u00e4ngen von wei\u00dfem Pfirsich, Limette und einem Hauch Holunderbl\u00fcte. Mit etwas Luft entfalten sich saftige Zitrusnoten und reifer Apfel. Der Jahrgang 2025 zeigt sich am Gaumen klar und vibrierend, getragen von einer pr\u00e4zisen, frischen S\u00e4ure und einer eleganten Leichtigkeit. Ein charaktervoller Riesling mit feiner Frucht, straffer Struktur und animierendem Trinkfluss.<\/p>\n<p><strong>Speisenbegleitung<br \/>\n<\/strong>Harmoniert hervorragend mit kalten Vorspeisen wie ger\u00e4ucherter Forelle oder Lachs und \u00fcberzeugt ebenso zu gebratenem Fisch mit Reis oder Kartoffeln. Auch zu Fisch- Antipasti, gegrillten K\u00e4sespie\u00dfen oder knusprigen Fr\u00fchlingsrollen eine stimmige Wahl. Ein vielseitiger Begleiter f\u00fcr leichte, aromatische Gerichte.<\/p>\n<p><a href=\"https:\/\/www.vinofact.com\/2\/f\/2025_riesling-kamptal-dac1\/weingut-steininger_datenblatter\" target=\"_blank\" rel=\"noopener\">Datenblatt<\/a><\/p>\n<p><a href=\"https:\/\/elabel.weingut-steininger.at\/\/B4295781_RDAC25I_0,75.html\" target=\"_blank\" rel=\"noopener\">N\u00e4hrwertangabe<\/a><\/p>\n","protected":false},"featured_media":24310,"template":"","meta":{"_acf_changed":false},"product_brand":[],"product_cat":[178],"product_tag":[],"class_list":{"0":"post-24309","1":"product","2":"type-product","3":"status-publish","4":"has-post-thumbnail","6":"product_cat-wein","7":"product_shipping_class-allgemein","8":"pa_alkohol-125-vol","9":"pa_gebinde-075-l","10":"pa_jahrgang-1023","11":"pa_rebsorte-riesling","12":"pa_restzucker-63-g-l","13":"pa_saeure-74-g-l","14":"description-off","16":"first","17":"instock","18":"taxable","19":"shipping-taxable","20":"purchasable","21":"product-type-simple"},"bundled_by":["9693","9696"],"bundle_stock_status":"instock","bundle_stock_quantity":null,"bundle_virtual":false,"bundle_layout":"","bundle_add_to_cart_form_location":"","bundle_editable_in_cart":false,"bundle_sold_individually_context":"","bundle_item_grouping":"","bundle_min_size":"","bundle_max_size":"","bundle_price":[],"bundled_items":[],"bundle_sell_ids":[],"acf":[],"_links":{"self":[{"href":"https:\/\/www.weingut-steininger.at\/en\/wp-json\/wp\/v2\/product\/24309","targetHints":{"allow":["GET"]}}],"collection":[{"href":"https:\/\/www.weingut-steininger.at\/en\/wp-json\/wp\/v2\/product"}],"about":[{"href":"https:\/\/www.weingut-steininger.at\/en\/wp-json\/wp\/v2\/types\/product"}],"version-history":[{"count":1,"href":"https:\/\/www.weingut-steininger.at\/en\/wp-json\/wp\/v2\/product\/24309\/revisions"}],"predecessor-version":[{"id":24312,"href":"https:\/\/www.weingut-steininger.at\/en\/wp-json\/wp\/v2\/product\/24309\/revisions\/24312"}],"wp:featuredmedia":[{"embeddable":true,"href":"https:\/\/www.weingut-steininger.at\/en\/wp-json\/wp\/v2\/media\/24310"}],"wp:attachment":[{"href":"https:\/\/www.weingut-steininger.at\/en\/wp-json\/wp\/v2\/media?parent=24309"}],"wp:term":[{"taxonomy":"product_brand","embeddable":true,"href":"https:\/\/www.weingut-steininger.at\/en\/wp-json\/wp\/v2\/product_brand?post=24309"},{"taxonomy":"product_cat","embeddable":true,"href":"https:\/\/www.weingut-steininger.at\/en\/wp-json\/wp\/v2\/product_cat?post=24309"},{"taxonomy":"product_tag","embeddable":true,"href":"https:\/\/www.weingut-steininger.at\/en\/wp-json\/wp\/v2\/product_tag?post=24309"}],"curies":[{"name":"wp","href":"https:\/\/api.w.org\/{rel}","templated":true}]}}