{"id":24447,"date":"2026-03-04T15:52:19","date_gmt":"2026-03-04T13:52:19","guid":{"rendered":"https:\/\/www.weingut-steininger.at\/?post_type=product&#038;p=24447"},"modified":"2026-03-12T10:15:03","modified_gmt":"2026-03-12T08:15:03","slug":"gruener-veltliner-langenlois-kamptal-dac-2025","status":"publish","type":"product","link":"https:\/\/www.weingut-steininger.at\/en\/online-vinothek\/weine\/gruener-veltliner-langenlois-kamptal-dac-2025\/","title":{"rendered":"Gr\u00fcner Veltliner Langenlois Kamptal DAC 2025"},"content":{"rendered":"","protected":false},"excerpt":{"rendered":"<p><strong>Weinbeschreibung<br \/>\n<\/strong>Frischer Auftakt mit feiner W\u00fcrze und Aromen von gr\u00fcnem Apfel, Kernobst und einem Hauch Zitrus, begleitet von dezenter Pfeffernote. Am Gaumen saftig und lebendig mit pr\u00e4ziser, animierender S\u00e4ure und klarer Frucht. Ein jugendlicher, geradliniger Veltliner mit typischer W\u00fcrze, frischer Struktur und hohem Trinkfluss.<\/p>\n<p>&nbsp;<\/p>\n<p><strong>Speisenbegleitung<br \/>\n<\/strong>Ein vielseitiger Begleiter zu frischen Fr\u00fchlingsgerichten wie Spargel mit Zitronenbutter oder Kr\u00e4uterfrischk\u00e4se. Auch zu leichten Fisch- und Gefl\u00fcgelgerichten mit Erbsen, Zucchini oder Fenchel sehr stimmig. Die lebendige S\u00e4ure verleiht den Gerichten Frische und bringt die feinen Gem\u00fcsearomen klar zur Geltung.<\/p>\n<p><a href=\"https:\/\/www.vinofact.com\/2\/f\/2025_gruner-veltliner-langenlois-kamptal-dac\/weingut-steininger_datenblatter\" target=\"_blank\" rel=\"noopener\">Datenblatt<\/a><\/p>\n<p><a href=\"https:\/\/elabel.weingut-steininger.at\/B4295781_GVLL25I_0,75.html\" target=\"_blank\" rel=\"noopener\">N\u00e4hrwertangabe<\/a><\/p>\n","protected":false},"featured_media":24448,"template":"","meta":{"_acf_changed":false},"product_brand":[],"product_cat":[178],"product_tag":[],"class_list":{"0":"post-24447","1":"product","2":"type-product","3":"status-publish","4":"has-post-thumbnail","6":"product_cat-wein","7":"product_shipping_class-allgemein","8":"pa_alkohol-125-vol","9":"pa_gebinde-075-l","10":"pa_jahrgang-1023","11":"pa_rebsorte-gv","12":"pa_restzucker-36-g-l","13":"pa_saeure-54-gl","14":"description-off","16":"first","17":"instock","18":"taxable","19":"shipping-taxable","20":"purchasable","21":"product-type-simple"},"bundled_by":["9693","9696"],"bundle_stock_status":"instock","bundle_stock_quantity":null,"bundle_virtual":false,"bundle_layout":"","bundle_add_to_cart_form_location":"","bundle_editable_in_cart":false,"bundle_sold_individually_context":"","bundle_item_grouping":"","bundle_min_size":"","bundle_max_size":"","bundle_price":[],"bundled_items":[],"bundle_sell_ids":[],"acf":[],"_links":{"self":[{"href":"https:\/\/www.weingut-steininger.at\/en\/wp-json\/wp\/v2\/product\/24447","targetHints":{"allow":["GET"]}}],"collection":[{"href":"https:\/\/www.weingut-steininger.at\/en\/wp-json\/wp\/v2\/product"}],"about":[{"href":"https:\/\/www.weingut-steininger.at\/en\/wp-json\/wp\/v2\/types\/product"}],"version-history":[{"count":1,"href":"https:\/\/www.weingut-steininger.at\/en\/wp-json\/wp\/v2\/product\/24447\/revisions"}],"predecessor-version":[{"id":24450,"href":"https:\/\/www.weingut-steininger.at\/en\/wp-json\/wp\/v2\/product\/24447\/revisions\/24450"}],"wp:featuredmedia":[{"embeddable":true,"href":"https:\/\/www.weingut-steininger.at\/en\/wp-json\/wp\/v2\/media\/24448"}],"wp:attachment":[{"href":"https:\/\/www.weingut-steininger.at\/en\/wp-json\/wp\/v2\/media?parent=24447"}],"wp:term":[{"taxonomy":"product_brand","embeddable":true,"href":"https:\/\/www.weingut-steininger.at\/en\/wp-json\/wp\/v2\/product_brand?post=24447"},{"taxonomy":"product_cat","embeddable":true,"href":"https:\/\/www.weingut-steininger.at\/en\/wp-json\/wp\/v2\/product_cat?post=24447"},{"taxonomy":"product_tag","embeddable":true,"href":"https:\/\/www.weingut-steininger.at\/en\/wp-json\/wp\/v2\/product_tag?post=24447"}],"curies":[{"name":"wp","href":"https:\/\/api.w.org\/{rel}","templated":true}]}}