{"id":24451,"date":"2026-03-04T15:59:12","date_gmt":"2026-03-04T13:59:12","guid":{"rendered":"https:\/\/www.weingut-steininger.at\/?post_type=product&#038;p=24451"},"modified":"2026-03-12T10:29:05","modified_gmt":"2026-03-12T08:29:05","slug":"riesling-langenlois-kamptal-dac-2025","status":"publish","type":"product","link":"https:\/\/www.weingut-steininger.at\/en\/online-vinothek\/weine\/riesling-langenlois-kamptal-dac-2025\/","title":{"rendered":"Riesling Langenlois Kamptal DAC 2025"},"content":{"rendered":"","protected":false},"excerpt":{"rendered":"<p><strong>Weinbeschreibung<\/strong><br \/>\nFruchtbetonter Auftakt mit Aromen von Mirabelle, gr\u00fcnem Pfirsich und einem Hauch Marille, begleitet von feinen Zitrusankl\u00e4ngen. Am Gaumen rassig und pr\u00e4zise mit lebendiger, erfrischender S\u00e4ure und klarer Struktur. Ein zug\u00e4nglicher, animierender Riesling mit viel Frische und elegantem Trinkfluss.<\/p>\n<p>&nbsp;<\/p>\n<p><strong>Speisenbegleitung<\/strong><br \/>\nEin stimmiger Begleiter zur leichten asiatischen K\u00fcche. Ebenso passend zu kalten Vorspeisen, ger\u00e4uchertem oder gegrilltem Fisch sowie zu Antipasti und kleinen K\u00e4seh\u00e4ppchen.<\/p>\n<p>&nbsp;<\/p>\n<p><a href=\"https:\/\/www.vinofact.com\/2\/f\/2025_riesling-langenlois-kamptal-dac\/weingut-steininger_datenblatter\" target=\"_blank\" rel=\"noopener\">Datenblatt<\/a><\/p>\n<p><a href=\"https:\/\/elabel.weingut-steininger.at\/\/B4295781_RLL25_0,75.html\" target=\"_blank\" rel=\"noopener\">N\u00e4hrwertangabe<\/a><\/p>\n<p>&nbsp;<\/p>\n","protected":false},"featured_media":24452,"template":"","meta":{"_acf_changed":false},"product_brand":[],"product_cat":[178],"product_tag":[],"class_list":{"0":"post-24451","1":"product","2":"type-product","3":"status-publish","4":"has-post-thumbnail","6":"product_cat-wein","7":"product_shipping_class-allgemein","8":"pa_alkohol-125-vol","9":"pa_gebinde-075-l","10":"pa_jahrgang-1023","11":"pa_rebsorte-riesling","12":"pa_restzucker-71-g-l","13":"pa_saeure-76-g-l","14":"description-off","16":"first","17":"instock","18":"taxable","19":"shipping-taxable","20":"purchasable","21":"product-type-simple"},"bundled_by":["9693","9696"],"bundle_stock_status":"instock","bundle_stock_quantity":null,"bundle_virtual":false,"bundle_layout":"","bundle_add_to_cart_form_location":"","bundle_editable_in_cart":false,"bundle_sold_individually_context":"","bundle_item_grouping":"","bundle_min_size":"","bundle_max_size":"","bundle_price":[],"bundled_items":[],"bundle_sell_ids":[],"acf":[],"_links":{"self":[{"href":"https:\/\/www.weingut-steininger.at\/en\/wp-json\/wp\/v2\/product\/24451","targetHints":{"allow":["GET"]}}],"collection":[{"href":"https:\/\/www.weingut-steininger.at\/en\/wp-json\/wp\/v2\/product"}],"about":[{"href":"https:\/\/www.weingut-steininger.at\/en\/wp-json\/wp\/v2\/types\/product"}],"version-history":[{"count":1,"href":"https:\/\/www.weingut-steininger.at\/en\/wp-json\/wp\/v2\/product\/24451\/revisions"}],"predecessor-version":[{"id":24454,"href":"https:\/\/www.weingut-steininger.at\/en\/wp-json\/wp\/v2\/product\/24451\/revisions\/24454"}],"wp:featuredmedia":[{"embeddable":true,"href":"https:\/\/www.weingut-steininger.at\/en\/wp-json\/wp\/v2\/media\/24452"}],"wp:attachment":[{"href":"https:\/\/www.weingut-steininger.at\/en\/wp-json\/wp\/v2\/media?parent=24451"}],"wp:term":[{"taxonomy":"product_brand","embeddable":true,"href":"https:\/\/www.weingut-steininger.at\/en\/wp-json\/wp\/v2\/product_brand?post=24451"},{"taxonomy":"product_cat","embeddable":true,"href":"https:\/\/www.weingut-steininger.at\/en\/wp-json\/wp\/v2\/product_cat?post=24451"},{"taxonomy":"product_tag","embeddable":true,"href":"https:\/\/www.weingut-steininger.at\/en\/wp-json\/wp\/v2\/product_tag?post=24451"}],"curies":[{"name":"wp","href":"https:\/\/api.w.org\/{rel}","templated":true}]}}