{"id":24641,"date":"2026-03-24T09:35:09","date_gmt":"2026-03-24T07:35:09","guid":{"rendered":"https:\/\/www.weingut-steininger.at\/?post_type=product&#038;p=24641"},"modified":"2026-03-24T09:52:53","modified_gmt":"2026-03-24T07:52:53","slug":"gruener-veltliner-trockenbeerenauslese-2017","status":"publish","type":"product","link":"https:\/\/www.weingut-steininger.at\/en\/online-vinothek\/weine\/gruener-veltliner-trockenbeerenauslese-2017\/","title":{"rendered":"Gr\u00fcner Veltliner Trockenbeerenauslese 2017"},"content":{"rendered":"<p>Trockenbeerenauslese z\u00e4hlt zu den konzentriertesten und rarsten edels\u00fc\u00dfen Weinen. Eingeschrumpfte, von Edelf\u00e4ule gepr\u00e4gte Beeren werden von Hand selektiv gelesen und schonend verarbeitet \u2013 daraus entsteht ein hochkonzentrierter Wein mit dichter Frucht, intensiver S\u00fc\u00dfe und lebendiger Frische.<\/p>\n","protected":false},"excerpt":{"rendered":"<p><strong>Weinbeschreibung<br \/>\n<\/strong>Bernsteinfarben mit reifem Schimmer, in der Nase einladende Aromen von Marillenkonfit, D\u00f6rrfr\u00fcchten und feinen Honignoten. Am Gaumen dicht und konzentriert mit kompakter Struktur und sch\u00f6nem Spiel aus S\u00fc\u00dfe und S\u00e4ure. Gelbe Tropenfrucht im Nachhall, vielschichtig und lang anhaltend.<\/p>\n<p><strong>Speisenbegleitung<br \/>\n<\/strong>Sehr stimmig zu Desserts mit Marille oder exotischer Frucht sowie zu feiner Patisserie. Auch ein ausdrucksstarker Partner zu gereiftem Blauschimmelk\u00e4se oder als Solist f\u00fcr besondere Genussmomente.<\/p>\n<p><a href=\"https:\/\/www.vinofact.com\/2\/f\/2017_gruner-veltliner-trockenbeerenauslese\/weingut-steininger_datenblatter\" target=\"_blank\" rel=\"noopener\">Datenblatt<\/a><\/p>\n","protected":false},"featured_media":24638,"template":"","meta":{"_acf_changed":false},"product_brand":[],"product_cat":[85],"product_tag":[],"class_list":{"0":"post-24641","1":"product","2":"type-product","3":"status-publish","4":"has-post-thumbnail","6":"product_cat-suessweine","7":"product_shipping_class-allgemein","8":"pa_alkohol-105-vol","9":"pa_gebinde-0375-l","10":"pa_restzucker-172-g-l","11":"pa_saeure-74-g-l","12":"description-off","14":"first","15":"instock","16":"taxable","17":"shipping-taxable","18":"purchasable","19":"product-type-simple"},"bundled_by":[],"bundle_stock_status":"instock","bundle_stock_quantity":null,"bundle_virtual":false,"bundle_layout":"","bundle_add_to_cart_form_location":"","bundle_editable_in_cart":false,"bundle_sold_individually_context":"","bundle_item_grouping":"","bundle_min_size":"","bundle_max_size":"","bundle_price":[],"bundled_items":[],"bundle_sell_ids":[],"acf":[],"_links":{"self":[{"href":"https:\/\/www.weingut-steininger.at\/en\/wp-json\/wp\/v2\/product\/24641","targetHints":{"allow":["GET"]}}],"collection":[{"href":"https:\/\/www.weingut-steininger.at\/en\/wp-json\/wp\/v2\/product"}],"about":[{"href":"https:\/\/www.weingut-steininger.at\/en\/wp-json\/wp\/v2\/types\/product"}],"version-history":[{"count":1,"href":"https:\/\/www.weingut-steininger.at\/en\/wp-json\/wp\/v2\/product\/24641\/revisions"}],"predecessor-version":[{"id":24642,"href":"https:\/\/www.weingut-steininger.at\/en\/wp-json\/wp\/v2\/product\/24641\/revisions\/24642"}],"wp:featuredmedia":[{"embeddable":true,"href":"https:\/\/www.weingut-steininger.at\/en\/wp-json\/wp\/v2\/media\/24638"}],"wp:attachment":[{"href":"https:\/\/www.weingut-steininger.at\/en\/wp-json\/wp\/v2\/media?parent=24641"}],"wp:term":[{"taxonomy":"product_brand","embeddable":true,"href":"https:\/\/www.weingut-steininger.at\/en\/wp-json\/wp\/v2\/product_brand?post=24641"},{"taxonomy":"product_cat","embeddable":true,"href":"https:\/\/www.weingut-steininger.at\/en\/wp-json\/wp\/v2\/product_cat?post=24641"},{"taxonomy":"product_tag","embeddable":true,"href":"https:\/\/www.weingut-steininger.at\/en\/wp-json\/wp\/v2\/product_tag?post=24641"}],"curies":[{"name":"wp","href":"https:\/\/api.w.org\/{rel}","templated":true}]}}