{"id":24660,"date":"2026-03-24T14:02:05","date_gmt":"2026-03-24T12:02:05","guid":{"rendered":"https:\/\/www.weingut-steininger.at\/?post_type=product&#038;p=24660"},"modified":"2026-03-24T14:06:41","modified_gmt":"2026-03-24T12:06:41","slug":"traminer-trockenbeerenauslese-2023","status":"publish","type":"product","link":"https:\/\/www.weingut-steininger.at\/en\/online-vinothek\/weine\/traminer-trockenbeerenauslese-2023\/","title":{"rendered":"Traminer Trockenbeerenauslese 2023"},"content":{"rendered":"<p>Trockenbeerenauslese z\u00e4hlt zu den konzentriertesten und rarsten Formen edels\u00fc\u00dfer Weine. Die vollst\u00e4ndig eingeschrumpften, von Edelf\u00e4ule gepr\u00e4gten Beeren werden selektiv von Hand gelesen und schonend verarbeitet. So entsteht ein hochkonzentrierter Wein mit dichter Frucht, intensiver S\u00fc\u00dfe und zugleich bemerkenswerter Frische \u2013 ein faszinierendes Zusammenspiel von Kraft und Eleganz.<\/p>\n","protected":false},"excerpt":{"rendered":"<p><strong>Weinbeschreibung<br \/>\n<\/strong>Schimmerndes Rotgold, in der Nase gepr\u00e4gt von getrockneter Marille, Honig und feiner Vanille, erg\u00e4nzt durch zarte Ankl\u00e4nge von Bitterorange. Am Gaumen kraftvoll und dicht, mit intensiver S\u00fc\u00dfe, lebendiger Spannung und gut eingebundener S\u00e4ure. Komplex und harmonisch, mit langem, elegantem Nachhall.<\/p>\n<p><strong>Speisenbegleitung<br \/>\n<\/strong>Ein vielseitiger Begleiter zu Desserts mit Steinobst, Zitrus oder Vanille sowie zu feiner Patisserie. Ebenso sehr stimmig zu gereiftem Blauschimmelk\u00e4se oder als Solist f\u00fcr besondere Genussmomente.<\/p>\n<p><a href=\"https:\/\/www.vinofact.com\/2\/f\/2023_traminer-trockenbeerenauslese1\/weingut-steininger_datenblatter\" target=\"_blank\" rel=\"noopener\">Datenblatt<\/a><\/p>\n","protected":false},"featured_media":24657,"template":"","meta":{"_acf_changed":false},"product_brand":[],"product_cat":[85],"product_tag":[],"class_list":{"0":"post-24660","1":"product","2":"type-product","3":"status-publish","4":"has-post-thumbnail","6":"product_cat-suessweine","7":"product_shipping_class-allgemein","8":"pa_alkohol-125-vol","9":"pa_gebinde-0375-l","10":"pa_rebsorte-traminer","11":"pa_restzucker-183-g-l","12":"pa_saeure-79-g-l","13":"description-off","15":"first","16":"instock","17":"taxable","18":"shipping-taxable","19":"purchasable","20":"product-type-simple"},"bundled_by":[],"bundle_stock_status":"instock","bundle_stock_quantity":null,"bundle_virtual":false,"bundle_layout":"","bundle_add_to_cart_form_location":"","bundle_editable_in_cart":false,"bundle_sold_individually_context":"","bundle_item_grouping":"","bundle_min_size":"","bundle_max_size":"","bundle_price":[],"bundled_items":[],"bundle_sell_ids":[],"acf":[],"_links":{"self":[{"href":"https:\/\/www.weingut-steininger.at\/en\/wp-json\/wp\/v2\/product\/24660","targetHints":{"allow":["GET"]}}],"collection":[{"href":"https:\/\/www.weingut-steininger.at\/en\/wp-json\/wp\/v2\/product"}],"about":[{"href":"https:\/\/www.weingut-steininger.at\/en\/wp-json\/wp\/v2\/types\/product"}],"version-history":[{"count":1,"href":"https:\/\/www.weingut-steininger.at\/en\/wp-json\/wp\/v2\/product\/24660\/revisions"}],"predecessor-version":[{"id":24661,"href":"https:\/\/www.weingut-steininger.at\/en\/wp-json\/wp\/v2\/product\/24660\/revisions\/24661"}],"wp:featuredmedia":[{"embeddable":true,"href":"https:\/\/www.weingut-steininger.at\/en\/wp-json\/wp\/v2\/media\/24657"}],"wp:attachment":[{"href":"https:\/\/www.weingut-steininger.at\/en\/wp-json\/wp\/v2\/media?parent=24660"}],"wp:term":[{"taxonomy":"product_brand","embeddable":true,"href":"https:\/\/www.weingut-steininger.at\/en\/wp-json\/wp\/v2\/product_brand?post=24660"},{"taxonomy":"product_cat","embeddable":true,"href":"https:\/\/www.weingut-steininger.at\/en\/wp-json\/wp\/v2\/product_cat?post=24660"},{"taxonomy":"product_tag","embeddable":true,"href":"https:\/\/www.weingut-steininger.at\/en\/wp-json\/wp\/v2\/product_tag?post=24660"}],"curies":[{"name":"wp","href":"https:\/\/api.w.org\/{rel}","templated":true}]}}