{"id":24662,"date":"2026-03-24T14:06:51","date_gmt":"2026-03-24T12:06:51","guid":{"rendered":"https:\/\/www.weingut-steininger.at\/?post_type=product&#038;p=24662"},"modified":"2026-03-24T14:10:56","modified_gmt":"2026-03-24T12:10:56","slug":"riesling-beerenauslese-2023","status":"publish","type":"product","link":"https:\/\/www.weingut-steininger.at\/en\/online-vinothek\/weine\/riesling-beerenauslese-2023\/","title":{"rendered":"Riesling Beerenauslese 2023"},"content":{"rendered":"<p>Beerenauslese z\u00e4hlt zu den klassischen edels\u00fc\u00dfen Pr\u00e4dikatsweinen. Die hochreifen, teils von Edelf\u00e4ule gepr\u00e4gten Beeren werden sorgf\u00e4ltig von Hand gelesen und schonend verarbeitet. So entsteht ein konzentrierter Wein mit intensiver Frucht, nat\u00fcrlicher S\u00fc\u00dfe und lebendiger Frische \u2013 ein harmonisches Zusammenspiel von F\u00fclle und Eleganz.<\/p>\n","protected":false},"excerpt":{"rendered":"<p><strong>Weinbeschreibung<br \/>\n<\/strong>Helles Goldgelb, in der Nase feine Honignoten, begleitet von kr\u00e4uterw\u00fcrziger Mineralit\u00e4t, zarten Botrytisankl\u00e4ngen und reifer Zitrusfrucht. Am Gaumen dicht und saftig mit reifem Pfirsich und Zitrus, getragen von pr\u00e4ziser S\u00e4ure. Vielschichtig und elegant, mit harmonischem Spiel aus S\u00fc\u00dfe und Frische und langem Nachhall.<\/p>\n<p><strong>Speisenbegleitung<br \/>\n<\/strong>Sehr stimmig zu fruchtbetonten Desserts wie Marillen- oder Zitrustarte sowie zu feiner Patisserie. Auch ein eleganter Partner zu gereiftem Blauschimmelk\u00e4se oder als Solist f\u00fcr besondere Genussmomente.<\/p>\n<p><a href=\"https:\/\/www.vinofact.com\/2\/f\/2023_gruner-veltliner-trockenbeerenauslese\/weingut-steininger_datenblatter\" target=\"_blank\" rel=\"noopener\">Datenblatt<\/a><\/p>\n","protected":false},"featured_media":24663,"template":"","meta":{"_acf_changed":false},"product_brand":[],"product_cat":[85],"product_tag":[],"class_list":{"0":"post-24662","1":"product","2":"type-product","3":"status-publish","4":"has-post-thumbnail","6":"product_cat-suessweine","7":"product_shipping_class-allgemein","8":"pa_alkohol-105-vol","9":"pa_gebinde-0375-l","10":"pa_rebsorte-riesling","11":"pa_saeure-105-g-l","12":"description-off","14":"first","15":"instock","16":"taxable","17":"shipping-taxable","18":"purchasable","19":"product-type-simple"},"bundled_by":[],"bundle_stock_status":"instock","bundle_stock_quantity":null,"bundle_virtual":false,"bundle_layout":"","bundle_add_to_cart_form_location":"","bundle_editable_in_cart":false,"bundle_sold_individually_context":"","bundle_item_grouping":"","bundle_min_size":"","bundle_max_size":"","bundle_price":[],"bundled_items":[],"bundle_sell_ids":[],"acf":[],"_links":{"self":[{"href":"https:\/\/www.weingut-steininger.at\/en\/wp-json\/wp\/v2\/product\/24662","targetHints":{"allow":["GET"]}}],"collection":[{"href":"https:\/\/www.weingut-steininger.at\/en\/wp-json\/wp\/v2\/product"}],"about":[{"href":"https:\/\/www.weingut-steininger.at\/en\/wp-json\/wp\/v2\/types\/product"}],"version-history":[{"count":1,"href":"https:\/\/www.weingut-steininger.at\/en\/wp-json\/wp\/v2\/product\/24662\/revisions"}],"predecessor-version":[{"id":24665,"href":"https:\/\/www.weingut-steininger.at\/en\/wp-json\/wp\/v2\/product\/24662\/revisions\/24665"}],"wp:featuredmedia":[{"embeddable":true,"href":"https:\/\/www.weingut-steininger.at\/en\/wp-json\/wp\/v2\/media\/24663"}],"wp:attachment":[{"href":"https:\/\/www.weingut-steininger.at\/en\/wp-json\/wp\/v2\/media?parent=24662"}],"wp:term":[{"taxonomy":"product_brand","embeddable":true,"href":"https:\/\/www.weingut-steininger.at\/en\/wp-json\/wp\/v2\/product_brand?post=24662"},{"taxonomy":"product_cat","embeddable":true,"href":"https:\/\/www.weingut-steininger.at\/en\/wp-json\/wp\/v2\/product_cat?post=24662"},{"taxonomy":"product_tag","embeddable":true,"href":"https:\/\/www.weingut-steininger.at\/en\/wp-json\/wp\/v2\/product_tag?post=24662"}],"curies":[{"name":"wp","href":"https:\/\/api.w.org\/{rel}","templated":true}]}}