{"id":24793,"date":"2026-04-04T11:02:54","date_gmt":"2026-04-04T09:02:54","guid":{"rendered":"https:\/\/www.weingut-steininger.at\/?post_type=product&#038;p=24793"},"modified":"2026-04-04T11:06:11","modified_gmt":"2026-04-04T09:06:11","slug":"riesling-ried-steinhaus-kamptal-dac-reserve-1oetw-erste-lage-2020","status":"publish","type":"product","link":"https:\/\/www.weingut-steininger.at\/en\/online-vinothek\/weine\/riesling-ried-steinhaus-kamptal-dac-reserve-1oetw-erste-lage-2020\/","title":{"rendered":"Riesling Ried Steinhaus Kamptal DAC Reserve 1\u00d6TW Erste Lage 2020"},"content":{"rendered":"","protected":false},"excerpt":{"rendered":"<p><strong>Weinbeschreibung<br \/>\n<\/strong>Helles Gelbgr\u00fcn mit silbrigen Reflexen, in der Nase ein duftiges Zusammenspiel von wei\u00dfer Tropenfrucht, Bl\u00fcten, Limette und Maracuja. Am Gaumen pr\u00e4zise und saftig mit feinem Weingartenpfirsich, getragen von lebendiger, gut eingebundener S\u00e4ure. Klar und elegant, mit salzig-frischer Zitrusnote im Abgang und animierendem Trinkfluss.<\/p>\n<p><strong>Speisenbegleiter<br \/>\n<\/strong>Ein stimmiger Begleiter zu w\u00fcrzigen Gerichten, insbesondere aus der asiatischen oder indischen K\u00fcche, wo die feine S\u00fc\u00dfe angenehm ausgleichend wirkt. Auch zu s\u00fc\u00df-sauren Speisen zeigt er sich besonders harmonisch.<\/p>\n<p><a href=\"https:\/\/www.vinofact.com\/2\/f\/2020_riesling-ried-steinhaus-1otw-erste-lage-kamptal-dac-reserve\/weingut-steininger_datenblatter\" target=\"_blank\" rel=\"noopener\">Datenblatt<\/a><\/p>\n","protected":false},"featured_media":4020,"template":"","meta":{"_acf_changed":false},"product_brand":[],"product_cat":[178],"product_tag":[],"class_list":{"0":"post-24793","1":"product","2":"type-product","3":"status-publish","4":"has-post-thumbnail","6":"product_cat-wein","7":"product_shipping_class-allgemein","8":"pa_alkohol-130-3","9":"pa_gebinde-075-l","10":"pa_jahrgang-334","11":"pa_rebsorte-riesling","12":"pa_restzucker-57-g-l","13":"pa_saeure-68-gl","14":"description-off","16":"first","17":"instock","18":"taxable","19":"shipping-taxable","20":"purchasable","21":"product-type-simple"},"bundled_by":[],"bundle_stock_status":"instock","bundle_stock_quantity":null,"bundle_virtual":false,"bundle_layout":"","bundle_add_to_cart_form_location":"","bundle_editable_in_cart":false,"bundle_sold_individually_context":"","bundle_item_grouping":"","bundle_min_size":"","bundle_max_size":"","bundle_price":[],"bundled_items":[],"bundle_sell_ids":[],"acf":[],"_links":{"self":[{"href":"https:\/\/www.weingut-steininger.at\/en\/wp-json\/wp\/v2\/product\/24793","targetHints":{"allow":["GET"]}}],"collection":[{"href":"https:\/\/www.weingut-steininger.at\/en\/wp-json\/wp\/v2\/product"}],"about":[{"href":"https:\/\/www.weingut-steininger.at\/en\/wp-json\/wp\/v2\/types\/product"}],"version-history":[{"count":1,"href":"https:\/\/www.weingut-steininger.at\/en\/wp-json\/wp\/v2\/product\/24793\/revisions"}],"predecessor-version":[{"id":24794,"href":"https:\/\/www.weingut-steininger.at\/en\/wp-json\/wp\/v2\/product\/24793\/revisions\/24794"}],"wp:featuredmedia":[{"embeddable":true,"href":"https:\/\/www.weingut-steininger.at\/en\/wp-json\/wp\/v2\/media\/4020"}],"wp:attachment":[{"href":"https:\/\/www.weingut-steininger.at\/en\/wp-json\/wp\/v2\/media?parent=24793"}],"wp:term":[{"taxonomy":"product_brand","embeddable":true,"href":"https:\/\/www.weingut-steininger.at\/en\/wp-json\/wp\/v2\/product_brand?post=24793"},{"taxonomy":"product_cat","embeddable":true,"href":"https:\/\/www.weingut-steininger.at\/en\/wp-json\/wp\/v2\/product_cat?post=24793"},{"taxonomy":"product_tag","embeddable":true,"href":"https:\/\/www.weingut-steininger.at\/en\/wp-json\/wp\/v2\/product_tag?post=24793"}],"curies":[{"name":"wp","href":"https:\/\/api.w.org\/{rel}","templated":true}]}}