{"id":24795,"date":"2026-04-04T11:07:28","date_gmt":"2026-04-04T09:07:28","guid":{"rendered":"https:\/\/www.weingut-steininger.at\/?post_type=product&#038;p=24795"},"modified":"2026-04-09T09:11:47","modified_gmt":"2026-04-09T07:11:47","slug":"riesling-ried-steinhaus-kamptal-dac-reserve-1oetw-erste-lage-2019","status":"publish","type":"product","link":"https:\/\/www.weingut-steininger.at\/en\/online-vinothek\/weine\/riesling-ried-steinhaus-kamptal-dac-reserve-1oetw-erste-lage-2019\/","title":{"rendered":"Riesling Ried Steinhaus Kamptal DAC Reserve 1\u00d6TW Erste Lage 2019"},"content":{"rendered":"","protected":false},"excerpt":{"rendered":"<p><strong>Weinbeschreibung<\/strong><br \/>\nLeuchtendes Gelbgr\u00fcn mit Silberreflexen, in der Nase Tropenfrucht, Bl\u00fcten, Limette und Maracuja. Am Gaumen saftig und straff mit Weingartenpfirsich, getragen von lebendiger S\u00e4ure und salzig-frischer Zitrusnote im Abgang.<\/p>\n<p><strong>Speisenbegleitung<br \/>\n<\/strong>Ein vielseitiger Begleiter zu aromatischen, leicht scharfen Gerichten aus der asiatischen oder indischen K\u00fcche. Auch sehr stimmig zu s\u00fc\u00df-sauren Speisen.<\/p>\n<p><a href=\"https:\/\/www.vinofact.com\/2\/f\/2019_riesling-ried-steinhaus-1otw-erste-lage-kamptal-dac-reserve\/weingut-steininger_datenblatter\" target=\"_blank\" rel=\"noopener\">Datenblatt<\/a><\/p>\n","protected":false},"featured_media":4020,"template":"","meta":{"_acf_changed":false},"product_brand":[],"product_cat":[178],"product_tag":[],"class_list":{"0":"post-24795","1":"product","2":"type-product","3":"status-publish","4":"has-post-thumbnail","6":"product_cat-wein","7":"product_shipping_class-allgemein","8":"pa_alkohol-135-vol","9":"pa_gebinde-075-l","10":"pa_saeure-67-g-l","11":"description-off","13":"first","14":"instock","15":"taxable","16":"shipping-taxable","17":"purchasable","18":"product-type-variable"},"bundled_by":[],"bundle_stock_status":"instock","bundle_stock_quantity":null,"bundle_virtual":false,"bundle_layout":"","bundle_add_to_cart_form_location":"","bundle_editable_in_cart":false,"bundle_sold_individually_context":"","bundle_item_grouping":"","bundle_min_size":"","bundle_max_size":"","bundle_price":[],"bundled_items":[],"bundle_sell_ids":[],"acf":[],"_links":{"self":[{"href":"https:\/\/www.weingut-steininger.at\/en\/wp-json\/wp\/v2\/product\/24795","targetHints":{"allow":["GET"]}}],"collection":[{"href":"https:\/\/www.weingut-steininger.at\/en\/wp-json\/wp\/v2\/product"}],"about":[{"href":"https:\/\/www.weingut-steininger.at\/en\/wp-json\/wp\/v2\/types\/product"}],"version-history":[{"count":1,"href":"https:\/\/www.weingut-steininger.at\/en\/wp-json\/wp\/v2\/product\/24795\/revisions"}],"predecessor-version":[{"id":24796,"href":"https:\/\/www.weingut-steininger.at\/en\/wp-json\/wp\/v2\/product\/24795\/revisions\/24796"}],"wp:featuredmedia":[{"embeddable":true,"href":"https:\/\/www.weingut-steininger.at\/en\/wp-json\/wp\/v2\/media\/4020"}],"wp:attachment":[{"href":"https:\/\/www.weingut-steininger.at\/en\/wp-json\/wp\/v2\/media?parent=24795"}],"wp:term":[{"taxonomy":"product_brand","embeddable":true,"href":"https:\/\/www.weingut-steininger.at\/en\/wp-json\/wp\/v2\/product_brand?post=24795"},{"taxonomy":"product_cat","embeddable":true,"href":"https:\/\/www.weingut-steininger.at\/en\/wp-json\/wp\/v2\/product_cat?post=24795"},{"taxonomy":"product_tag","embeddable":true,"href":"https:\/\/www.weingut-steininger.at\/en\/wp-json\/wp\/v2\/product_tag?post=24795"}],"curies":[{"name":"wp","href":"https:\/\/api.w.org\/{rel}","templated":true}]}}