{"id":24877,"date":"2026-04-15T13:37:35","date_gmt":"2026-04-15T11:37:35","guid":{"rendered":"https:\/\/www.weingut-steininger.at\/?post_type=product&#038;p=24877"},"modified":"2026-04-23T09:09:15","modified_gmt":"2026-04-23T07:09:15","slug":"riesling-feinherb-2025","status":"publish","type":"product","link":"https:\/\/www.weingut-steininger.at\/en\/online-vinothek\/weine\/riesling-feinherb-2025\/","title":{"rendered":"Riesling Feinherb 2025"},"content":{"rendered":"","protected":false},"excerpt":{"rendered":"<p><strong>Weinbeschreibung<\/strong><br \/>\nHelles Gelbgr\u00fcn mit silbrigen Reflexen, in der Nase feine Zitrusfrucht, wei\u00dfer Pfirsich und zarte Bl\u00fctenankl\u00e4nge. Am Gaumen saftig und ausgewogen, mit lebendiger S\u00e4ure und harmonisch eingebundener Fruchts\u00fc\u00dfe. Klar und pr\u00e4zise, mit frischer Zitrusnote im Abgang und animierendem Trinkfluss \u2013 ein eleganter, halbtrockener Riesling mit fein abgestimmter Balance.<\/p>\n<p>&nbsp;<\/p>\n<p><strong>Speisenbegleitung<\/strong><br \/>\nEin vielseitiger Begleiter zu aromatischen, leicht w\u00fcrzigen Gerichten, besonders aus der asiatischen K\u00fcche. Auch sehr stimmig zu Gefl\u00fcgel, Fisch oder Speisen mit s\u00fc\u00df-sauren Komponenten.<\/p>\n<p>&nbsp;<\/p>\n<p><a href=\"https:\/\/www.vinofact.com\/2\/f\/2025_riesling-kamptal-dac2\/weingut-steininger_datenblatter\" target=\"_blank\" rel=\"noopener\">Datenblatt<\/a><\/p>\n<p><a href=\"https:\/\/elabel.weingut-steininger.at\/\/B4295781_RFein25_0,75.html\" target=\"_blank\" rel=\"noopener\">N\u00e4hrwertangabe<\/a><\/p>\n","protected":false},"featured_media":24896,"template":"","meta":{"_acf_changed":false},"product_brand":[],"product_cat":[178],"product_tag":[],"class_list":{"0":"post-24877","1":"product","2":"type-product","3":"status-publish","4":"has-post-thumbnail","6":"product_cat-wein","7":"product_shipping_class-allgemein","8":"pa_alkohol-120-vol","9":"pa_gebinde-075-l","10":"pa_jahrgang-1023","11":"pa_rebsorte-riesling","12":"pa_restzucker-142-g-l","13":"pa_saeure-75-g-l","14":"description-off","16":"first","17":"instock","18":"taxable","19":"shipping-taxable","20":"purchasable","21":"product-type-simple"},"bundled_by":[],"bundle_stock_status":"instock","bundle_stock_quantity":null,"bundle_virtual":false,"bundle_layout":"","bundle_add_to_cart_form_location":"","bundle_editable_in_cart":false,"bundle_sold_individually_context":"","bundle_item_grouping":"","bundle_min_size":"","bundle_max_size":"","bundle_price":[],"bundled_items":[],"bundle_sell_ids":[],"acf":[],"_links":{"self":[{"href":"https:\/\/www.weingut-steininger.at\/en\/wp-json\/wp\/v2\/product\/24877","targetHints":{"allow":["GET"]}}],"collection":[{"href":"https:\/\/www.weingut-steininger.at\/en\/wp-json\/wp\/v2\/product"}],"about":[{"href":"https:\/\/www.weingut-steininger.at\/en\/wp-json\/wp\/v2\/types\/product"}],"version-history":[{"count":3,"href":"https:\/\/www.weingut-steininger.at\/en\/wp-json\/wp\/v2\/product\/24877\/revisions"}],"predecessor-version":[{"id":24914,"href":"https:\/\/www.weingut-steininger.at\/en\/wp-json\/wp\/v2\/product\/24877\/revisions\/24914"}],"wp:featuredmedia":[{"embeddable":true,"href":"https:\/\/www.weingut-steininger.at\/en\/wp-json\/wp\/v2\/media\/24896"}],"wp:attachment":[{"href":"https:\/\/www.weingut-steininger.at\/en\/wp-json\/wp\/v2\/media?parent=24877"}],"wp:term":[{"taxonomy":"product_brand","embeddable":true,"href":"https:\/\/www.weingut-steininger.at\/en\/wp-json\/wp\/v2\/product_brand?post=24877"},{"taxonomy":"product_cat","embeddable":true,"href":"https:\/\/www.weingut-steininger.at\/en\/wp-json\/wp\/v2\/product_cat?post=24877"},{"taxonomy":"product_tag","embeddable":true,"href":"https:\/\/www.weingut-steininger.at\/en\/wp-json\/wp\/v2\/product_tag?post=24877"}],"curies":[{"name":"wp","href":"https:\/\/api.w.org\/{rel}","templated":true}]}}