{"id":24937,"date":"2026-04-29T08:54:56","date_gmt":"2026-04-29T06:54:56","guid":{"rendered":"https:\/\/www.weingut-steininger.at\/?post_type=product&#038;p=24937"},"modified":"2026-04-29T09:32:40","modified_gmt":"2026-04-29T07:32:40","slug":"sauvignon-blanc-reserve-sekt-2022-demi-0375-ltr","status":"publish","type":"product","link":"https:\/\/www.weingut-steininger.at\/en\/online-vinothek\/weine\/sauvignon-blanc-reserve-sekt-2022-demi-0375-ltr\/","title":{"rendered":"Sauvignon Blanc Reserve Sekt 2022 &#8211; DEMI 0,375 Ltr."},"content":{"rendered":"","protected":false},"excerpt":{"rendered":"<p><strong>Weinbeschreibung<br \/>\n<\/strong>Strahlendes Hellgr\u00fcn mit feinem, lebendigem Mousseux. In der Nase sortentypische Aromen von Cassislaub, gr\u00fcner Paprika und feiner Kr\u00e4uterw\u00fcrze, begleitet von zarten floralen Ankl\u00e4ngen. Am Gaumen pr\u00e4zise und elegant, mit w\u00fcrzigem Extrakt, feiner Struktur und animierender Frische. Ausdrucksstark und charaktervoll, mit \u00fcberzeugender Balance und Stil.<\/p>\n<p><strong>Speisenbegeleitung<br \/>\n<\/strong>Sehr stimmig zu Jakobsmuscheln mit Limette oder zu Ziegenk\u00e4se mit Kr\u00e4utern \u2013 die frische S\u00e4ure und feine Perlage unterstreichen die Aromen besonders elegant.<\/p>\n<p>&nbsp;<\/p>\n<p><a href=\"https:\/\/www.vinofact.com\/2\/f\/2022_sauvignon-blanc-sekt-reserve\/weingut-steininger_datenblatter\" target=\"_blank\" rel=\"noopener\">Datenblatt<\/a><\/p>\n","protected":false},"featured_media":24676,"template":"","meta":{"_acf_changed":false},"product_brand":[],"product_cat":[181],"product_tag":[],"class_list":{"0":"post-24937","1":"product","2":"type-product","3":"status-publish","4":"has-post-thumbnail","6":"product_cat-sekt","7":"product_shipping_class-allgemein","8":"pa_alkohol-72","9":"pa_gebinde-0375-l","10":"pa_rebsorte-sauvignon-blanc","11":"description-off","13":"first","14":"instock","15":"taxable","16":"shipping-taxable","17":"purchasable","18":"product-type-simple"},"bundled_by":[],"bundle_stock_status":"instock","bundle_stock_quantity":null,"bundle_virtual":false,"bundle_layout":"","bundle_add_to_cart_form_location":"","bundle_editable_in_cart":false,"bundle_sold_individually_context":"","bundle_item_grouping":"","bundle_min_size":"","bundle_max_size":"","bundle_price":[],"bundled_items":[],"bundle_sell_ids":[],"acf":[],"_links":{"self":[{"href":"https:\/\/www.weingut-steininger.at\/en\/wp-json\/wp\/v2\/product\/24937","targetHints":{"allow":["GET"]}}],"collection":[{"href":"https:\/\/www.weingut-steininger.at\/en\/wp-json\/wp\/v2\/product"}],"about":[{"href":"https:\/\/www.weingut-steininger.at\/en\/wp-json\/wp\/v2\/types\/product"}],"version-history":[{"count":2,"href":"https:\/\/www.weingut-steininger.at\/en\/wp-json\/wp\/v2\/product\/24937\/revisions"}],"predecessor-version":[{"id":24939,"href":"https:\/\/www.weingut-steininger.at\/en\/wp-json\/wp\/v2\/product\/24937\/revisions\/24939"}],"wp:featuredmedia":[{"embeddable":true,"href":"https:\/\/www.weingut-steininger.at\/en\/wp-json\/wp\/v2\/media\/24676"}],"wp:attachment":[{"href":"https:\/\/www.weingut-steininger.at\/en\/wp-json\/wp\/v2\/media?parent=24937"}],"wp:term":[{"taxonomy":"product_brand","embeddable":true,"href":"https:\/\/www.weingut-steininger.at\/en\/wp-json\/wp\/v2\/product_brand?post=24937"},{"taxonomy":"product_cat","embeddable":true,"href":"https:\/\/www.weingut-steininger.at\/en\/wp-json\/wp\/v2\/product_cat?post=24937"},{"taxonomy":"product_tag","embeddable":true,"href":"https:\/\/www.weingut-steininger.at\/en\/wp-json\/wp\/v2\/product_tag?post=24937"}],"curies":[{"name":"wp","href":"https:\/\/api.w.org\/{rel}","templated":true}]}}