{"id":25026,"date":"2026-05-01T14:13:26","date_gmt":"2026-05-01T12:13:26","guid":{"rendered":"https:\/\/www.weingut-steininger.at\/?post_type=product&#038;p=25026"},"modified":"2026-05-01T15:44:41","modified_gmt":"2026-05-01T13:44:41","slug":"chardonnay-reserve-sekt-2021","status":"publish","type":"product","link":"https:\/\/www.weingut-steininger.at\/en\/online-vinothek\/weine\/chardonnay-reserve-sekt-2021\/","title":{"rendered":"Chardonnay Reserve Sekt 2021"},"content":{"rendered":"","protected":false},"excerpt":{"rendered":"<p><strong>Weinbeschreibung<br \/>\n<\/strong>Helles Goldgelb mit silbrigen Reflexen und feinem, anhaltendem Mousseux. In der Nase gepr\u00e4gt von gelber Tropenfrucht, begleitet von einem Hauch Quitte und zarten floralen Ankl\u00e4ngen. Am Gaumen saftig und harmonisch mit feiner S\u00e4urestruktur und mineralischem Ausklang. Im Nachhall eine dezente, honigartige S\u00fc\u00dfe \u2013 elegant und anhaltend.<\/p>\n<p><strong>Speisenbegleitung<br \/>\n<\/strong>Ein eleganter Begleiter zu Fisch, hellem Fleisch oder cremiger Pasta \u2013 fein und ausgewogen, ohne sich in den Vordergrund zu dr\u00e4ngen.<\/p>\n<p><a href=\"https:\/\/www.vinofact.com\/2\/f\/2021_chardonnay-sekt-reserve\/weingut-steininger_datenblatter\" target=\"_blank\" rel=\"noopener\">Datenblatt<\/a><\/p>\n","protected":false},"featured_media":24690,"template":"","meta":{"_acf_changed":false},"product_brand":[],"product_cat":[181],"product_tag":[],"class_list":{"0":"post-25026","1":"product","2":"type-product","3":"status-publish","4":"has-post-thumbnail","6":"product_cat-sekt","7":"product_shipping_class-allgemein","8":"pa_alkohol-130-3","9":"pa_gebinde-075-l","10":"pa_jahrgang-658","11":"pa_rebsorte-chardonnay","12":"pa_restzucker-6-g-l","13":"pa_saeure-66-gl","14":"description-off","16":"first","17":"instock","18":"taxable","19":"shipping-taxable","20":"purchasable","21":"product-type-simple"},"bundled_by":[],"bundle_stock_status":"instock","bundle_stock_quantity":null,"bundle_virtual":false,"bundle_layout":"","bundle_add_to_cart_form_location":"","bundle_editable_in_cart":false,"bundle_sold_individually_context":"","bundle_item_grouping":"","bundle_min_size":"","bundle_max_size":"","bundle_price":[],"bundled_items":[],"bundle_sell_ids":[],"acf":[],"_links":{"self":[{"href":"https:\/\/www.weingut-steininger.at\/en\/wp-json\/wp\/v2\/product\/25026","targetHints":{"allow":["GET"]}}],"collection":[{"href":"https:\/\/www.weingut-steininger.at\/en\/wp-json\/wp\/v2\/product"}],"about":[{"href":"https:\/\/www.weingut-steininger.at\/en\/wp-json\/wp\/v2\/types\/product"}],"version-history":[{"count":2,"href":"https:\/\/www.weingut-steininger.at\/en\/wp-json\/wp\/v2\/product\/25026\/revisions"}],"predecessor-version":[{"id":25028,"href":"https:\/\/www.weingut-steininger.at\/en\/wp-json\/wp\/v2\/product\/25026\/revisions\/25028"}],"wp:featuredmedia":[{"embeddable":true,"href":"https:\/\/www.weingut-steininger.at\/en\/wp-json\/wp\/v2\/media\/24690"}],"wp:attachment":[{"href":"https:\/\/www.weingut-steininger.at\/en\/wp-json\/wp\/v2\/media?parent=25026"}],"wp:term":[{"taxonomy":"product_brand","embeddable":true,"href":"https:\/\/www.weingut-steininger.at\/en\/wp-json\/wp\/v2\/product_brand?post=25026"},{"taxonomy":"product_cat","embeddable":true,"href":"https:\/\/www.weingut-steininger.at\/en\/wp-json\/wp\/v2\/product_cat?post=25026"},{"taxonomy":"product_tag","embeddable":true,"href":"https:\/\/www.weingut-steininger.at\/en\/wp-json\/wp\/v2\/product_tag?post=25026"}],"curies":[{"name":"wp","href":"https:\/\/api.w.org\/{rel}","templated":true}]}}