{"id":2679,"date":"2016-11-07T14:15:29","date_gmt":"2016-11-07T12:15:29","guid":{"rendered":"https:\/\/www.weingut-steininger.at\/?post_type=product&#038;p=2679"},"modified":"2025-01-15T12:56:47","modified_gmt":"2025-01-15T10:56:47","slug":"gruener-veltliner-lamm-kamptal-dac-reserve","status":"publish","type":"product","link":"https:\/\/www.weingut-steininger.at\/en\/online-vinothek\/weine\/gruener-veltliner-lamm-kamptal-dac-reserve\/","title":{"rendered":"Gr\u00fcner Veltliner Ried Lamm Kamptal DAC Reserve 1\u00d6TW Erste Lage 2016"},"content":{"rendered":"<h1>Weinjahr 2016<\/h1>\n<p>Der trockene und warme Winter im Jahr 2016 verursachte einen fr\u00fchen <a href=\"https:\/\/www.oesterreichwein.at\/unser-wein\/weinglossar-von-a-z\/?tx_a21glossary%5Buid%5D=71&amp;cHash=37fdd0f00bd1fee6c5636a516f7ad7f3\">Austrieb<\/a> der Reben. Aufgrund des pl\u00f6tzlich eintretenden und massiven K\u00e4lteeinbruchs konnte man den schlimmen Frostsch\u00e4den nicht mehr entgegenwirken. H\u00f6her gelegene Rieden wurden besch\u00e4digt. W\u00e4hrend der Hauptlese herrschte eine relativ stabile Wetterperiode und man konnte ausgewogene, fruchttiefe und sortentypische Wei\u00dfweine erzielen.<\/p>\n<p>&nbsp;<\/p>\n<p>&nbsp;<\/p>\n","protected":false},"excerpt":{"rendered":"<p>Mittleres gelbgr\u00fcn, Silberreflexe. Dezente Kr\u00e4uterw\u00fcrze, sehr mineralisch, kraftvoll, reife D\u00f6rrobstaromen gelbe Steinobstnuancen, zarter S\u00e4urebogen, etwas Honig im Abgang, opulenter Stil, sch\u00f6ner Nachhall, sehr voller Abgang mit langer Lagerf\u00e4higkeit<\/p>\n<p><strong>&nbsp;<\/strong><\/p>\n<p><strong>Speisenempfehlung:<\/strong><\/p>\n<ul>\n<li>dunkles Fleisch wie Wild, Lamm und Kalb<\/li>\n<\/ul>\n<p>&nbsp;<\/p>\n<p><strong>Riede Lamm<\/strong><\/p>\n<p>S\u00fcd\u00f6stlicher Hangfu\u00df des Heiligenstein und eine der hei\u00dfesten Lagen des Weinbaugebietes. Der Boden ist kalkhaltig und besteht aus lehmig-sandigem Schluff, der sich auf L\u00f6ss gebildet hat. In den h\u00f6heren Partien zum Heiligenstein hinauf treten die unter dem L\u00f6ss liegenden, kalkarmen bis kalkfreien Schluffund Sandsteine der Z\u00f6bing-Formation zu Tage.<\/p>\n<p>&nbsp;<\/p>\n<p>&nbsp;<\/p>\n<p>Preis auf Anfrage unter <a href=\"mailto:office@weingut-steininger.at\" target=\"_blank\" rel=\"noopener noreferrer\">office@weingut-steininger.at<\/a><\/p>\n","protected":false},"featured_media":4013,"template":"","meta":{"_acf_changed":false},"product_brand":[],"product_cat":[729,363,303],"product_tag":[],"class_list":{"0":"post-2679","1":"product","2":"type-product","3":"status-publish","4":"has-post-thumbnail","6":"product_cat-altweinkeller","7":"product_cat-gereifte-weine","8":"product_cat-gereifte-weine-sekte","9":"product_shipping_class-allgemein","10":"pa_alkohol-119","11":"pa_gebinde-075-l","12":"pa_restzucker-28-gl","13":"pa_saeure-49-gl","14":"description-off","16":"first","17":"outofstock","18":"taxable","19":"shipping-taxable","20":"product-type-simple"},"bundled_by":[],"bundle_stock_status":"outofstock","bundle_stock_quantity":null,"bundle_virtual":false,"bundle_layout":"","bundle_add_to_cart_form_location":"","bundle_editable_in_cart":false,"bundle_sold_individually_context":"","bundle_item_grouping":"","bundle_min_size":"","bundle_max_size":"","bundle_price":[],"bundled_items":[],"bundle_sell_ids":[],"acf":[],"_links":{"self":[{"href":"https:\/\/www.weingut-steininger.at\/en\/wp-json\/wp\/v2\/product\/2679","targetHints":{"allow":["GET"]}}],"collection":[{"href":"https:\/\/www.weingut-steininger.at\/en\/wp-json\/wp\/v2\/product"}],"about":[{"href":"https:\/\/www.weingut-steininger.at\/en\/wp-json\/wp\/v2\/types\/product"}],"version-history":[{"count":2,"href":"https:\/\/www.weingut-steininger.at\/en\/wp-json\/wp\/v2\/product\/2679\/revisions"}],"predecessor-version":[{"id":17922,"href":"https:\/\/www.weingut-steininger.at\/en\/wp-json\/wp\/v2\/product\/2679\/revisions\/17922"}],"wp:featuredmedia":[{"embeddable":true,"href":"https:\/\/www.weingut-steininger.at\/en\/wp-json\/wp\/v2\/media\/4013"}],"wp:attachment":[{"href":"https:\/\/www.weingut-steininger.at\/en\/wp-json\/wp\/v2\/media?parent=2679"}],"wp:term":[{"taxonomy":"product_brand","embeddable":true,"href":"https:\/\/www.weingut-steininger.at\/en\/wp-json\/wp\/v2\/product_brand?post=2679"},{"taxonomy":"product_cat","embeddable":true,"href":"https:\/\/www.weingut-steininger.at\/en\/wp-json\/wp\/v2\/product_cat?post=2679"},{"taxonomy":"product_tag","embeddable":true,"href":"https:\/\/www.weingut-steininger.at\/en\/wp-json\/wp\/v2\/product_tag?post=2679"}],"curies":[{"name":"wp","href":"https:\/\/api.w.org\/{rel}","templated":true}]}}