{"id":2681,"date":"2016-11-07T14:27:33","date_gmt":"2016-11-07T12:27:33","guid":{"rendered":"https:\/\/www.weingut-steininger.at\/?post_type=product&#038;p=2681"},"modified":"2025-01-15T12:56:47","modified_gmt":"2025-01-15T10:56:47","slug":"riesling-koglberg-kamptal-dac-reserve-2015","status":"publish","type":"product","link":"https:\/\/www.weingut-steininger.at\/en\/online-vinothek\/weine\/riesling-koglberg-kamptal-dac-reserve-2015\/","title":{"rendered":"Riesling Ried Kogelberg Kamptal DAC Reserve 1\u00d6TW Erste Lage 2016"},"content":{"rendered":"","protected":false},"excerpt":{"rendered":"<p>Mittleres gelbgr\u00fcn, Silberreflexe. Frische gelbe Tropenfrucht, Nuancen von Pfirsich, ein Hauch von Ringlotten und Orangenzesten. Saftig, elegante Textur, dezente Fruchts\u00fc\u00dfe, zarte S\u00e4urestruktur, langer Abgang mit guter Lagerf\u00e4higkeit<\/p>\n<p>&nbsp;<\/p>\n<p><strong>Speisenempfehlung:<\/strong><\/p>\n<ul>\n<li>Helles Fleisch<\/li>\n<li>Meeresfr\u00fcchte<\/li>\n<li>Hummer<\/li>\n<li>Jakobsmuschel<\/li>\n<li>Steinbutt<\/li>\n<\/ul>\n<p>&nbsp;<\/p>\n<p><strong>Riede Kogelberg&nbsp;<\/strong><br \/>\nDer Z\u00f6binger Kogelberg ist ein Ausl\u00e4ufer des Waldviertler Hochplateaus und bildet einen breiten Nord-S\u00fcd ziehenden R\u00fccken mit dem Friedenskreuz und der Abdachung zum s\u00fcd\u00f6stlich gelegenen<br \/>\nOrt Z\u00f6bing. Der S\u00fcdhang ist in Terrassen gegliedert und die gro\u00dfen Temperaturunterschiede zwischen extremer Sonneneinstrahlung am Tag und frischer Waldviertler Nacht f\u00f6rdern die Feinfruchtigkeit&nbsp;des Weines. Den Gesteinsuntergrund bilden kristalline Gesteine (\u201eUrgestein\u201c), vorwiegend Glimmerschiefer und Amphibolite.<\/p>\n<p>&nbsp;<\/p>\n<p>&nbsp;<\/p>\n<p>Preis auf Anfrage: office@weingut-steininger.at<\/p>\n","protected":false},"featured_media":4025,"template":"","meta":{"_acf_changed":false},"product_brand":[],"product_cat":[729,363,303],"product_tag":[],"class_list":{"0":"post-2681","1":"product","2":"type-product","3":"status-publish","4":"has-post-thumbnail","6":"product_cat-altweinkeller","7":"product_cat-gereifte-weine","8":"product_cat-gereifte-weine-sekte","9":"product_shipping_class-allgemein","10":"pa_alkohol-159","11":"pa_gebinde-075-l","12":"pa_rebsorte-riesling","13":"pa_restzucker-68-gl","14":"description-off","16":"first","17":"outofstock","18":"taxable","19":"shipping-taxable","20":"product-type-simple"},"bundled_by":[],"bundle_stock_status":"outofstock","bundle_stock_quantity":null,"bundle_virtual":false,"bundle_layout":"","bundle_add_to_cart_form_location":"","bundle_editable_in_cart":false,"bundle_sold_individually_context":"","bundle_item_grouping":"","bundle_min_size":"","bundle_max_size":"","bundle_price":[],"bundled_items":[],"bundle_sell_ids":[],"acf":[],"_links":{"self":[{"href":"https:\/\/www.weingut-steininger.at\/en\/wp-json\/wp\/v2\/product\/2681","targetHints":{"allow":["GET"]}}],"collection":[{"href":"https:\/\/www.weingut-steininger.at\/en\/wp-json\/wp\/v2\/product"}],"about":[{"href":"https:\/\/www.weingut-steininger.at\/en\/wp-json\/wp\/v2\/types\/product"}],"version-history":[{"count":1,"href":"https:\/\/www.weingut-steininger.at\/en\/wp-json\/wp\/v2\/product\/2681\/revisions"}],"predecessor-version":[{"id":13961,"href":"https:\/\/www.weingut-steininger.at\/en\/wp-json\/wp\/v2\/product\/2681\/revisions\/13961"}],"wp:featuredmedia":[{"embeddable":true,"href":"https:\/\/www.weingut-steininger.at\/en\/wp-json\/wp\/v2\/media\/4025"}],"wp:attachment":[{"href":"https:\/\/www.weingut-steininger.at\/en\/wp-json\/wp\/v2\/media?parent=2681"}],"wp:term":[{"taxonomy":"product_brand","embeddable":true,"href":"https:\/\/www.weingut-steininger.at\/en\/wp-json\/wp\/v2\/product_brand?post=2681"},{"taxonomy":"product_cat","embeddable":true,"href":"https:\/\/www.weingut-steininger.at\/en\/wp-json\/wp\/v2\/product_cat?post=2681"},{"taxonomy":"product_tag","embeddable":true,"href":"https:\/\/www.weingut-steininger.at\/en\/wp-json\/wp\/v2\/product_tag?post=2681"}],"curies":[{"name":"wp","href":"https:\/\/api.w.org\/{rel}","templated":true}]}}