{"id":2886,"date":"2017-01-04T14:15:02","date_gmt":"2017-01-04T12:15:02","guid":{"rendered":"https:\/\/www.weingut-steininger.at\/?post_type=product&#038;p=2886"},"modified":"2026-02-13T17:50:21","modified_gmt":"2026-02-13T15:50:21","slug":"weissburgunder-sekt-methode-elementar","status":"publish","type":"product","link":"https:\/\/www.weingut-steininger.at\/en\/online-vinothek\/weine\/weissburgunder-sekt-methode-elementar\/","title":{"rendered":"Wei\u00dfburgunder Sekt methode elementar"},"content":{"rendered":"","protected":false},"excerpt":{"rendered":"<p><strong>Weinbeschreibung<\/strong><br \/>\nSattes Goldgelb im Glas. In der Nase zur\u00fcckhaltend, am Gaumen zeigt sich ein geradliniges, mineralisch gepr\u00e4gtes Geschmacksbild mit k\u00fchler Tiefe und feiner Textur. Die Frucht ist dezent, der Sortencharakter daf\u00fcr umso klarer erkennbar \u2013 getragen von Herkunft, Boden und Ausbau. Ein charakterstarker Sekt mit Haltung und subtilem Druck.<\/p>\n<p><strong>Speisenbegleitung<br \/>\n<\/strong>Ein vielseitiger Begleiter zu gegrilltem Fisch, saftigem Schweinebauch oder einem cremigen Gem\u00fcserisotto. Die klare Struktur und feine W\u00fcrze des Sekts bringen Frische und Balance zu aromatischen, gehaltvollen Speisen.<strong><br \/>\n<\/strong><\/p>\n<p><a href=\"https:\/\/www.vinofact.com\/2\/f\/2018_weissburgunder-methode-elementar\/weingut-steininger_datenblatter\" target=\"_blank\" rel=\"noopener\">Datenblatt<\/a><\/p>\n","protected":false},"featured_media":24383,"template":"","meta":{"_acf_changed":false},"product_brand":[],"product_cat":[181],"product_tag":[],"class_list":{"0":"post-2886","1":"product","2":"type-product","3":"status-publish","4":"has-post-thumbnail","6":"product_cat-sekt","7":"product_shipping_class-allgemein","8":"pa_alkohol-159","9":"description-off","11":"first","12":"instock","13":"taxable","14":"shipping-taxable","15":"purchasable","16":"product-type-simple"},"bundled_by":["7332"],"bundle_stock_status":"instock","bundle_stock_quantity":null,"bundle_virtual":false,"bundle_layout":"","bundle_add_to_cart_form_location":"","bundle_editable_in_cart":false,"bundle_sold_individually_context":"","bundle_item_grouping":"","bundle_min_size":"","bundle_max_size":"","bundle_price":[],"bundled_items":[],"bundle_sell_ids":[],"acf":[],"_links":{"self":[{"href":"https:\/\/www.weingut-steininger.at\/en\/wp-json\/wp\/v2\/product\/2886","targetHints":{"allow":["GET"]}}],"collection":[{"href":"https:\/\/www.weingut-steininger.at\/en\/wp-json\/wp\/v2\/product"}],"about":[{"href":"https:\/\/www.weingut-steininger.at\/en\/wp-json\/wp\/v2\/types\/product"}],"version-history":[{"count":3,"href":"https:\/\/www.weingut-steininger.at\/en\/wp-json\/wp\/v2\/product\/2886\/revisions"}],"predecessor-version":[{"id":24382,"href":"https:\/\/www.weingut-steininger.at\/en\/wp-json\/wp\/v2\/product\/2886\/revisions\/24382"}],"wp:featuredmedia":[{"embeddable":true,"href":"https:\/\/www.weingut-steininger.at\/en\/wp-json\/wp\/v2\/media\/24383"}],"wp:attachment":[{"href":"https:\/\/www.weingut-steininger.at\/en\/wp-json\/wp\/v2\/media?parent=2886"}],"wp:term":[{"taxonomy":"product_brand","embeddable":true,"href":"https:\/\/www.weingut-steininger.at\/en\/wp-json\/wp\/v2\/product_brand?post=2886"},{"taxonomy":"product_cat","embeddable":true,"href":"https:\/\/www.weingut-steininger.at\/en\/wp-json\/wp\/v2\/product_cat?post=2886"},{"taxonomy":"product_tag","embeddable":true,"href":"https:\/\/www.weingut-steininger.at\/en\/wp-json\/wp\/v2\/product_tag?post=2886"}],"curies":[{"name":"wp","href":"https:\/\/api.w.org\/{rel}","templated":true}]}}