{"id":3785,"date":"2018-09-03T11:48:34","date_gmt":"2018-09-03T09:48:34","guid":{"rendered":"https:\/\/www.weingut-steininger.at\/?post_type=product&#038;p=3785"},"modified":"2025-01-15T12:56:45","modified_gmt":"2025-01-15T10:56:45","slug":"gruener-veltliner-ried-kittmannsberg-kamptal-dac-reserve-1oetw-erste-lage-2017","status":"publish","type":"product","link":"https:\/\/www.weingut-steininger.at\/en\/online-vinothek\/weine\/gruener-veltliner-ried-kittmannsberg-kamptal-dac-reserve-1oetw-erste-lage-2017\/","title":{"rendered":"Gr\u00fcner Veltliner Ried Kittmannsberg Kamptal DAC Reserve 1\u00d6TW Erste Lage 2017"},"content":{"rendered":"<table>\n<tbody>\n<tr>\n<td><strong>Wine Enthusiast 2019 \u2013 94 Punkte<\/strong><\/p>\n<p>Falstaff Weinguide 2018\/2019 \u2013 91 Punkte<\/p>\n<p>Mittleres gr\u00fcngelb, Silberreflexe. Zart floral unterlegte Marillenfrucht, ein Hauch von Orangenzesten, etwas Bl\u00fctenhonig. Saftig, rund und harmonisch, reifer gelber Apfel, dezenter S\u00e4urebogen, feine Fruchts\u00fc\u00dfe im Abgang.<\/p>\n<p>&nbsp;<\/p>\n<p><strong>Vinaria Weinguide 2018\/2019 ****<\/strong><\/p>\n<p>Gelbe \u00c4pfel, Koriander, Minze; k\u00fchlw\u00fcrzig, mineralisch, satter Fruchtbiss, kr\u00e4ftig, dabei klar und fein gemei\u00dfelt; Veltliner-Prachtst\u00fcck.<\/td>\n<\/tr>\n<\/tbody>\n<\/table>\n<p>&nbsp;<\/p>\n","protected":false},"excerpt":{"rendered":"<p>Dieser Wein ist ein perfektes Beispiel von Gr\u00fcnem Veltliner; facettenreicher Duft; Golden Delicious; w\u00fcrzig; mineralisch und feines Bukett; lang anhaltender Abgang mit leicht unterlegtem wei\u00dfen Pfeffer.<\/p>\n<p>Speisenbegleiter:<\/p>\n<ul>\n<li>Kalbfleisch (Wiener Schnitzel)<\/li>\n<li>Salate<\/li>\n<li>Meeresfr\u00fcchte<\/li>\n<\/ul>\n<p>&nbsp;<\/p>\n<p><strong>Riede Kittmannsberg:<\/strong><br \/>\nSanft geneigte und gro\u00dffl\u00e4chig terrassierte Lage westlich von Langenlois mit s\u00fcd\u00f6stlicher Ausrichtung und Windschutz durch die kesself\u00f6rmige Einbuchtung. Die B\u00f6den sind tiefgr\u00fcndig, stark kalkig und&nbsp;bestehen aus lehmig-sandigem Schluff, der sich aus dem weit verbreiteten und mehrst\u00f6ckig aufgeschichteten L\u00f6ss bildet.<\/p>\n<p>&nbsp;<\/p>\n<p>&nbsp;<\/p>\n<p>Preis auf Anfrage: office@weingut-steininger.at<\/p>\n<p>&nbsp;<\/p>\n<p>&nbsp;<\/p>\n","protected":false},"featured_media":4032,"template":"","meta":{"_acf_changed":false},"product_brand":[],"product_cat":[729,363,303],"product_tag":[],"class_list":{"0":"post-3785","1":"product","2":"type-product","3":"status-publish","4":"has-post-thumbnail","6":"product_cat-altweinkeller","7":"product_cat-gereifte-weine","8":"product_cat-gereifte-weine-sekte","9":"product_shipping_class-allgemein","10":"pa_alkohol-135-vol","11":"pa_gebinde-075-l","12":"pa_rebsorte-gv","13":"pa_restzucker-40-g-l","14":"pa_saeure-54-gl","15":"description-off","17":"first","18":"outofstock","19":"taxable","20":"shipping-taxable","21":"product-type-simple"},"bundled_by":[],"bundle_stock_status":"outofstock","bundle_stock_quantity":null,"bundle_virtual":false,"bundle_layout":"","bundle_add_to_cart_form_location":"","bundle_editable_in_cart":false,"bundle_sold_individually_context":"","bundle_item_grouping":"","bundle_min_size":"","bundle_max_size":"","bundle_price":[],"bundled_items":[],"bundle_sell_ids":[],"acf":[],"_links":{"self":[{"href":"https:\/\/www.weingut-steininger.at\/en\/wp-json\/wp\/v2\/product\/3785","targetHints":{"allow":["GET"]}}],"collection":[{"href":"https:\/\/www.weingut-steininger.at\/en\/wp-json\/wp\/v2\/product"}],"about":[{"href":"https:\/\/www.weingut-steininger.at\/en\/wp-json\/wp\/v2\/types\/product"}],"version-history":[{"count":2,"href":"https:\/\/www.weingut-steininger.at\/en\/wp-json\/wp\/v2\/product\/3785\/revisions"}],"predecessor-version":[{"id":18107,"href":"https:\/\/www.weingut-steininger.at\/en\/wp-json\/wp\/v2\/product\/3785\/revisions\/18107"}],"wp:featuredmedia":[{"embeddable":true,"href":"https:\/\/www.weingut-steininger.at\/en\/wp-json\/wp\/v2\/media\/4032"}],"wp:attachment":[{"href":"https:\/\/www.weingut-steininger.at\/en\/wp-json\/wp\/v2\/media?parent=3785"}],"wp:term":[{"taxonomy":"product_brand","embeddable":true,"href":"https:\/\/www.weingut-steininger.at\/en\/wp-json\/wp\/v2\/product_brand?post=3785"},{"taxonomy":"product_cat","embeddable":true,"href":"https:\/\/www.weingut-steininger.at\/en\/wp-json\/wp\/v2\/product_cat?post=3785"},{"taxonomy":"product_tag","embeddable":true,"href":"https:\/\/www.weingut-steininger.at\/en\/wp-json\/wp\/v2\/product_tag?post=3785"}],"curies":[{"name":"wp","href":"https:\/\/api.w.org\/{rel}","templated":true}]}}