{"id":3787,"date":"2018-09-03T11:56:32","date_gmt":"2018-09-03T09:56:32","guid":{"rendered":"https:\/\/www.weingut-steininger.at\/?post_type=product&#038;p=3787"},"modified":"2025-01-15T12:56:45","modified_gmt":"2025-01-15T10:56:45","slug":"riesling-ried-kogelberg-kamptal-dac-reserve-1oetw-erste-lage-2017","status":"publish","type":"product","link":"https:\/\/www.weingut-steininger.at\/en\/online-vinothek\/weine\/riesling-ried-kogelberg-kamptal-dac-reserve-1oetw-erste-lage-2017\/","title":{"rendered":"Riesling Ried Kogelberg Kamptal DAC Reserve 1\u00d6TW Erste Lage 2017"},"content":{"rendered":"<p><strong>Falstaff Weinguide 2018\/2019 \u2013 92 Punkte<\/strong><\/p>\n<p>Mittleres gr\u00fcngelb, Silberreflexe. Floral unterlegte wei\u00dfe Tropenfrucht, ein Hauch von Maracuja und Ananas, Limettenzesten. Stoffig, wei\u00dfe Pfirsichfrucht, finessenreicher S\u00e4urebogen, zitronig-mineralischer Nachhall, gutes Reifepotenzial<\/p>\n<p>&nbsp;<\/p>\n<p><strong>Vinaria Weinguide 2018\/2019 **** (4 Sterne) &#8211; Vinaria Tipp<\/strong><\/p>\n<p>Rauchig-schiefrige Mineralit\u00e4t, fokussierte Tropenfrucht, Blutorangen, Maracuja, Ananas, festes Fundament, extrakts\u00fc\u00df und tiefgr\u00fcndig. Hat Potenzial f\u00fcr Jahrzehnte.<\/p>\n<p>&nbsp;<\/p>\n<p><strong>Gault Millau 2019: 17 Punkte &#8211; 3 Trauben<\/strong><\/p>\n<p>&nbsp;<\/p>\n<p><strong>WeinPlus: Hervorragend (90 WP) &#8211; Spitzenplatz<\/strong><\/p>\n","protected":false},"excerpt":{"rendered":"<p>Mittleres gelbgr\u00fcn, Silberreflexe. Frische gelbe Tropenfrucht, Nuancen von Pfirsich, ein Hauch von Ringlotten und Orangenzesten. Saftig, elegante Textur, dezente Fruchts\u00fc\u00dfe, zarte S\u00e4urestruktur, langer Abgang mit guter Lagerf\u00e4higkeit<\/p>\n<p>&nbsp;<\/p>\n<p><strong>Speisenempfehlung:<\/strong><\/p>\n<ul>\n<li>Helles Fleisch<\/li>\n<li>Meeresfr\u00fcchte<\/li>\n<li>Hummer<\/li>\n<li>Jakobsmuschel<\/li>\n<li>Steinbutt<\/li>\n<\/ul>\n<p>&nbsp;<\/p>\n<p><strong>Riede Kogelberg&nbsp;<\/strong><br \/>\nDer Z\u00f6binger Kogelberg ist ein Ausl\u00e4ufer des Waldviertler Hochplateaus und bildet einen breiten Nord-S\u00fcd ziehenden R\u00fccken mit dem Friedenskreuz und der Abdachung zum s\u00fcd\u00f6stlich gelegenen<br \/>\nOrt Z\u00f6bing. Der S\u00fcdhang ist in Terrassen gegliedert und die gro\u00dfen Temperaturunterschiede zwischen extremer Sonneneinstrahlung am Tag und frischer Waldviertler Nacht f\u00f6rdern die Feinfruchtigkeit&nbsp;des Weines. Den Gesteinsuntergrund bilden kristalline Gesteine (\u201eUrgestein\u201c), vorwiegend Glimmerschiefer und Amphibolite.<\/p>\n<p>&nbsp;<\/p>\n<p>&nbsp;<\/p>\n<p>Preis auf Anfrage unter office@weingut-steininger.at<\/p>\n","protected":false},"featured_media":4025,"template":"","meta":{"_acf_changed":false},"product_brand":[],"product_cat":[729,363,303],"product_tag":[],"class_list":{"0":"post-3787","1":"product","2":"type-product","3":"status-publish","4":"has-post-thumbnail","6":"product_cat-altweinkeller","7":"product_cat-gereifte-weine","8":"product_cat-gereifte-weine-sekte","9":"product_shipping_class-allgemein","10":"pa_alkohol-135-vol","11":"pa_gebinde-075-l","12":"pa_rebsorte-riesling","13":"pa_restzucker-93-g-l","14":"pa_saeure-67-g-l","15":"description-off","17":"first","18":"outofstock","19":"taxable","20":"shipping-taxable","21":"product-type-simple"},"bundled_by":[],"bundle_stock_status":"outofstock","bundle_stock_quantity":null,"bundle_virtual":false,"bundle_layout":"","bundle_add_to_cart_form_location":"","bundle_editable_in_cart":false,"bundle_sold_individually_context":"","bundle_item_grouping":"","bundle_min_size":"","bundle_max_size":"","bundle_price":[],"bundled_items":[],"bundle_sell_ids":[],"acf":[],"_links":{"self":[{"href":"https:\/\/www.weingut-steininger.at\/en\/wp-json\/wp\/v2\/product\/3787","targetHints":{"allow":["GET"]}}],"collection":[{"href":"https:\/\/www.weingut-steininger.at\/en\/wp-json\/wp\/v2\/product"}],"about":[{"href":"https:\/\/www.weingut-steininger.at\/en\/wp-json\/wp\/v2\/types\/product"}],"version-history":[{"count":2,"href":"https:\/\/www.weingut-steininger.at\/en\/wp-json\/wp\/v2\/product\/3787\/revisions"}],"predecessor-version":[{"id":18109,"href":"https:\/\/www.weingut-steininger.at\/en\/wp-json\/wp\/v2\/product\/3787\/revisions\/18109"}],"wp:featuredmedia":[{"embeddable":true,"href":"https:\/\/www.weingut-steininger.at\/en\/wp-json\/wp\/v2\/media\/4025"}],"wp:attachment":[{"href":"https:\/\/www.weingut-steininger.at\/en\/wp-json\/wp\/v2\/media?parent=3787"}],"wp:term":[{"taxonomy":"product_brand","embeddable":true,"href":"https:\/\/www.weingut-steininger.at\/en\/wp-json\/wp\/v2\/product_brand?post=3787"},{"taxonomy":"product_cat","embeddable":true,"href":"https:\/\/www.weingut-steininger.at\/en\/wp-json\/wp\/v2\/product_cat?post=3787"},{"taxonomy":"product_tag","embeddable":true,"href":"https:\/\/www.weingut-steininger.at\/en\/wp-json\/wp\/v2\/product_tag?post=3787"}],"curies":[{"name":"wp","href":"https:\/\/api.w.org\/{rel}","templated":true}]}}