{"id":3790,"date":"2018-09-03T12:00:56","date_gmt":"2018-09-03T10:00:56","guid":{"rendered":"https:\/\/www.weingut-steininger.at\/?post_type=product&#038;p=3790"},"modified":"2025-01-15T12:56:45","modified_gmt":"2025-01-15T10:56:45","slug":"gruener-veltliner-ried-lamm-kamptal-dac-reserve-1oetw-erste-lage-2017","status":"publish","type":"product","link":"https:\/\/www.weingut-steininger.at\/en\/online-vinothek\/weine\/gruener-veltliner-ried-lamm-kamptal-dac-reserve-1oetw-erste-lage-2017\/","title":{"rendered":"Gr\u00fcner Veltliner Ried Lamm Kamptal DAC Reserve 1\u00d6TW Erste Lage 2017"},"content":{"rendered":"<p><strong>Wine Enthusiast 2019 \u2013 94 Punkte<\/strong><\/p>\n<p>&nbsp;<\/p>\n<p><strong>Falstaff Weinguide 2018\/2019 \u2013 93 Punkte<\/strong><\/p>\n<p>Mittleres gr\u00fcngelb, Silberreflexe. Feine Nuancen von frischen Marillen, ein Hauch von Birne, zarte Kr\u00e4uterw\u00fcrze, tabakige Nuancen, dezenter Touch von Orangenzesten. Straff, dunkle Mineralit\u00e4t, wei\u00dfe Apfelfrucht, frischer S\u00e4urebogen, bleibt gut haften.<\/p>\n<p>&nbsp;<\/p>\n<p><strong>Vinaria Weinguide 2018\/2019 **** (4 Sterne)<\/strong><\/p>\n<p>Bl\u00fcten, heller Tabak, Nektarinen, Brioche; schwebt trotz aller Kraft schwerelos \u00fcber den Gaumen. Nobler Wein mit Tiefgang, enormer L\u00e4nge und gro\u00dfz\u00fcgigen Reserven.<\/p>\n<p>&nbsp;<\/p>\n<p><strong>Gault Millau 2019: 17 Punkte &#8211; 3 Trauben<\/strong><\/p>\n<p>&nbsp;<\/p>\n<p><strong>Genuss Wein.Pur Guide 2019\/2020: 4 Gl\u00e4ser<\/strong><\/p>\n","protected":false},"excerpt":{"rendered":"<p>Mittleres gelbgr\u00fcn, Silberreflexe. Dezente Kr\u00e4uterw\u00fcrze, sehr mineralisch, kraftvoll, reife D\u00f6rrobstaromen gelbe Steinobstnuancen, zarter S\u00e4urebogen, etwas Honig im Abgang, opulenter Stil, sch\u00f6ner Nachhall, sehr voller Abgang mit langer Lagerf\u00e4higkeit<\/p>\n<p><strong>&nbsp;<\/strong><\/p>\n<p><strong>Speisenempfehlung:<\/strong><\/p>\n<ul>\n<li>dunkles Fleisch wie Wild, Lamm und Kalb<\/li>\n<\/ul>\n<p>&nbsp;<\/p>\n<p><strong>Riede Lamm<\/strong><\/p>\n<p>S\u00fcd\u00f6stlicher Hangfu\u00df des Heiligenstein und eine der hei\u00dfesten Lagen des Weinbaugebietes. Der Boden ist kalkhaltig und besteht aus lehmig-sandigem Schluff, der sich auf L\u00f6ss gebildet hat. In den h\u00f6heren Partien zum Heiligenstein hinauf treten die unter dem L\u00f6ss liegenden, kalkarmen bis kalkfreien Schluffund Sandsteine der Z\u00f6bing-Formation zu Tage.<\/p>\n<p>&nbsp;<\/p>\n<p>Preis auf Anfrage: office@weingut-steininger.at<\/p>\n","protected":false},"featured_media":4013,"template":"","meta":{"_acf_changed":false},"product_brand":[],"product_cat":[729,363,303],"product_tag":[],"class_list":{"0":"post-3790","1":"product","2":"type-product","3":"status-publish","4":"has-post-thumbnail","6":"product_cat-altweinkeller","7":"product_cat-gereifte-weine","8":"product_cat-gereifte-weine-sekte","9":"product_shipping_class-allgemein","10":"pa_alkohol-14-vol","11":"pa_gebinde-075-l","12":"pa_rebsorte-gv","13":"pa_restzucker-60-g-l","14":"pa_saeure-54-gl","15":"description-off","17":"first","18":"outofstock","19":"taxable","20":"shipping-taxable","21":"product-type-simple"},"bundled_by":[],"bundle_stock_status":"outofstock","bundle_stock_quantity":null,"bundle_virtual":false,"bundle_layout":"","bundle_add_to_cart_form_location":"","bundle_editable_in_cart":false,"bundle_sold_individually_context":"","bundle_item_grouping":"","bundle_min_size":"","bundle_max_size":"","bundle_price":[],"bundled_items":[],"bundle_sell_ids":[],"acf":[],"_links":{"self":[{"href":"https:\/\/www.weingut-steininger.at\/en\/wp-json\/wp\/v2\/product\/3790","targetHints":{"allow":["GET"]}}],"collection":[{"href":"https:\/\/www.weingut-steininger.at\/en\/wp-json\/wp\/v2\/product"}],"about":[{"href":"https:\/\/www.weingut-steininger.at\/en\/wp-json\/wp\/v2\/types\/product"}],"version-history":[{"count":2,"href":"https:\/\/www.weingut-steininger.at\/en\/wp-json\/wp\/v2\/product\/3790\/revisions"}],"predecessor-version":[{"id":18111,"href":"https:\/\/www.weingut-steininger.at\/en\/wp-json\/wp\/v2\/product\/3790\/revisions\/18111"}],"wp:featuredmedia":[{"embeddable":true,"href":"https:\/\/www.weingut-steininger.at\/en\/wp-json\/wp\/v2\/media\/4013"}],"wp:attachment":[{"href":"https:\/\/www.weingut-steininger.at\/en\/wp-json\/wp\/v2\/media?parent=3790"}],"wp:term":[{"taxonomy":"product_brand","embeddable":true,"href":"https:\/\/www.weingut-steininger.at\/en\/wp-json\/wp\/v2\/product_brand?post=3790"},{"taxonomy":"product_cat","embeddable":true,"href":"https:\/\/www.weingut-steininger.at\/en\/wp-json\/wp\/v2\/product_cat?post=3790"},{"taxonomy":"product_tag","embeddable":true,"href":"https:\/\/www.weingut-steininger.at\/en\/wp-json\/wp\/v2\/product_tag?post=3790"}],"curies":[{"name":"wp","href":"https:\/\/api.w.org\/{rel}","templated":true}]}}