{"id":3793,"date":"2018-09-03T12:11:38","date_gmt":"2018-09-03T10:11:38","guid":{"rendered":"https:\/\/www.weingut-steininger.at\/?post_type=product&#038;p=3793"},"modified":"2025-01-15T12:56:44","modified_gmt":"2025-01-15T10:56:44","slug":"riesling-ried-steinhaus-kamptal-dac-reserve-1oetw-erste-lage-2017","status":"publish","type":"product","link":"https:\/\/www.weingut-steininger.at\/en\/online-vinothek\/weine\/riesling-ried-steinhaus-kamptal-dac-reserve-1oetw-erste-lage-2017\/","title":{"rendered":"Riesling Ried Steinhaus Kamptal DAC Reserve 1\u00d6TW Erste Lage 2017"},"content":{"rendered":"<p><strong>Falstaff Weinguide 2018\/2019 \u2013 91 Punkte<\/strong><\/p>\n<p>Helles gr\u00fcngelb, Silberreflexe. Zart rauchig unterlegte wei\u00dfe Pfirsichfrucht, ein Hauch von Zitronengras, floraler sowie mineralischer Touch. Mittlerer K\u00f6rper, wei\u00dfer Pfirsich, straffe Struktur, Limetten im Abgang, frischer Speisenbegleiter.<\/p>\n<p>&nbsp;<\/p>\n<p><strong>Vinaria Weinguide 2018\/2019 *** (3Sterne)<\/strong><\/p>\n<p>Gr\u00fcne Pfirsiche, gesteinsmehlig, geb\u00fcndelte Frucht, kristallklar und finessebetont.<\/p>\n","protected":false},"excerpt":{"rendered":"<p>Dunkles goldgelb, reife Weingartenpfirsiche; ein Hauch von Passionsfrucht; attraktiv im Duft; lang im Abgang mit einer hohen Mineralit\u00e4t. Ein klassischer Wein mit Potenzial.<\/p>\n<p>Speisenbegleiter:<\/p>\n<ul>\n<li>Fisch- und Meeresfr\u00fcchte<\/li>\n<li>Huhn- und Putengerichte<\/li>\n<\/ul>\n<p>&nbsp;<\/p>\n<p><strong>Riede Steinhaus<\/strong><\/p>\n<p>Steile Terrassenlage n\u00f6rdlich von Langenlois mit ausgepr\u00e4gter S\u00fcdausrichtung und einer Neigung von \u00fcber 20%. Den Untergrund bildet dunkler Amphibolit, der stellenweise von auff\u00e4lligen G\u00e4ngen aus hellen Quarz- und Feldspat-reichen Gesteinen durchzogen wird und steinige B\u00f6den bildet, die manchmal auch kalkig sind. Besonders in den tieferen Bereichen zur Stadt Langenlois hin ist der Amphibolit von L\u00f6ss \u00fcberweht.<\/p>\n<p>&nbsp;<\/p>\n<p>&nbsp;<\/p>\n<p>Preis auf Anfrage: office@weingut-steininger.at<\/p>\n<p>&nbsp;<\/p>\n","protected":false},"featured_media":4020,"template":"","meta":{"_acf_changed":false},"product_brand":[],"product_cat":[729,363,303],"product_tag":[],"class_list":{"0":"post-3793","1":"product","2":"type-product","3":"status-publish","4":"has-post-thumbnail","6":"product_cat-altweinkeller","7":"product_cat-gereifte-weine","8":"product_cat-gereifte-weine-sekte","9":"product_shipping_class-allgemein","10":"pa_alkohol-135-vol","11":"pa_gebinde-075-l","12":"pa_rebsorte-riesling","13":"pa_restzucker-93-g-l","14":"pa_saeure-67-g-l","15":"description-off","17":"first","18":"outofstock","19":"taxable","20":"shipping-taxable","21":"product-type-simple"},"bundled_by":[],"bundle_stock_status":"outofstock","bundle_stock_quantity":null,"bundle_virtual":false,"bundle_layout":"","bundle_add_to_cart_form_location":"","bundle_editable_in_cart":false,"bundle_sold_individually_context":"","bundle_item_grouping":"","bundle_min_size":"","bundle_max_size":"","bundle_price":[],"bundled_items":[],"bundle_sell_ids":[],"acf":[],"_links":{"self":[{"href":"https:\/\/www.weingut-steininger.at\/en\/wp-json\/wp\/v2\/product\/3793","targetHints":{"allow":["GET"]}}],"collection":[{"href":"https:\/\/www.weingut-steininger.at\/en\/wp-json\/wp\/v2\/product"}],"about":[{"href":"https:\/\/www.weingut-steininger.at\/en\/wp-json\/wp\/v2\/types\/product"}],"version-history":[{"count":2,"href":"https:\/\/www.weingut-steininger.at\/en\/wp-json\/wp\/v2\/product\/3793\/revisions"}],"predecessor-version":[{"id":18115,"href":"https:\/\/www.weingut-steininger.at\/en\/wp-json\/wp\/v2\/product\/3793\/revisions\/18115"}],"wp:featuredmedia":[{"embeddable":true,"href":"https:\/\/www.weingut-steininger.at\/en\/wp-json\/wp\/v2\/media\/4020"}],"wp:attachment":[{"href":"https:\/\/www.weingut-steininger.at\/en\/wp-json\/wp\/v2\/media?parent=3793"}],"wp:term":[{"taxonomy":"product_brand","embeddable":true,"href":"https:\/\/www.weingut-steininger.at\/en\/wp-json\/wp\/v2\/product_brand?post=3793"},{"taxonomy":"product_cat","embeddable":true,"href":"https:\/\/www.weingut-steininger.at\/en\/wp-json\/wp\/v2\/product_cat?post=3793"},{"taxonomy":"product_tag","embeddable":true,"href":"https:\/\/www.weingut-steininger.at\/en\/wp-json\/wp\/v2\/product_tag?post=3793"}],"curies":[{"name":"wp","href":"https:\/\/api.w.org\/{rel}","templated":true}]}}