{"id":4552,"date":"2019-09-16T10:37:49","date_gmt":"2019-09-16T08:37:49","guid":{"rendered":"https:\/\/www.weingut-steininger.at\/?post_type=product&#038;p=4552"},"modified":"2025-08-27T16:50:00","modified_gmt":"2025-08-27T14:50:00","slug":"riesling-kraftvoll-05-lt","status":"publish","type":"product","link":"https:\/\/www.weingut-steininger.at\/en\/online-vinothek\/weine\/riesling-kraftvoll-05-lt\/","title":{"rendered":"Riesling Kraftvoll &#8211; 0,5 lt."},"content":{"rendered":"<p><strong>Herkunft &amp; Leidenschaft<\/strong><br \/>\nAus der Faszination f\u00fcr Portugal und den Portwein entstand 2013 die Idee, einen mit hauseigenem Weinbrand veredelten Wein zu kreieren \u2013 nach \u00f6sterreichischem Weingesetz ein Lik\u00f6rwein, zugleich aber ein fortified wine mit portugiesischem Einfluss. Mit Gr\u00fcner Veltliner Kraftvoll vereinen Jo\u00e3o und Lisa Steininger-Fonseca ihre Herkunft und Leidenschaft: portugiesische Tradition trifft auf \u00f6sterreichische Handwerkskunst. So bringt dieses Projekt ein St\u00fcck portugiesische Weinkultur nach Langenlois \u2013 ein Prost auf die Verbindung zweier Kulturen!<\/p>\n","protected":false},"excerpt":{"rendered":"<p><strong>Vinifikation<br \/>\n<\/strong>Die vollreifen Gr\u00fcner Veltliner Trauben wurden Ende September geerntet und traditionell durch Treten mit den F\u00fc\u00dfen gepresst. Nach rund einer Woche wurde die G\u00e4rung mit hauseigenem Weinbrand gestoppt, anschlie\u00dfend reifte der Lik\u00f6rwein f\u00fcnf Jahre im Fass und entwickelte Tiefe, Eleganz und eine eindrucksvolle Balance von nat\u00fcrlicher S\u00fc\u00dfe und Extrakt.<\/p>\n<p>&nbsp;<\/p>\n<p><strong>Weinbeschreibung<br \/>\n<\/strong>Olivbraune Farbe mit kr\u00e4ftigen Schlieren, in der Nase Sherry, Holzw\u00fcrze, gr\u00fcne Waln\u00fcsse und Schwarzbrot. Am Gaumen zarte S\u00fc\u00dfe mit vitalem S\u00e4urefundament, druckvoll mit Ankl\u00e4ngen von Orangenlik\u00f6r und langem, s\u00fc\u00df-herbem Abgang \u2013 ein Kraftvoll voller W\u00fcrze, Eleganz und Lebendigkeit.<\/p>\n<p>&nbsp;<\/p>\n<p><strong>Speisenbegleitung<br \/>\n<\/strong>Am besten gut gek\u00fchlt \u2013 als feiner Begleiter zu K\u00e4se, als s\u00fc\u00dfer Abschluss eines Men\u00fcs oder einfach nur zum puren Genuss.<\/p>\n<p>&nbsp;<\/p>\n<p><a href=\"https:\/\/www.vinofact.com\/2\/f\/2025_kraftvoll-riesling\/weingut-steininger_datenblatter\" target=\"_blank\" rel=\"noopener\">Datenblatt<\/a><\/p>\n<p>&nbsp;<\/p>\n","protected":false},"featured_media":22267,"template":"","meta":{"_acf_changed":false},"product_brand":[],"product_cat":[369],"product_tag":[],"class_list":{"0":"post-4552","1":"product","2":"type-product","3":"status-publish","4":"has-post-thumbnail","6":"product_cat-kraftvoll","7":"product_shipping_class-allgemein","8":"description-off","10":"first","11":"instock","12":"taxable","13":"shipping-taxable","14":"purchasable","15":"product-type-simple"},"bundled_by":[],"bundle_stock_status":"instock","bundle_stock_quantity":null,"bundle_virtual":false,"bundle_layout":"","bundle_add_to_cart_form_location":"","bundle_editable_in_cart":false,"bundle_sold_individually_context":"","bundle_item_grouping":"","bundle_min_size":"","bundle_max_size":"","bundle_price":[],"bundled_items":[],"bundle_sell_ids":[],"acf":[],"_links":{"self":[{"href":"https:\/\/www.weingut-steininger.at\/en\/wp-json\/wp\/v2\/product\/4552","targetHints":{"allow":["GET"]}}],"collection":[{"href":"https:\/\/www.weingut-steininger.at\/en\/wp-json\/wp\/v2\/product"}],"about":[{"href":"https:\/\/www.weingut-steininger.at\/en\/wp-json\/wp\/v2\/types\/product"}],"version-history":[{"count":6,"href":"https:\/\/www.weingut-steininger.at\/en\/wp-json\/wp\/v2\/product\/4552\/revisions"}],"predecessor-version":[{"id":23182,"href":"https:\/\/www.weingut-steininger.at\/en\/wp-json\/wp\/v2\/product\/4552\/revisions\/23182"}],"wp:featuredmedia":[{"embeddable":true,"href":"https:\/\/www.weingut-steininger.at\/en\/wp-json\/wp\/v2\/media\/22267"}],"wp:attachment":[{"href":"https:\/\/www.weingut-steininger.at\/en\/wp-json\/wp\/v2\/media?parent=4552"}],"wp:term":[{"taxonomy":"product_brand","embeddable":true,"href":"https:\/\/www.weingut-steininger.at\/en\/wp-json\/wp\/v2\/product_brand?post=4552"},{"taxonomy":"product_cat","embeddable":true,"href":"https:\/\/www.weingut-steininger.at\/en\/wp-json\/wp\/v2\/product_cat?post=4552"},{"taxonomy":"product_tag","embeddable":true,"href":"https:\/\/www.weingut-steininger.at\/en\/wp-json\/wp\/v2\/product_tag?post=4552"}],"curies":[{"name":"wp","href":"https:\/\/api.w.org\/{rel}","templated":true}]}}