{"id":4557,"date":"2019-09-19T17:03:12","date_gmt":"2019-09-19T15:03:12","guid":{"rendered":"https:\/\/www.weingut-steininger.at\/?post_type=product&#038;p=4557"},"modified":"2025-01-15T12:56:39","modified_gmt":"2025-01-15T10:56:39","slug":"gruener-veltliner-ried-kittmannsberg-kamptal-dac-reserve-1oetw-erste-lage-2018","status":"publish","type":"product","link":"https:\/\/www.weingut-steininger.at\/en\/online-vinothek\/weine\/gruener-veltliner-ried-kittmannsberg-kamptal-dac-reserve-1oetw-erste-lage-2018\/","title":{"rendered":"Gr\u00fcner Veltliner Ried Kittmannsberg Kamptal DAC Reserve 1\u00d6TW Erste Lage 2018"},"content":{"rendered":"<p><strong>2018 Ried Kittmannsberg Reserve Gr\u00fcner Veltliner &#8211; 93 Points Wine Enthusiast<\/strong><\/p>\n<p>Something creamy and mossy plays alongside the notes of russet pear peel on the nose. The palate is immediately enlivened with a touch of spritz and presents very ripe, juicy yellow pear and plum. An edge of salty yeast joins the midpalate and gives a little more structure to the burgeoning fruit. Lovely, refreshing and appetizing.<span class=\"Apple-converted-space\">&nbsp;<\/span><\/p>\n","protected":false},"excerpt":{"rendered":"<p>Dieser Wein ist ein perfektes Beispiel von Gr\u00fcnem Veltliner; facettenreicher Duft; Golden Delicious; w\u00fcrzig; mineralisch und feines Bukett; lang anhaltender Abgang mit leicht unterlegtem wei\u00dfen Pfeffer.<\/p>\n<p>Speisenbegleiter:<\/p>\n<ul>\n<li>Kalbfleisch (Wiener Schnitzel)<\/li>\n<li>Salate<\/li>\n<li>Meeresfr\u00fcchte<\/li>\n<\/ul>\n<p>&nbsp;<\/p>\n<p><strong>Riede Kittmannsberg:<\/strong><br \/>\nSanft geneigte und gro\u00dffl\u00e4chig terrassierte Lage westlich von Langenlois mit s\u00fcd\u00f6stlicher Ausrichtung und Windschutz durch die kesself\u00f6rmige Einbuchtung. Die B\u00f6den sind tiefgr\u00fcndig, stark kalkig und&nbsp;bestehen aus lehmig-sandigem Schluff, der sich aus dem weit verbreiteten und mehrst\u00f6ckig aufgeschichteten L\u00f6ss bildet.<\/p>\n<p>&nbsp;<\/p>\n<p><strong>Preis auf Anfrage:<\/strong><br \/>\n<a href=\"mailto:office@weingut-steininger.at\" target=\"_blank\" rel=\"noopener\">office@weingut-steininger.at<\/a><\/p>\n<p>&nbsp;<\/p>\n","protected":false},"featured_media":4032,"template":"","meta":{"_acf_changed":false},"product_brand":[],"product_cat":[729,363,303],"product_tag":[],"class_list":{"0":"post-4557","1":"product","2":"type-product","3":"status-publish","4":"has-post-thumbnail","6":"product_cat-altweinkeller","7":"product_cat-gereifte-weine","8":"product_cat-gereifte-weine-sekte","9":"product_shipping_class-allgemein","10":"pa_alkohol-135-vol-2","11":"pa_gebinde-075-l","12":"pa_jahrgang-332","13":"pa_rebsorte-gv","14":"pa_restzucker-40-g-l","15":"pa_saeure-54-gl","16":"description-off","18":"first","19":"instock","20":"taxable","21":"shipping-taxable","22":"product-type-simple"},"bundled_by":[],"bundle_stock_status":"instock","bundle_stock_quantity":null,"bundle_virtual":false,"bundle_layout":"","bundle_add_to_cart_form_location":"","bundle_editable_in_cart":false,"bundle_sold_individually_context":"","bundle_item_grouping":"","bundle_min_size":"","bundle_max_size":"","bundle_price":[],"bundled_items":[],"bundle_sell_ids":[],"acf":[],"_links":{"self":[{"href":"https:\/\/www.weingut-steininger.at\/en\/wp-json\/wp\/v2\/product\/4557","targetHints":{"allow":["GET"]}}],"collection":[{"href":"https:\/\/www.weingut-steininger.at\/en\/wp-json\/wp\/v2\/product"}],"about":[{"href":"https:\/\/www.weingut-steininger.at\/en\/wp-json\/wp\/v2\/types\/product"}],"version-history":[{"count":2,"href":"https:\/\/www.weingut-steininger.at\/en\/wp-json\/wp\/v2\/product\/4557\/revisions"}],"predecessor-version":[{"id":18337,"href":"https:\/\/www.weingut-steininger.at\/en\/wp-json\/wp\/v2\/product\/4557\/revisions\/18337"}],"wp:featuredmedia":[{"embeddable":true,"href":"https:\/\/www.weingut-steininger.at\/en\/wp-json\/wp\/v2\/media\/4032"}],"wp:attachment":[{"href":"https:\/\/www.weingut-steininger.at\/en\/wp-json\/wp\/v2\/media?parent=4557"}],"wp:term":[{"taxonomy":"product_brand","embeddable":true,"href":"https:\/\/www.weingut-steininger.at\/en\/wp-json\/wp\/v2\/product_brand?post=4557"},{"taxonomy":"product_cat","embeddable":true,"href":"https:\/\/www.weingut-steininger.at\/en\/wp-json\/wp\/v2\/product_cat?post=4557"},{"taxonomy":"product_tag","embeddable":true,"href":"https:\/\/www.weingut-steininger.at\/en\/wp-json\/wp\/v2\/product_tag?post=4557"}],"curies":[{"name":"wp","href":"https:\/\/api.w.org\/{rel}","templated":true}]}}