{"id":5409,"date":"2019-12-10T11:48:23","date_gmt":"2019-12-10T09:48:23","guid":{"rendered":"https:\/\/www.weingut-steininger.at\/?post_type=product&#038;p=5409"},"modified":"2025-01-15T12:56:38","modified_gmt":"2025-01-15T10:56:38","slug":"gruener-veltliner-kamptal-dac-reserve-loisiumweingarten-2012","status":"publish","type":"product","link":"https:\/\/www.weingut-steininger.at\/en\/online-vinothek\/weine\/gruener-veltliner-kamptal-dac-reserve-loisiumweingarten-2012\/","title":{"rendered":"Gr\u00fcner Veltliner Loisiumweingarten Kamptal DAC Reserve 2012"},"content":{"rendered":"<h3><a name=\"_Toc17281710\"><\/a>Weinjahr 2012<\/h3>\n<p>Sch\u00f6ne Reife und feines Fruchtspiel bei Wei\u00df und S\u00fc\u00df. Die gute Wasserversorgung im Juli und merklich k\u00fchleren Nachttemperaturen im September f\u00fchrten zu kompakten und strukturierten Wei\u00dfweinqualit\u00e4ten.<\/p>\n<p>&nbsp;<\/p>\n<h1>&nbsp;<\/h1>\n","protected":false},"excerpt":{"rendered":"<h4>13 % Vol. Alk., LUX- Schraubverschluss<\/h4>\n<p>Kostnotizen von Familie Steininger<\/p>\n<p>Glasklarer Duft nach Apfel. Dieser Wein ist voller Frucht am Gaumen und im Abgang mit sch\u00f6ner S\u00e4urestruktur.<\/p>\n<h4>17 von 20 Punkten<\/h4>\n<p>Preis auf Anfrage: office@weingut-steininger.at<\/p>\n","protected":false},"featured_media":3534,"template":"","meta":{"_acf_changed":false},"product_brand":[],"product_cat":[729,363,303],"product_tag":[],"class_list":{"0":"post-5409","1":"product","2":"type-product","3":"status-publish","4":"has-post-thumbnail","6":"product_cat-altweinkeller","7":"product_cat-gereifte-weine","8":"product_cat-gereifte-weine-sekte","9":"pa_alkohol-13-vol","10":"pa_jahrgang-326","11":"pa_rebsorte-gv","12":"description-off","14":"first","15":"instock","16":"taxable","17":"shipping-taxable","18":"product-type-simple"},"bundled_by":[],"bundle_stock_status":"instock","bundle_stock_quantity":null,"bundle_virtual":false,"bundle_layout":"","bundle_add_to_cart_form_location":"","bundle_editable_in_cart":false,"bundle_sold_individually_context":"","bundle_item_grouping":"","bundle_min_size":"","bundle_max_size":"","bundle_price":[],"bundled_items":[],"bundle_sell_ids":[],"acf":[],"_links":{"self":[{"href":"https:\/\/www.weingut-steininger.at\/en\/wp-json\/wp\/v2\/product\/5409","targetHints":{"allow":["GET"]}}],"collection":[{"href":"https:\/\/www.weingut-steininger.at\/en\/wp-json\/wp\/v2\/product"}],"about":[{"href":"https:\/\/www.weingut-steininger.at\/en\/wp-json\/wp\/v2\/types\/product"}],"version-history":[{"count":2,"href":"https:\/\/www.weingut-steininger.at\/en\/wp-json\/wp\/v2\/product\/5409\/revisions"}],"predecessor-version":[{"id":18349,"href":"https:\/\/www.weingut-steininger.at\/en\/wp-json\/wp\/v2\/product\/5409\/revisions\/18349"}],"wp:featuredmedia":[{"embeddable":true,"href":"https:\/\/www.weingut-steininger.at\/en\/wp-json\/wp\/v2\/media\/3534"}],"wp:attachment":[{"href":"https:\/\/www.weingut-steininger.at\/en\/wp-json\/wp\/v2\/media?parent=5409"}],"wp:term":[{"taxonomy":"product_brand","embeddable":true,"href":"https:\/\/www.weingut-steininger.at\/en\/wp-json\/wp\/v2\/product_brand?post=5409"},{"taxonomy":"product_cat","embeddable":true,"href":"https:\/\/www.weingut-steininger.at\/en\/wp-json\/wp\/v2\/product_cat?post=5409"},{"taxonomy":"product_tag","embeddable":true,"href":"https:\/\/www.weingut-steininger.at\/en\/wp-json\/wp\/v2\/product_tag?post=5409"}],"curies":[{"name":"wp","href":"https:\/\/api.w.org\/{rel}","templated":true}]}}