{"id":5413,"date":"2019-12-11T09:50:03","date_gmt":"2019-12-11T07:50:03","guid":{"rendered":"https:\/\/www.weingut-steininger.at\/?post_type=product&#038;p=5413"},"modified":"2025-01-15T12:56:38","modified_gmt":"2025-01-15T10:56:38","slug":"gruener-veltliner-kamptal-dac-reserve-loisiumweingarten-2006","status":"publish","type":"product","link":"https:\/\/www.weingut-steininger.at\/en\/online-vinothek\/weine\/gruener-veltliner-kamptal-dac-reserve-loisiumweingarten-2006\/","title":{"rendered":"Gr\u00fcner Veltliner Loisiumweingarten Kamptal DAC Reserve 2006"},"content":{"rendered":"<h3><a name=\"_Toc17281716\"><\/a>Weinjahr 2006<\/h3>\n<p>Die Reben haben die wechselhafte Witterung gut \u00fcberstanden. Dieses Jahr war ein geringer Fruchtansatz, besonders bei Gr\u00fcner Veltliner. Der Juli war gepr\u00e4gt von einer Hitze- und Trockenperiode, durch die guten Wasserreserven aus dem Sp\u00e4therbst 2005 und durch einen langen und schneereichen Winter sind kaum Trockensch\u00e4den aufgetreten. Ende August pr\u00e4sentierten sich die Weing\u00e4rten in hervorragendem Zustand. &nbsp;Der September war gepr\u00e4gt von einer Sch\u00f6nwetterperiode.<\/p>\n","protected":false},"excerpt":{"rendered":"<h4>13,5 % Vol. Alk., Glasverschluss<\/h4>\n<p>Kostnotizen von Familie Steininger<\/p>\n<p>Die Weine des Loisiumweingarten zeigen sich immer mit einer ausgepr\u00e4gten Frucht, so auch dieser Jahrgang. Die Frucht t\u00e4nzelt am Gaumen, nicht aufdringlich und trotzdem mit starkem Abgang.<\/p>\n<h4><span lang=\"DE\">18 von 20 Punkten<\/span><\/h4>\n<p>Preis auf Anfrage: office@weingut-steininger.at<\/p>\n","protected":false},"featured_media":3534,"template":"","meta":{"_acf_changed":false},"product_brand":[],"product_cat":[729,363,303],"product_tag":[],"class_list":{"0":"post-5413","1":"product","2":"type-product","3":"status-publish","4":"has-post-thumbnail","6":"product_cat-altweinkeller","7":"product_cat-gereifte-weine","8":"product_cat-gereifte-weine-sekte","9":"pa_alkohol-135-vol-2","10":"pa_jahrgang-320","11":"pa_rebsorte-gv","12":"description-off","14":"first","15":"instock","16":"taxable","17":"shipping-taxable","18":"product-type-simple"},"bundled_by":[],"bundle_stock_status":"instock","bundle_stock_quantity":null,"bundle_virtual":false,"bundle_layout":"","bundle_add_to_cart_form_location":"","bundle_editable_in_cart":false,"bundle_sold_individually_context":"","bundle_item_grouping":"","bundle_min_size":"","bundle_max_size":"","bundle_price":[],"bundled_items":[],"bundle_sell_ids":[],"acf":[],"_links":{"self":[{"href":"https:\/\/www.weingut-steininger.at\/en\/wp-json\/wp\/v2\/product\/5413","targetHints":{"allow":["GET"]}}],"collection":[{"href":"https:\/\/www.weingut-steininger.at\/en\/wp-json\/wp\/v2\/product"}],"about":[{"href":"https:\/\/www.weingut-steininger.at\/en\/wp-json\/wp\/v2\/types\/product"}],"version-history":[{"count":2,"href":"https:\/\/www.weingut-steininger.at\/en\/wp-json\/wp\/v2\/product\/5413\/revisions"}],"predecessor-version":[{"id":18353,"href":"https:\/\/www.weingut-steininger.at\/en\/wp-json\/wp\/v2\/product\/5413\/revisions\/18353"}],"wp:featuredmedia":[{"embeddable":true,"href":"https:\/\/www.weingut-steininger.at\/en\/wp-json\/wp\/v2\/media\/3534"}],"wp:attachment":[{"href":"https:\/\/www.weingut-steininger.at\/en\/wp-json\/wp\/v2\/media?parent=5413"}],"wp:term":[{"taxonomy":"product_brand","embeddable":true,"href":"https:\/\/www.weingut-steininger.at\/en\/wp-json\/wp\/v2\/product_brand?post=5413"},{"taxonomy":"product_cat","embeddable":true,"href":"https:\/\/www.weingut-steininger.at\/en\/wp-json\/wp\/v2\/product_cat?post=5413"},{"taxonomy":"product_tag","embeddable":true,"href":"https:\/\/www.weingut-steininger.at\/en\/wp-json\/wp\/v2\/product_tag?post=5413"}],"curies":[{"name":"wp","href":"https:\/\/api.w.org\/{rel}","templated":true}]}}