{"id":5415,"date":"2019-12-11T11:32:04","date_gmt":"2019-12-11T09:32:04","guid":{"rendered":"https:\/\/www.weingut-steininger.at\/?post_type=product&#038;p=5415"},"modified":"2025-01-15T12:56:37","modified_gmt":"2025-01-15T10:56:37","slug":"gruener-veltliner-kamptal-dac-reserve-loisiumweingarten-2002","status":"publish","type":"product","link":"https:\/\/www.weingut-steininger.at\/en\/online-vinothek\/weine\/gruener-veltliner-kamptal-dac-reserve-loisiumweingarten-2002\/","title":{"rendered":"Gr\u00fcner Veltliner Loisiumweingarten Kamptal DAC Reserve 2002"},"content":{"rendered":"<h4><a name=\"_Toc17281720\"><\/a>Weinjahr 2002<\/h4>\n<p>Der Winter im Jahr 2002 war relativ mild und trocken. In Folge kam ein freundlicher, trockener Fr\u00fchling mit fr\u00fchem Austrieb und problemloser Bl\u00fcte Ende Mai. Nach einigen hei\u00dfen Junitagen sorgte ein warmer, von Gewitterregen durchsetzter Juli f\u00fcr gro\u00dfen Reifevorsprung, der im August von der Hochwasserkatastrophe abrupt unterbrochen wurde. In fast allen Weinbaugegenden trat F\u00e4ulnisdruck auf, und die unglaublichen Wassermengen richteten in der Wachau, im Kamptal und im Kremstal teilweise verheerende Sch\u00e4den an. Voraussetzung f\u00fcr Qualit\u00e4t waren penible Vorlesen, um faule Beeren und Trauben zu entfernen, was Ernteverluste nach sich zog.<\/p>\n","protected":false},"excerpt":{"rendered":"<h4><a name=\"_Toc17281721\"><\/a>Gr\u00fcner Veltliner Kamptal DAC Reserve Loisiumweingarten 2002<\/h4>\n<p>Kostnotizen von Familie Steininger<\/p>\n<p>2002 war ein schwieriger Jahrgang nach den hohen Niederschlagsmengen Anfang September. Die Ernte musste auf Mitte Oktober verschoben werden, damit die Trauben wieder etwas austrocknen konnten. Der GV Loisiumweingarten 2002 pr\u00e4sentiert sich aber trotzdem als gehaltvoller, derzeit wundersch\u00f6ner, reifer Jahrgang. Bereits im Glas gold-gelb, trocken mit abgepufferter S\u00e4ure und langem Abgang am Gaumen. Erinnert an vollreife Birnen. Dem Wein hilft zudem, wenn er bel\u00fcftet (dekantiert) wird, dann zeigt er auch einen sch\u00f6nen Reifecharakter im Duft.<\/p>\n<h4>16 von 20 Punkten<\/h4>\n<p>Preis auf Anfrage: office@weingut-steininger.at<\/p>\n","protected":false},"featured_media":3534,"template":"","meta":{"_acf_changed":false},"product_brand":[],"product_cat":[729,363,303],"product_tag":[],"class_list":{"0":"post-5415","1":"product","2":"type-product","3":"status-publish","4":"has-post-thumbnail","6":"product_cat-altweinkeller","7":"product_cat-gereifte-weine","8":"product_cat-gereifte-weine-sekte","9":"pa_alkohol-13-vol","10":"pa_jahrgang-316","11":"pa_rebsorte-gv","12":"description-off","14":"first","15":"instock","16":"taxable","17":"shipping-taxable","18":"product-type-simple"},"bundled_by":[],"bundle_stock_status":"instock","bundle_stock_quantity":null,"bundle_virtual":false,"bundle_layout":"","bundle_add_to_cart_form_location":"","bundle_editable_in_cart":false,"bundle_sold_individually_context":"","bundle_item_grouping":"","bundle_min_size":"","bundle_max_size":"","bundle_price":[],"bundled_items":[],"bundle_sell_ids":[],"acf":[],"_links":{"self":[{"href":"https:\/\/www.weingut-steininger.at\/en\/wp-json\/wp\/v2\/product\/5415","targetHints":{"allow":["GET"]}}],"collection":[{"href":"https:\/\/www.weingut-steininger.at\/en\/wp-json\/wp\/v2\/product"}],"about":[{"href":"https:\/\/www.weingut-steininger.at\/en\/wp-json\/wp\/v2\/types\/product"}],"version-history":[{"count":2,"href":"https:\/\/www.weingut-steininger.at\/en\/wp-json\/wp\/v2\/product\/5415\/revisions"}],"predecessor-version":[{"id":18355,"href":"https:\/\/www.weingut-steininger.at\/en\/wp-json\/wp\/v2\/product\/5415\/revisions\/18355"}],"wp:featuredmedia":[{"embeddable":true,"href":"https:\/\/www.weingut-steininger.at\/en\/wp-json\/wp\/v2\/media\/3534"}],"wp:attachment":[{"href":"https:\/\/www.weingut-steininger.at\/en\/wp-json\/wp\/v2\/media?parent=5415"}],"wp:term":[{"taxonomy":"product_brand","embeddable":true,"href":"https:\/\/www.weingut-steininger.at\/en\/wp-json\/wp\/v2\/product_brand?post=5415"},{"taxonomy":"product_cat","embeddable":true,"href":"https:\/\/www.weingut-steininger.at\/en\/wp-json\/wp\/v2\/product_cat?post=5415"},{"taxonomy":"product_tag","embeddable":true,"href":"https:\/\/www.weingut-steininger.at\/en\/wp-json\/wp\/v2\/product_tag?post=5415"}],"curies":[{"name":"wp","href":"https:\/\/api.w.org\/{rel}","templated":true}]}}