{"id":5457,"date":"2020-01-14T17:21:23","date_gmt":"2020-01-14T15:21:23","guid":{"rendered":"https:\/\/www.weingut-steininger.at\/?post_type=product&#038;p=5457"},"modified":"2025-01-15T12:56:37","modified_gmt":"2025-01-15T10:56:37","slug":"gruener-veltliner-novemberlese-2007","status":"publish","type":"product","link":"https:\/\/www.weingut-steininger.at\/en\/online-vinothek\/weine\/gruener-veltliner-novemberlese-2007\/","title":{"rendered":"Gr\u00fcner Veltliner Novemberlese 2006"},"content":{"rendered":"<h2><a name=\"_Toc17281724\"><\/a>Weinjahr 2006<\/h2>\n<p>Die Reben haben eine wechselhafte Witterung gut \u00fcberstanden. Der Juli kam mit einer Hitze- und Trockenperiode, jedoch konnten die Reben diese Zeit durch die guten Wasserreserven aus dem Sp\u00e4therbst 2005 und durch den langen und schneereichen Winter \u00fcberstehen. Ende August pr\u00e4sentierten sich die Weing\u00e4rten in hervorragendem Zustand. Der September galt als Sch\u00f6nwetterperiode und war optimal f\u00fcr die Lese.<\/p>\n","protected":false},"excerpt":{"rendered":"<h4>15 % Vol. Alk., Glasverschluss<\/h4>\n<p>Kostnotizen von Familie Steininger<\/p>\n<p>Man sp\u00fcrt bereits im Duft den Wein im \u00fcberreifen Stadion (Auslesebereich). Unheimlich dicht. Trotz des sehr hohen Alkoholgehalts ist dieser nicht sp\u00fcrbar. Da dieser Wein nicht den gesamten Zucker der Trauben in Alkohol umwandeln konnte, hat er jetzt noch einen sp\u00fcrbaren Zuckerrest. Die Sorte Gr\u00fcner Veltliner ist kaum erkennbar. Ein toller, gro\u00dfartiger Wein!<\/p>\n<h4>20 von 20 Punkten<\/h4>\n<p>Preis auf Anfrage&nbsp;<\/p>\n<p>office@weingut-steininger.at<\/p>\n","protected":false},"featured_media":5458,"template":"","meta":{"_acf_changed":false},"product_brand":[],"product_cat":[729,363,303],"product_tag":[],"class_list":{"0":"post-5457","1":"product","2":"type-product","3":"status-publish","4":"has-post-thumbnail","6":"product_cat-altweinkeller","7":"product_cat-gereifte-weine","8":"product_cat-gereifte-weine-sekte","9":"pa_gebinde-075-l","10":"pa_jahrgang-320","11":"pa_rebsorte-gv","12":"description-off","14":"first","15":"instock","16":"taxable","17":"shipping-taxable","18":"product-type-simple"},"bundled_by":[],"bundle_stock_status":"instock","bundle_stock_quantity":null,"bundle_virtual":false,"bundle_layout":"","bundle_add_to_cart_form_location":"","bundle_editable_in_cart":false,"bundle_sold_individually_context":"","bundle_item_grouping":"","bundle_min_size":"","bundle_max_size":"","bundle_price":[],"bundled_items":[],"bundle_sell_ids":[],"acf":[],"_links":{"self":[{"href":"https:\/\/www.weingut-steininger.at\/en\/wp-json\/wp\/v2\/product\/5457","targetHints":{"allow":["GET"]}}],"collection":[{"href":"https:\/\/www.weingut-steininger.at\/en\/wp-json\/wp\/v2\/product"}],"about":[{"href":"https:\/\/www.weingut-steininger.at\/en\/wp-json\/wp\/v2\/types\/product"}],"version-history":[{"count":2,"href":"https:\/\/www.weingut-steininger.at\/en\/wp-json\/wp\/v2\/product\/5457\/revisions"}],"predecessor-version":[{"id":18357,"href":"https:\/\/www.weingut-steininger.at\/en\/wp-json\/wp\/v2\/product\/5457\/revisions\/18357"}],"wp:featuredmedia":[{"embeddable":true,"href":"https:\/\/www.weingut-steininger.at\/en\/wp-json\/wp\/v2\/media\/5458"}],"wp:attachment":[{"href":"https:\/\/www.weingut-steininger.at\/en\/wp-json\/wp\/v2\/media?parent=5457"}],"wp:term":[{"taxonomy":"product_brand","embeddable":true,"href":"https:\/\/www.weingut-steininger.at\/en\/wp-json\/wp\/v2\/product_brand?post=5457"},{"taxonomy":"product_cat","embeddable":true,"href":"https:\/\/www.weingut-steininger.at\/en\/wp-json\/wp\/v2\/product_cat?post=5457"},{"taxonomy":"product_tag","embeddable":true,"href":"https:\/\/www.weingut-steininger.at\/en\/wp-json\/wp\/v2\/product_tag?post=5457"}],"curies":[{"name":"wp","href":"https:\/\/api.w.org\/{rel}","templated":true}]}}