{"id":5471,"date":"2020-01-17T15:19:40","date_gmt":"2020-01-17T13:19:40","guid":{"rendered":"https:\/\/www.weingut-steininger.at\/?post_type=product&#038;p=5471"},"modified":"2025-01-15T12:56:36","modified_gmt":"2025-01-15T10:56:36","slug":"gruener-veltliner-novemberlese-2001","status":"publish","type":"product","link":"https:\/\/www.weingut-steininger.at\/en\/online-vinothek\/weine\/gruener-veltliner-novemberlese-2001\/","title":{"rendered":"Gr\u00fcner Veltliner Novemberlese 2001"},"content":{"rendered":"<h2><a name=\"_Toc17281732\"><\/a>Weinjahr 2001<\/h2>\n<p>Der Winter im Jahr 2001 war relativ mild und trocken. Ebenso kam ein trockenes Fr\u00fchjahr mit planm\u00e4\u00dfigem <a href=\"https:\/\/www.oesterreichwein.at\/unser-wein\/weinglossar-von-a-z\/?tx_a21glossary%5Buid%5D=71&amp;cHash=37fdd0f00bd1fee6c5636a516f7ad7f3\">Austrieb<\/a> der Reben. Ein regnerischer Juli f\u00fchrte zur Erholung der Pflanzen. Der August war hei\u00df und sonnig, doch der September brachte eine anhaltende Regenperiode, die erst zu Monatsende von ebenso anhaltendem Sch\u00f6nwetter \u00fcber den ganzen Oktober abgel\u00f6st wurde.<\/p>\n<p>Die Wei\u00dfweine sind Gro\u00dfteiles von Sortentypizit\u00e4t und guter S\u00e4urestruktur, Fruchttiefe und Pikanz gekennzeichnet. Besonders gut pr\u00e4sentierte sich der Gr\u00fcne Veltliner in seiner ganzen Bandbreite, aber auch die wei\u00dfe Burgunderfamilie und die Sauvignons Blancs waren charakteristisch und <a href=\"https:\/\/www.oesterreichwein.at\/unser-wein\/weinglossar-von-a-z\/?tx_a21glossary%5Buid%5D=655&amp;cHash=96899989988d9cb2761f1a4d26c59b54\">rassig<\/a>.<\/p>\n","protected":false},"excerpt":{"rendered":"<h4>14 % Vol. Alk., Kunststoffkork<\/h4>\n<p>Kostnotizen von Familie Steininger<\/p>\n<p>Zu Beginn eher verhalten im Duft. Trocken, fast adstringierend mit sp\u00fcrbarer S\u00e4ure. Ein reifer Gr\u00fcner Veltliner \u2013 nichts f\u00fcr Einsteiger!<\/p>\n<h4>15 von 20 Punkten<\/h4>\n<p>Preis auf Anfrage: office@weingut-steininger.at<\/p>\n","protected":false},"featured_media":5458,"template":"","meta":{"_acf_changed":false},"product_brand":[],"product_cat":[729,363,303],"product_tag":[],"class_list":{"0":"post-5471","1":"product","2":"type-product","3":"status-publish","4":"has-post-thumbnail","6":"product_cat-altweinkeller","7":"product_cat-gereifte-weine","8":"product_cat-gereifte-weine-sekte","9":"pa_gebinde-075-l","10":"pa_jahrgang-315","11":"pa_rebsorte-gv","12":"description-off","14":"first","15":"instock","16":"taxable","17":"shipping-taxable","18":"product-type-simple"},"bundled_by":[],"bundle_stock_status":"instock","bundle_stock_quantity":null,"bundle_virtual":false,"bundle_layout":"","bundle_add_to_cart_form_location":"","bundle_editable_in_cart":false,"bundle_sold_individually_context":"","bundle_item_grouping":"","bundle_min_size":"","bundle_max_size":"","bundle_price":[],"bundled_items":[],"bundle_sell_ids":[],"acf":[],"_links":{"self":[{"href":"https:\/\/www.weingut-steininger.at\/en\/wp-json\/wp\/v2\/product\/5471","targetHints":{"allow":["GET"]}}],"collection":[{"href":"https:\/\/www.weingut-steininger.at\/en\/wp-json\/wp\/v2\/product"}],"about":[{"href":"https:\/\/www.weingut-steininger.at\/en\/wp-json\/wp\/v2\/types\/product"}],"version-history":[{"count":2,"href":"https:\/\/www.weingut-steininger.at\/en\/wp-json\/wp\/v2\/product\/5471\/revisions"}],"predecessor-version":[{"id":18361,"href":"https:\/\/www.weingut-steininger.at\/en\/wp-json\/wp\/v2\/product\/5471\/revisions\/18361"}],"wp:featuredmedia":[{"embeddable":true,"href":"https:\/\/www.weingut-steininger.at\/en\/wp-json\/wp\/v2\/media\/5458"}],"wp:attachment":[{"href":"https:\/\/www.weingut-steininger.at\/en\/wp-json\/wp\/v2\/media?parent=5471"}],"wp:term":[{"taxonomy":"product_brand","embeddable":true,"href":"https:\/\/www.weingut-steininger.at\/en\/wp-json\/wp\/v2\/product_brand?post=5471"},{"taxonomy":"product_cat","embeddable":true,"href":"https:\/\/www.weingut-steininger.at\/en\/wp-json\/wp\/v2\/product_cat?post=5471"},{"taxonomy":"product_tag","embeddable":true,"href":"https:\/\/www.weingut-steininger.at\/en\/wp-json\/wp\/v2\/product_tag?post=5471"}],"curies":[{"name":"wp","href":"https:\/\/api.w.org\/{rel}","templated":true}]}}