{"id":5473,"date":"2020-01-17T15:22:17","date_gmt":"2020-01-17T13:22:17","guid":{"rendered":"https:\/\/www.weingut-steininger.at\/?post_type=product&#038;p=5473"},"modified":"2025-01-15T12:56:36","modified_gmt":"2025-01-15T10:56:36","slug":"gruener-veltliner-novemberlese-2000","status":"publish","type":"product","link":"https:\/\/www.weingut-steininger.at\/en\/online-vinothek\/weine\/gruener-veltliner-novemberlese-2000\/","title":{"rendered":"Gr\u00fcner Veltliner Novemberlese 2000"},"content":{"rendered":"<h2><a name=\"_Toc17281734\"><\/a>Weinjahr 2000<\/h2>\n<p>Die Wintermonate waren feucht, aber nicht zu kalt. Ein warmer, trockener Fr\u00fchling sorgte f\u00fcr eine ideale erste Vegetationsperiode. Bereits im April und Mai gab es hochsommerliche Temperaturen, dadurch auch eine fr\u00fche <a href=\"https:\/\/www.oesterreichwein.at\/unser-wein\/weinglossar-von-a-z\/?tx_a21glossary%5Buid%5D=120&amp;cHash=2ef20fe273ca1540d5debdc804fb03c6\">Bl\u00fcte<\/a>. Die etwas k\u00fchlere und feuchte Witterung im Juli brachte den Reben wieder etwas Feuchtigkeit und lie\u00df die <a href=\"https:\/\/www.oesterreichwein.at\/unser-wein\/weinglossar-von-a-z\/?tx_a21glossary%5Buid%5D=228&amp;cHash=d6621cccece0483f4afcf7a6370de3c1\">Entwicklung<\/a> rasch fortschreiten. Durch eine extreme Hitzeperiode im August waren Traubengr\u00f6\u00dfe und Mostausbeute entsprechend gering.<\/p>\n","protected":false},"excerpt":{"rendered":"<h4>14 % Vol. Alk., Naturkork<\/h4>\n<p>Kostnotizen von Familie Steininger<\/p>\n<p>Ein guter Weinjahrgang l\u00e4sst die Weine auch in der Reife noch lebendig erscheinen. Im Duft reife Zwetschke, unheimlich gediegen, reif und kr\u00e4ftig, hinterlegt mit zartem Restzucker. Ein sch\u00f6ner Vertreter eines guten Jahrganges.<\/p>\n<h4>18 von 20 Punkten<\/h4>\n<p>Preis auf Anfrage: office@weingut-steininger.at<\/p>\n","protected":false},"featured_media":5458,"template":"","meta":{"_acf_changed":false},"product_brand":[],"product_cat":[729,363,303],"product_tag":[],"class_list":{"0":"post-5473","1":"product","2":"type-product","3":"status-publish","4":"has-post-thumbnail","6":"product_cat-altweinkeller","7":"product_cat-gereifte-weine","8":"product_cat-gereifte-weine-sekte","9":"pa_gebinde-075-l","10":"pa_jahrgang-314","11":"pa_rebsorte-gv","12":"description-off","14":"first","15":"instock","16":"taxable","17":"shipping-taxable","18":"product-type-simple"},"bundled_by":[],"bundle_stock_status":"instock","bundle_stock_quantity":null,"bundle_virtual":false,"bundle_layout":"","bundle_add_to_cart_form_location":"","bundle_editable_in_cart":false,"bundle_sold_individually_context":"","bundle_item_grouping":"","bundle_min_size":"","bundle_max_size":"","bundle_price":[],"bundled_items":[],"bundle_sell_ids":[],"acf":[],"_links":{"self":[{"href":"https:\/\/www.weingut-steininger.at\/en\/wp-json\/wp\/v2\/product\/5473","targetHints":{"allow":["GET"]}}],"collection":[{"href":"https:\/\/www.weingut-steininger.at\/en\/wp-json\/wp\/v2\/product"}],"about":[{"href":"https:\/\/www.weingut-steininger.at\/en\/wp-json\/wp\/v2\/types\/product"}],"version-history":[{"count":2,"href":"https:\/\/www.weingut-steininger.at\/en\/wp-json\/wp\/v2\/product\/5473\/revisions"}],"predecessor-version":[{"id":18363,"href":"https:\/\/www.weingut-steininger.at\/en\/wp-json\/wp\/v2\/product\/5473\/revisions\/18363"}],"wp:featuredmedia":[{"embeddable":true,"href":"https:\/\/www.weingut-steininger.at\/en\/wp-json\/wp\/v2\/media\/5458"}],"wp:attachment":[{"href":"https:\/\/www.weingut-steininger.at\/en\/wp-json\/wp\/v2\/media?parent=5473"}],"wp:term":[{"taxonomy":"product_brand","embeddable":true,"href":"https:\/\/www.weingut-steininger.at\/en\/wp-json\/wp\/v2\/product_brand?post=5473"},{"taxonomy":"product_cat","embeddable":true,"href":"https:\/\/www.weingut-steininger.at\/en\/wp-json\/wp\/v2\/product_cat?post=5473"},{"taxonomy":"product_tag","embeddable":true,"href":"https:\/\/www.weingut-steininger.at\/en\/wp-json\/wp\/v2\/product_tag?post=5473"}],"curies":[{"name":"wp","href":"https:\/\/api.w.org\/{rel}","templated":true}]}}