{"id":5474,"date":"2020-01-17T15:25:03","date_gmt":"2020-01-17T13:25:03","guid":{"rendered":"https:\/\/www.weingut-steininger.at\/?post_type=product&#038;p=5474"},"modified":"2025-01-15T12:56:36","modified_gmt":"2025-01-15T10:56:36","slug":"gruener-veltliner-novemberlese-2005-2","status":"publish","type":"product","link":"https:\/\/www.weingut-steininger.at\/en\/online-vinothek\/weine\/gruener-veltliner-novemberlese-2005-2\/","title":{"rendered":"Gr\u00fcner Veltliner Novemberlese 2005"},"content":{"rendered":"<h2><a name=\"_Toc17281726\"><\/a>Weinjahr 2005<\/h2>\n<p>Die unterschiedlichen Witterungsbedingungen 2005 brachten \u00f6sterreichische <a href=\"https:\/\/www.oesterreichwein.at\/unser-wein\/weinglossar-von-a-z\/?tx_a21glossary%5Buid%5D=970&amp;cHash=4811dee306c7a039a1bfa1d6245a1bda\">Winzer<\/a> an die Grenzen ihrer Belastbarkeit.<\/p>\n<p>Die Wei\u00dfweine des neuen Jahrgangs sind fruchtbetont und pr\u00e4zise und gl\u00e4nzen durch eine sch\u00f6ne <a href=\"https:\/\/www.oesterreichwein.at\/unser-wein\/weinglossar-von-a-z\/?tx_a21glossary%5Buid%5D=367&amp;cHash=59cb08e1f2a3f437c7fe43361f6b8ba9\">Harmonie<\/a>. Die Roten kennzeichnen 2005 eine schlanke, charmante, \u201e\u00f6sterreichische\u201c Aromatik, die den Sortencharakter <a href=\"https:\/\/www.oesterreichwein.at\/unser-wein\/weinglossar-von-a-z\/?tx_a21glossary%5Buid%5D=451&amp;cHash=24fdc85642d9a495a7cab71eaa4db7e4\">klar<\/a> zum Ausdruck bringt und besonders in jungen Jahren gro\u00dfen Trinkgenuss bieten wird.<\/p>\n","protected":false},"excerpt":{"rendered":"<h4>Glasverschluss<\/h4>\n<p>Kostnotizen von Familie Steininger<\/p>\n<p>Ein schwieriger Weinjahrgang, l\u00e4sst den Wein auch nach vielen Jahren zwar mit guter S\u00e4ure und kr\u00e4ftigem Alkohol pr\u00e4sentieren, es fehlt jedoch die feine Raffinesse, die ein guter Jahrgang besitzen sollte.<\/p>\n<h4>15 von 20 Punkten<\/h4>\n<p>Preis auf Anfrage: office@weingut-steininger.at<\/p>\n","protected":false},"featured_media":5458,"template":"","meta":{"_acf_changed":false},"product_brand":[],"product_cat":[729,363,303],"product_tag":[],"class_list":{"0":"post-5474","1":"product","2":"type-product","3":"status-publish","4":"has-post-thumbnail","6":"product_cat-altweinkeller","7":"product_cat-gereifte-weine","8":"product_cat-gereifte-weine-sekte","9":"pa_gebinde-075-l","10":"pa_jahrgang-319","11":"pa_rebsorte-gv","12":"description-off","14":"first","15":"instock","16":"taxable","17":"shipping-taxable","18":"product-type-simple"},"bundled_by":[],"bundle_stock_status":"instock","bundle_stock_quantity":null,"bundle_virtual":false,"bundle_layout":"","bundle_add_to_cart_form_location":"","bundle_editable_in_cart":false,"bundle_sold_individually_context":"","bundle_item_grouping":"","bundle_min_size":"","bundle_max_size":"","bundle_price":[],"bundled_items":[],"bundle_sell_ids":[],"acf":[],"_links":{"self":[{"href":"https:\/\/www.weingut-steininger.at\/en\/wp-json\/wp\/v2\/product\/5474","targetHints":{"allow":["GET"]}}],"collection":[{"href":"https:\/\/www.weingut-steininger.at\/en\/wp-json\/wp\/v2\/product"}],"about":[{"href":"https:\/\/www.weingut-steininger.at\/en\/wp-json\/wp\/v2\/types\/product"}],"version-history":[{"count":2,"href":"https:\/\/www.weingut-steininger.at\/en\/wp-json\/wp\/v2\/product\/5474\/revisions"}],"predecessor-version":[{"id":18365,"href":"https:\/\/www.weingut-steininger.at\/en\/wp-json\/wp\/v2\/product\/5474\/revisions\/18365"}],"wp:featuredmedia":[{"embeddable":true,"href":"https:\/\/www.weingut-steininger.at\/en\/wp-json\/wp\/v2\/media\/5458"}],"wp:attachment":[{"href":"https:\/\/www.weingut-steininger.at\/en\/wp-json\/wp\/v2\/media?parent=5474"}],"wp:term":[{"taxonomy":"product_brand","embeddable":true,"href":"https:\/\/www.weingut-steininger.at\/en\/wp-json\/wp\/v2\/product_brand?post=5474"},{"taxonomy":"product_cat","embeddable":true,"href":"https:\/\/www.weingut-steininger.at\/en\/wp-json\/wp\/v2\/product_cat?post=5474"},{"taxonomy":"product_tag","embeddable":true,"href":"https:\/\/www.weingut-steininger.at\/en\/wp-json\/wp\/v2\/product_tag?post=5474"}],"curies":[{"name":"wp","href":"https:\/\/api.w.org\/{rel}","templated":true}]}}