{"id":5480,"date":"2020-01-17T16:33:15","date_gmt":"2020-01-17T14:33:15","guid":{"rendered":"https:\/\/www.weingut-steininger.at\/?post_type=product&#038;p=5480"},"modified":"2025-01-15T12:56:34","modified_gmt":"2025-01-15T10:56:34","slug":"gruener-veltliner-kittmannsberg-kamptal-dac-reserve-2012-2","status":"publish","type":"product","link":"https:\/\/www.weingut-steininger.at\/en\/online-vinothek\/weine\/gruener-veltliner-kittmannsberg-kamptal-dac-reserve-2012-2\/","title":{"rendered":"Gr\u00fcner Veltliner Kittmannsberg Kamptal DAC Reserve 2012"},"content":{"rendered":"<h2><a name=\"_Toc17281746\"><\/a>Weinjahr 2012<\/h2>\n<p>Sch\u00f6ne Reife und feines Fruchtspiel bei Wei\u00df und S\u00fc\u00df. Die gute Wasserversorgung im Juli und merklich k\u00fchleren Nachttemperaturen im September f\u00fchrten zu kompakten und strukturierten Wei\u00dfweinqualit\u00e4ten.<\/p>\n","protected":false},"excerpt":{"rendered":"<h4>13,5 % Vol. Alk., LUX Schraubverschluss<\/h4>\n<p>Kostnotizen von Familie Steininger<\/p>\n<p>Ein Musterbeispiel f\u00fcr einen pfeffrigen Gr\u00fcnen Veltliner. Im anfangenden Reifestatus zeigt er noch Jugendlichkeit.<\/p>\n<p>F\u00fcr Genie\u00dfer die einen guten Gr\u00fcnen Veltliner suchen, der wirklich Typazit\u00e4t, W\u00fcrze (wei\u00dfer Pfeffer) und vibrierenden Abgang erzeugen&nbsp; (19\/20 Punkte) Jung, frisch (CO2), dezente Frucht, im Zwischenstadion von jung auf alt, braucht noch Zeit.<\/p>\n<h4>19 von 20 Punkten<\/h4>\n<p>Preis auf Anfrage: office@weingut-steininger.at<\/p>\n","protected":false},"featured_media":4032,"template":"","meta":{"_acf_changed":false},"product_brand":[],"product_cat":[729,363,303],"product_tag":[],"class_list":{"0":"post-5480","1":"product","2":"type-product","3":"status-publish","4":"has-post-thumbnail","6":"product_cat-altweinkeller","7":"product_cat-gereifte-weine","8":"product_cat-gereifte-weine-sekte","9":"pa_gebinde-075-l","10":"pa_jahrgang-326","11":"pa_rebsorte-gv","12":"description-off","14":"first","15":"instock","16":"taxable","17":"shipping-taxable","18":"product-type-simple"},"bundled_by":[],"bundle_stock_status":"instock","bundle_stock_quantity":null,"bundle_virtual":false,"bundle_layout":"","bundle_add_to_cart_form_location":"","bundle_editable_in_cart":false,"bundle_sold_individually_context":"","bundle_item_grouping":"","bundle_min_size":"","bundle_max_size":"","bundle_price":[],"bundled_items":[],"bundle_sell_ids":[],"acf":[],"_links":{"self":[{"href":"https:\/\/www.weingut-steininger.at\/en\/wp-json\/wp\/v2\/product\/5480","targetHints":{"allow":["GET"]}}],"collection":[{"href":"https:\/\/www.weingut-steininger.at\/en\/wp-json\/wp\/v2\/product"}],"about":[{"href":"https:\/\/www.weingut-steininger.at\/en\/wp-json\/wp\/v2\/types\/product"}],"version-history":[{"count":2,"href":"https:\/\/www.weingut-steininger.at\/en\/wp-json\/wp\/v2\/product\/5480\/revisions"}],"predecessor-version":[{"id":18377,"href":"https:\/\/www.weingut-steininger.at\/en\/wp-json\/wp\/v2\/product\/5480\/revisions\/18377"}],"wp:featuredmedia":[{"embeddable":true,"href":"https:\/\/www.weingut-steininger.at\/en\/wp-json\/wp\/v2\/media\/4032"}],"wp:attachment":[{"href":"https:\/\/www.weingut-steininger.at\/en\/wp-json\/wp\/v2\/media?parent=5480"}],"wp:term":[{"taxonomy":"product_brand","embeddable":true,"href":"https:\/\/www.weingut-steininger.at\/en\/wp-json\/wp\/v2\/product_brand?post=5480"},{"taxonomy":"product_cat","embeddable":true,"href":"https:\/\/www.weingut-steininger.at\/en\/wp-json\/wp\/v2\/product_cat?post=5480"},{"taxonomy":"product_tag","embeddable":true,"href":"https:\/\/www.weingut-steininger.at\/en\/wp-json\/wp\/v2\/product_tag?post=5480"}],"curies":[{"name":"wp","href":"https:\/\/api.w.org\/{rel}","templated":true}]}}