{"id":5482,"date":"2020-01-17T16:38:52","date_gmt":"2020-01-17T14:38:52","guid":{"rendered":"https:\/\/www.weingut-steininger.at\/?post_type=product&#038;p=5482"},"modified":"2025-01-15T12:56:33","modified_gmt":"2025-01-15T10:56:33","slug":"gruener-veltliner-kittmannsberg-kamptal-dac-reserve-2009","status":"publish","type":"product","link":"https:\/\/www.weingut-steininger.at\/en\/online-vinothek\/weine\/gruener-veltliner-kittmannsberg-kamptal-dac-reserve-2009\/","title":{"rendered":"Gr\u00fcner Veltliner Kittmannsberg Kamptal DAC Reserve 2009"},"content":{"rendered":"<h2><a name=\"_Toc17281750\"><\/a>Weinjahr 2009<\/h2>\n<p>2009 &#8211; Sommer der Extreme. Unwettern, \u00dcberflutungen und Vermurungen waren typisch f\u00fcr diesen Jahrgang. Auch Blitzeinschlagsrekorden und das dr\u00fcckend hei\u00dfe Tropenwetter \u201eViel zu nass und deutlich zu warm\u201c machten die Winzer und Winzerinnen zu schaffen. Jedoch brachte der Herbst eine Vers\u00f6hnung mit Reife, Frucht und Aromatik. Der Oktober war wie ein \u201eAltweibersommer\u201c, er zeigte sich von der sch\u00f6nsten Seite. Wei\u00dfweine pr\u00e4sentieren perfekte Kombination von <a href=\"https:\/\/www.oesterreichwein.at\/unser-wein\/weinglossar-von-a-z\/?tx_a21glossary%5Buid%5D=673&amp;cHash=9a59d1824ca0151a750970d7dbc4a202\">Reife<\/a>, Fruchtf\u00fclle und Komplexit\u00e4t.<\/p>\n","protected":false},"excerpt":{"rendered":"<h4>Auszeichnungen: Langenloiser Champion, Salon<\/h4>\n<p>Kostnotizen von Familie Steininger<\/p>\n<p>Im Duft Honig und Heublumen. Am Gaumen dicht, trocken, harmonisch durch und durch, sp\u00fcrbarer Alkohol, mild mit leichter S\u00e4ure, Vollreife Frucht.<\/p>\n<p>Ein Wein zum Meditieren.<\/p>\n<h4>18 von 20 Punkten<\/h4>\n<p>Preis auf Anfrage: office@weingut-steininger.at<\/p>\n","protected":false},"featured_media":4032,"template":"","meta":{"_acf_changed":false},"product_brand":[],"product_cat":[729,363,303],"product_tag":[],"class_list":{"0":"post-5482","1":"product","2":"type-product","3":"status-publish","4":"has-post-thumbnail","6":"product_cat-altweinkeller","7":"product_cat-gereifte-weine","8":"product_cat-gereifte-weine-sekte","9":"pa_gebinde-075-l","10":"pa_jahrgang-323","11":"pa_rebsorte-gv","12":"description-off","14":"first","15":"instock","16":"taxable","17":"shipping-taxable","18":"product-type-simple"},"bundled_by":[],"bundle_stock_status":"instock","bundle_stock_quantity":null,"bundle_virtual":false,"bundle_layout":"","bundle_add_to_cart_form_location":"","bundle_editable_in_cart":false,"bundle_sold_individually_context":"","bundle_item_grouping":"","bundle_min_size":"","bundle_max_size":"","bundle_price":[],"bundled_items":[],"bundle_sell_ids":[],"acf":[],"_links":{"self":[{"href":"https:\/\/www.weingut-steininger.at\/en\/wp-json\/wp\/v2\/product\/5482","targetHints":{"allow":["GET"]}}],"collection":[{"href":"https:\/\/www.weingut-steininger.at\/en\/wp-json\/wp\/v2\/product"}],"about":[{"href":"https:\/\/www.weingut-steininger.at\/en\/wp-json\/wp\/v2\/types\/product"}],"version-history":[{"count":2,"href":"https:\/\/www.weingut-steininger.at\/en\/wp-json\/wp\/v2\/product\/5482\/revisions"}],"predecessor-version":[{"id":18381,"href":"https:\/\/www.weingut-steininger.at\/en\/wp-json\/wp\/v2\/product\/5482\/revisions\/18381"}],"wp:featuredmedia":[{"embeddable":true,"href":"https:\/\/www.weingut-steininger.at\/en\/wp-json\/wp\/v2\/media\/4032"}],"wp:attachment":[{"href":"https:\/\/www.weingut-steininger.at\/en\/wp-json\/wp\/v2\/media?parent=5482"}],"wp:term":[{"taxonomy":"product_brand","embeddable":true,"href":"https:\/\/www.weingut-steininger.at\/en\/wp-json\/wp\/v2\/product_brand?post=5482"},{"taxonomy":"product_cat","embeddable":true,"href":"https:\/\/www.weingut-steininger.at\/en\/wp-json\/wp\/v2\/product_cat?post=5482"},{"taxonomy":"product_tag","embeddable":true,"href":"https:\/\/www.weingut-steininger.at\/en\/wp-json\/wp\/v2\/product_tag?post=5482"}],"curies":[{"name":"wp","href":"https:\/\/api.w.org\/{rel}","templated":true}]}}