{"id":5483,"date":"2020-01-17T16:41:44","date_gmt":"2020-01-17T14:41:44","guid":{"rendered":"https:\/\/www.weingut-steininger.at\/?post_type=product&#038;p=5483"},"modified":"2025-01-15T12:56:33","modified_gmt":"2025-01-15T10:56:33","slug":"gruener-veltliner-kittmannsberg-kamptal-dac-reserve-2010","status":"publish","type":"product","link":"https:\/\/www.weingut-steininger.at\/en\/online-vinothek\/weine\/gruener-veltliner-kittmannsberg-kamptal-dac-reserve-2010\/","title":{"rendered":"Gr\u00fcner Veltliner Kittmannsberg Kamptal DAC Reserve 2010"},"content":{"rendered":"<h2>Weinjahr 2010<\/h2>\n<p>2010 war ein Jahr mit der geringsten \u00f6sterreichischen Erntemenge seit 25 Jahren. Im Juli herrschte eine Hitzephase, der August hingegen war k\u00fchl und regnerisch. Der Oktober ver\u00e4nderte sich wieder schlagartig und war ein \u201etrockenes Zeitfenster\u201c. Das Traubengut war im trockenen und gesundem Reifezustand. N\u00e4chtliche Abk\u00fchlung sind der Grund f\u00fcr sehr fruchtbetonte und rassige Weine.&nbsp;<\/p>\n","protected":false},"excerpt":{"rendered":"<h4>Auszeichnungen AWC gold, Salon 2011,<\/h4>\n<h4>13,5 % Vol. Alk., Glasverschluss<\/h4>\n<p>Kostnotizen von Familie Steininger<\/p>\n<p>2010 &#8211; Ein k\u00fchlerer Jahrgang. &nbsp;Brachte bei den Reserven doch noch sch\u00f6ne Qualit\u00e4t, Frucht, zeigt viel Extrakt die durch ein knackiges S\u00e4urespiel unterlegt wird. &nbsp;Durch den kleinen Jahrgang m\u00fcsste er wahrscheinlich bald getrunken werden.<\/p>\n<h4>16 von 20 Punkten<\/h4>\n<p>Preis auf Anfrage: office@weingut-steininger.at<\/p>\n","protected":false},"featured_media":4032,"template":"","meta":{"_acf_changed":false},"product_brand":[],"product_cat":[729,363,303],"product_tag":[],"class_list":{"0":"post-5483","1":"product","2":"type-product","3":"status-publish","4":"has-post-thumbnail","6":"product_cat-altweinkeller","7":"product_cat-gereifte-weine","8":"product_cat-gereifte-weine-sekte","9":"pa_gebinde-075-l","10":"pa_jahrgang-324","11":"pa_rebsorte-gv","12":"description-off","14":"first","15":"instock","16":"taxable","17":"shipping-taxable","18":"product-type-simple"},"bundled_by":[],"bundle_stock_status":"instock","bundle_stock_quantity":null,"bundle_virtual":false,"bundle_layout":"","bundle_add_to_cart_form_location":"","bundle_editable_in_cart":false,"bundle_sold_individually_context":"","bundle_item_grouping":"","bundle_min_size":"","bundle_max_size":"","bundle_price":[],"bundled_items":[],"bundle_sell_ids":[],"acf":[],"_links":{"self":[{"href":"https:\/\/www.weingut-steininger.at\/en\/wp-json\/wp\/v2\/product\/5483","targetHints":{"allow":["GET"]}}],"collection":[{"href":"https:\/\/www.weingut-steininger.at\/en\/wp-json\/wp\/v2\/product"}],"about":[{"href":"https:\/\/www.weingut-steininger.at\/en\/wp-json\/wp\/v2\/types\/product"}],"version-history":[{"count":2,"href":"https:\/\/www.weingut-steininger.at\/en\/wp-json\/wp\/v2\/product\/5483\/revisions"}],"predecessor-version":[{"id":18383,"href":"https:\/\/www.weingut-steininger.at\/en\/wp-json\/wp\/v2\/product\/5483\/revisions\/18383"}],"wp:featuredmedia":[{"embeddable":true,"href":"https:\/\/www.weingut-steininger.at\/en\/wp-json\/wp\/v2\/media\/4032"}],"wp:attachment":[{"href":"https:\/\/www.weingut-steininger.at\/en\/wp-json\/wp\/v2\/media?parent=5483"}],"wp:term":[{"taxonomy":"product_brand","embeddable":true,"href":"https:\/\/www.weingut-steininger.at\/en\/wp-json\/wp\/v2\/product_brand?post=5483"},{"taxonomy":"product_cat","embeddable":true,"href":"https:\/\/www.weingut-steininger.at\/en\/wp-json\/wp\/v2\/product_cat?post=5483"},{"taxonomy":"product_tag","embeddable":true,"href":"https:\/\/www.weingut-steininger.at\/en\/wp-json\/wp\/v2\/product_tag?post=5483"}],"curies":[{"name":"wp","href":"https:\/\/api.w.org\/{rel}","templated":true}]}}