{"id":5484,"date":"2020-01-17T16:44:11","date_gmt":"2020-01-17T14:44:11","guid":{"rendered":"https:\/\/www.weingut-steininger.at\/?post_type=product&#038;p=5484"},"modified":"2025-01-15T12:56:32","modified_gmt":"2025-01-15T10:56:32","slug":"gruener-veltliner-kittmannsberg-kamptal-dac-reserve-2007","status":"publish","type":"product","link":"https:\/\/www.weingut-steininger.at\/en\/online-vinothek\/weine\/gruener-veltliner-kittmannsberg-kamptal-dac-reserve-2007\/","title":{"rendered":"Gr\u00fcner Veltliner Kittmannsberg Kamptal DAC Reserve 2007"},"content":{"rendered":"<h2><a name=\"_Toc17281754\"><\/a>Weinjahr 2007<\/h2>\n<p>Im M\u00e4rz kamen noch gro\u00dfe Neuschneemengen, mit sp\u00fcrbarer K\u00e4lte. Im Juni herrschten starke Unwetter mit gro\u00dfen Niederschl\u00e4gen. Der Juli hingegen war mit 39,5 \u00b0C und einer Trockenperiode f\u00fcr viele Winzer mit erh\u00f6htem Arbeitsaufwand verbunden. Der September war eher k\u00fchl mit starke Regenf\u00e4llen.<\/p>\n","protected":false},"excerpt":{"rendered":"<h4>14 % Vol. Alk., Glaskork<\/h4>\n<p>Kostnotizen von Familie Steininger<\/p>\n<p>Frucht, frische, W\u00fcrze, trocken, dicht aber trotzdem t\u00e4nzelnd am Gaumen, vibrierend<\/p>\n<h4>18 von 20 Punkten<\/h4>\n<p>Preis auf Anfrage: office@weingut-steininger.at<\/p>\n","protected":false},"featured_media":4032,"template":"","meta":{"_acf_changed":false},"product_brand":[],"product_cat":[729,363,303],"product_tag":[],"class_list":{"0":"post-5484","1":"product","2":"type-product","3":"status-publish","4":"has-post-thumbnail","6":"product_cat-altweinkeller","7":"product_cat-gereifte-weine","8":"product_cat-gereifte-weine-sekte","9":"pa_gebinde-075-l","10":"pa_jahrgang-321","11":"pa_rebsorte-gv","12":"description-off","14":"first","15":"instock","16":"taxable","17":"shipping-taxable","18":"product-type-simple"},"bundled_by":[],"bundle_stock_status":"instock","bundle_stock_quantity":null,"bundle_virtual":false,"bundle_layout":"","bundle_add_to_cart_form_location":"","bundle_editable_in_cart":false,"bundle_sold_individually_context":"","bundle_item_grouping":"","bundle_min_size":"","bundle_max_size":"","bundle_price":[],"bundled_items":[],"bundle_sell_ids":[],"acf":[],"_links":{"self":[{"href":"https:\/\/www.weingut-steininger.at\/en\/wp-json\/wp\/v2\/product\/5484","targetHints":{"allow":["GET"]}}],"collection":[{"href":"https:\/\/www.weingut-steininger.at\/en\/wp-json\/wp\/v2\/product"}],"about":[{"href":"https:\/\/www.weingut-steininger.at\/en\/wp-json\/wp\/v2\/types\/product"}],"version-history":[{"count":2,"href":"https:\/\/www.weingut-steininger.at\/en\/wp-json\/wp\/v2\/product\/5484\/revisions"}],"predecessor-version":[{"id":18385,"href":"https:\/\/www.weingut-steininger.at\/en\/wp-json\/wp\/v2\/product\/5484\/revisions\/18385"}],"wp:featuredmedia":[{"embeddable":true,"href":"https:\/\/www.weingut-steininger.at\/en\/wp-json\/wp\/v2\/media\/4032"}],"wp:attachment":[{"href":"https:\/\/www.weingut-steininger.at\/en\/wp-json\/wp\/v2\/media?parent=5484"}],"wp:term":[{"taxonomy":"product_brand","embeddable":true,"href":"https:\/\/www.weingut-steininger.at\/en\/wp-json\/wp\/v2\/product_brand?post=5484"},{"taxonomy":"product_cat","embeddable":true,"href":"https:\/\/www.weingut-steininger.at\/en\/wp-json\/wp\/v2\/product_cat?post=5484"},{"taxonomy":"product_tag","embeddable":true,"href":"https:\/\/www.weingut-steininger.at\/en\/wp-json\/wp\/v2\/product_tag?post=5484"}],"curies":[{"name":"wp","href":"https:\/\/api.w.org\/{rel}","templated":true}]}}