{"id":5494,"date":"2020-01-20T15:06:34","date_gmt":"2020-01-20T13:06:34","guid":{"rendered":"https:\/\/www.weingut-steininger.at\/?post_type=product&#038;p=5494"},"modified":"2025-01-15T12:56:32","modified_gmt":"2025-01-15T10:56:32","slug":"gruener-veltliner-grand-grue-kamptal-dac-2011","status":"publish","type":"product","link":"https:\/\/www.weingut-steininger.at\/en\/online-vinothek\/weine\/gruener-veltliner-grand-grue-kamptal-dac-2011\/","title":{"rendered":"Gr\u00fcner Veltliner Grand Gr\u00fc Kamptal DAC Reserve 2011"},"content":{"rendered":"<h2><a name=\"_Toc17281762\"><\/a>Weinjahr 2011<\/h2>\n<p>Der sonnenreiche und warme August brachte eine gro\u00dfe Angst vor dem \u201e<a href=\"https:\/\/www.oesterreichwein.at\/unser-wein\/weinglossar-von-a-z\/?tx_a21glossary%5Buid%5D=776&amp;cHash=616bb8acc1a8d372a696d5354c7a4002\">Sonnenbrand<\/a>\u201c. Der September war ein \u201eAltweibersommer\u201c, jedoch mit Ausbleiben von Niederschl\u00e4gen welche bei den Reben \u201eTrockenstress\u201c verursachte. Auch in der Nacht herrschten relativ hohe Temperaturen, dies f\u00fchrt zu einem Absinken der S\u00e4urewerten.<br \/>\nDer <a href=\"https:\/\/www.oesterreichwein.at\/unser-wein\/rebsorten\/weisswein\/gruener-veltliner\/\">Gr\u00fcne Veltliner<\/a> hat eine gute <a href=\"https:\/\/www.oesterreichwein.at\/unser-wein\/weinglossar-von-a-z\/?tx_a21glossary%5Buid%5D=77&amp;cHash=8daf60f000bd936aea3ae0349b00779a\">Balance<\/a> zwischen <a href=\"https:\/\/www.oesterreichwein.at\/unser-wein\/weinglossar-von-a-z\/?tx_a21glossary%5Buid%5D=31&amp;cHash=dc5ef030b88e8a696bfe1bfadb606d3d\">Alkohol<\/a>&#8211; und <a href=\"https:\/\/www.oesterreichwein.at\/unser-wein\/weinglossar-von-a-z\/?tx_a21glossary%5Buid%5D=723&amp;cHash=c95ea003c07b5aa28e2a9d5fc7f82827\">S\u00e4uregehalt<\/a> gefunden und eine gewisse Frische und Rasse ist erkennbar.<\/p>\n","protected":false},"excerpt":{"rendered":"<h4>14 % Vol. Alk., Stelvin Lux<\/h4>\n<p>Kostnotizen von Familie Steininger<\/p>\n<p>Die trockene und hei\u00dfe Witterung im gesamten Jahresverlauf ergab einen milden, kr\u00e4ftigen, fast alkoholisch wirkenden Wein. Im Abgang ist seine alkoholische Kraft sp\u00fcrbar, dieser &#8220;Kraftlackl&#8221; l\u00e4sst aber die W\u00fcrzigkeit des Gr\u00fcnen Veltliners nicht wirken. Positiv ist seine enorme Kraft, wird aber sicher noch 20 Jahre im gleichen Qualit\u00e4tssegment bleiben.<\/p>\n<h4>17 von 20 Punkten<\/h4>\n<p>Preis auf Anfrage: office@weingut-steininger.at<\/p>\n","protected":false},"featured_media":0,"template":"","meta":{"_acf_changed":false},"product_brand":[],"product_cat":[729,363,303],"product_tag":[],"class_list":{"0":"post-5494","1":"product","2":"type-product","3":"status-publish","5":"product_cat-altweinkeller","6":"product_cat-gereifte-weine","7":"product_cat-gereifte-weine-sekte","8":"pa_gebinde-075-l","9":"pa_jahrgang-325","10":"pa_rebsorte-gv","11":"description-off","13":"first","14":"instock","15":"taxable","16":"shipping-taxable","17":"product-type-simple"},"bundled_by":[],"bundle_stock_status":"instock","bundle_stock_quantity":null,"bundle_virtual":false,"bundle_layout":"","bundle_add_to_cart_form_location":"","bundle_editable_in_cart":false,"bundle_sold_individually_context":"","bundle_item_grouping":"","bundle_min_size":"","bundle_max_size":"","bundle_price":[],"bundled_items":[],"bundle_sell_ids":[],"acf":[],"_links":{"self":[{"href":"https:\/\/www.weingut-steininger.at\/en\/wp-json\/wp\/v2\/product\/5494","targetHints":{"allow":["GET"]}}],"collection":[{"href":"https:\/\/www.weingut-steininger.at\/en\/wp-json\/wp\/v2\/product"}],"about":[{"href":"https:\/\/www.weingut-steininger.at\/en\/wp-json\/wp\/v2\/types\/product"}],"version-history":[{"count":2,"href":"https:\/\/www.weingut-steininger.at\/en\/wp-json\/wp\/v2\/product\/5494\/revisions"}],"predecessor-version":[{"id":18389,"href":"https:\/\/www.weingut-steininger.at\/en\/wp-json\/wp\/v2\/product\/5494\/revisions\/18389"}],"wp:attachment":[{"href":"https:\/\/www.weingut-steininger.at\/en\/wp-json\/wp\/v2\/media?parent=5494"}],"wp:term":[{"taxonomy":"product_brand","embeddable":true,"href":"https:\/\/www.weingut-steininger.at\/en\/wp-json\/wp\/v2\/product_brand?post=5494"},{"taxonomy":"product_cat","embeddable":true,"href":"https:\/\/www.weingut-steininger.at\/en\/wp-json\/wp\/v2\/product_cat?post=5494"},{"taxonomy":"product_tag","embeddable":true,"href":"https:\/\/www.weingut-steininger.at\/en\/wp-json\/wp\/v2\/product_tag?post=5494"}],"curies":[{"name":"wp","href":"https:\/\/api.w.org\/{rel}","templated":true}]}}