{"id":5501,"date":"2020-01-21T12:55:42","date_gmt":"2020-01-21T10:55:42","guid":{"rendered":"https:\/\/www.weingut-steininger.at\/?post_type=product&#038;p=5501"},"modified":"2025-01-15T12:56:30","modified_gmt":"2025-01-15T10:56:30","slug":"gruener-veltliner-grand-grue-kamptal-dac-reserve-2007","status":"publish","type":"product","link":"https:\/\/www.weingut-steininger.at\/en\/online-vinothek\/weine\/gruener-veltliner-grand-grue-kamptal-dac-reserve-2007\/","title":{"rendered":"Gr\u00fcner Veltliner Grand Gr\u00fc Kamptal DAC Reserve 2014"},"content":{"rendered":"<h1>Weinjahr 2014&nbsp;&nbsp;&nbsp;&nbsp;&nbsp;&nbsp;&nbsp;&nbsp;&nbsp;&nbsp;&nbsp;&nbsp;&nbsp;&nbsp;<\/h1>\n<p>2014 ging mit schwierigen Witterungsverh\u00e4ltnissen im Sommer und Herbst einher. Der August war \u00e4u\u00dferst tr\u00fcb und sonnenarm. Auch w\u00e4hrend der <a href=\"https:\/\/www.oesterreichwein.at\/unser-wein\/weinglossar-von-a-z\/?tx_a21glossary%5Buid%5D=372&amp;cHash=74c75bd284402dfb50ec6b1d213952a0\">Hauptlese<\/a> im September musste man sich mit niederschlagsreichen Tagen k\u00e4mpfen. Erst im Oktober wendete sich das Blatt dann ein wenig zum Positiven.<\/p>\n","protected":false},"excerpt":{"rendered":"<h4>&nbsp;<\/h4>\n<p>Preis auf Anfrage: office@weingut-steininger.at<\/p>\n","protected":false},"featured_media":0,"template":"","meta":{"_acf_changed":false},"product_brand":[],"product_cat":[729,363,303],"product_tag":[],"class_list":{"0":"post-5501","1":"product","2":"type-product","3":"status-publish","5":"product_cat-altweinkeller","6":"product_cat-gereifte-weine","7":"product_cat-gereifte-weine-sekte","8":"pa_gebinde-075-l","9":"pa_jahrgang-321","10":"pa_rebsorte-gv","11":"description-off","13":"first","14":"instock","15":"taxable","16":"shipping-taxable","17":"product-type-simple"},"bundled_by":[],"bundle_stock_status":"instock","bundle_stock_quantity":null,"bundle_virtual":false,"bundle_layout":"","bundle_add_to_cart_form_location":"","bundle_editable_in_cart":false,"bundle_sold_individually_context":"","bundle_item_grouping":"","bundle_min_size":"","bundle_max_size":"","bundle_price":[],"bundled_items":[],"bundle_sell_ids":[],"acf":[],"_links":{"self":[{"href":"https:\/\/www.weingut-steininger.at\/en\/wp-json\/wp\/v2\/product\/5501","targetHints":{"allow":["GET"]}}],"collection":[{"href":"https:\/\/www.weingut-steininger.at\/en\/wp-json\/wp\/v2\/product"}],"about":[{"href":"https:\/\/www.weingut-steininger.at\/en\/wp-json\/wp\/v2\/types\/product"}],"version-history":[{"count":2,"href":"https:\/\/www.weingut-steininger.at\/en\/wp-json\/wp\/v2\/product\/5501\/revisions"}],"predecessor-version":[{"id":18397,"href":"https:\/\/www.weingut-steininger.at\/en\/wp-json\/wp\/v2\/product\/5501\/revisions\/18397"}],"wp:attachment":[{"href":"https:\/\/www.weingut-steininger.at\/en\/wp-json\/wp\/v2\/media?parent=5501"}],"wp:term":[{"taxonomy":"product_brand","embeddable":true,"href":"https:\/\/www.weingut-steininger.at\/en\/wp-json\/wp\/v2\/product_brand?post=5501"},{"taxonomy":"product_cat","embeddable":true,"href":"https:\/\/www.weingut-steininger.at\/en\/wp-json\/wp\/v2\/product_cat?post=5501"},{"taxonomy":"product_tag","embeddable":true,"href":"https:\/\/www.weingut-steininger.at\/en\/wp-json\/wp\/v2\/product_tag?post=5501"}],"curies":[{"name":"wp","href":"https:\/\/api.w.org\/{rel}","templated":true}]}}