{"id":5503,"date":"2020-01-21T13:43:24","date_gmt":"2020-01-21T11:43:24","guid":{"rendered":"https:\/\/www.weingut-steininger.at\/?post_type=product&#038;p=5503"},"modified":"2025-01-15T12:56:30","modified_gmt":"2025-01-15T10:56:30","slug":"gruener-veltliner-grand-grue-kamptal-dac-reserve-2006","status":"publish","type":"product","link":"https:\/\/www.weingut-steininger.at\/en\/online-vinothek\/weine\/gruener-veltliner-grand-grue-kamptal-dac-reserve-2006\/","title":{"rendered":"Gr\u00fcner Veltliner Grand Gr\u00fc Kamptal DAC Reserve 2012"},"content":{"rendered":"<h1>Weinjahr 2012<\/h1>\n<p>Sch\u00f6ne Reife und feines Fruchtspiel bei Wei\u00df und S\u00fc\u00df. Die gute Wasserversorgung im Juli und merklich k\u00fchleren Nachttemperaturen im September f\u00fchrten zu kompakten und strukturierten Wei\u00dfweinqualit\u00e4ten.<\/p>\n","protected":false},"excerpt":{"rendered":"<h4>&nbsp;<\/h4>\n<p>Preis auf Anfrage: office@weingut-steininger.at<\/p>\n","protected":false},"featured_media":0,"template":"","meta":{"_acf_changed":false},"product_brand":[],"product_cat":[729,363,303],"product_tag":[],"class_list":{"0":"post-5503","1":"product","2":"type-product","3":"status-publish","5":"product_cat-altweinkeller","6":"product_cat-gereifte-weine","7":"product_cat-gereifte-weine-sekte","8":"pa_gebinde-075-l","9":"pa_jahrgang-320","10":"pa_rebsorte-gv","11":"description-off","13":"first","14":"instock","15":"taxable","16":"shipping-taxable","17":"product-type-simple"},"bundled_by":[],"bundle_stock_status":"instock","bundle_stock_quantity":null,"bundle_virtual":false,"bundle_layout":"","bundle_add_to_cart_form_location":"","bundle_editable_in_cart":false,"bundle_sold_individually_context":"","bundle_item_grouping":"","bundle_min_size":"","bundle_max_size":"","bundle_price":[],"bundled_items":[],"bundle_sell_ids":[],"acf":[],"_links":{"self":[{"href":"https:\/\/www.weingut-steininger.at\/en\/wp-json\/wp\/v2\/product\/5503","targetHints":{"allow":["GET"]}}],"collection":[{"href":"https:\/\/www.weingut-steininger.at\/en\/wp-json\/wp\/v2\/product"}],"about":[{"href":"https:\/\/www.weingut-steininger.at\/en\/wp-json\/wp\/v2\/types\/product"}],"version-history":[{"count":2,"href":"https:\/\/www.weingut-steininger.at\/en\/wp-json\/wp\/v2\/product\/5503\/revisions"}],"predecessor-version":[{"id":18399,"href":"https:\/\/www.weingut-steininger.at\/en\/wp-json\/wp\/v2\/product\/5503\/revisions\/18399"}],"wp:attachment":[{"href":"https:\/\/www.weingut-steininger.at\/en\/wp-json\/wp\/v2\/media?parent=5503"}],"wp:term":[{"taxonomy":"product_brand","embeddable":true,"href":"https:\/\/www.weingut-steininger.at\/en\/wp-json\/wp\/v2\/product_brand?post=5503"},{"taxonomy":"product_cat","embeddable":true,"href":"https:\/\/www.weingut-steininger.at\/en\/wp-json\/wp\/v2\/product_cat?post=5503"},{"taxonomy":"product_tag","embeddable":true,"href":"https:\/\/www.weingut-steininger.at\/en\/wp-json\/wp\/v2\/product_tag?post=5503"}],"curies":[{"name":"wp","href":"https:\/\/api.w.org\/{rel}","templated":true}]}}