{"id":5506,"date":"2020-01-21T14:21:41","date_gmt":"2020-01-21T12:21:41","guid":{"rendered":"https:\/\/www.weingut-steininger.at\/?post_type=product&#038;p=5506"},"modified":"2025-01-15T12:56:29","modified_gmt":"2025-01-15T10:56:29","slug":"gruener-veltliner-grand-grue-kamptal-dac-reserve-2002","status":"publish","type":"product","link":"https:\/\/www.weingut-steininger.at\/en\/online-vinothek\/weine\/gruener-veltliner-grand-grue-kamptal-dac-reserve-2002\/","title":{"rendered":"Gr\u00fcner Veltliner Grand Gr\u00fc Kamptal DAC Reserve 2002"},"content":{"rendered":"<h2><a name=\"_Toc17281778\"><\/a>Weinjahr 2002<\/h2>\n<p>Der Winter im Jahr 2002 war relativ mild und trocken. In Folge kam ein freundlicher, trockener Fr\u00fchling mit fr\u00fchem <a href=\"https:\/\/www.oesterreichwein.at\/unser-wein\/weinglossar-von-a-z\/?tx_a21glossary%5Buid%5D=71&amp;cHash=37fdd0f00bd1fee6c5636a516f7ad7f3\">Austrieb<\/a> und problemloser <a href=\"https:\/\/www.oesterreichwein.at\/unser-wein\/weinglossar-von-a-z\/?tx_a21glossary%5Buid%5D=120&amp;cHash=2ef20fe273ca1540d5debdc804fb03c6\">Bl\u00fcte<\/a> Ende Mai. Nach einigen hei\u00dfen Junitagen sorgte ein warmer, von Gewitterregen durchsetzter Juli f\u00fcr gro\u00dfen Reifevorsprung, der im August von der Hochwasserkatastrophe abrupt unterbrochen wurde. In fast allen Weinbaugegenden trat F\u00e4ulnisdruck auf, und die unglaublichen Wassermengen richteten in der <a href=\"https:\/\/www.oesterreichwein.at\/unser-wein\/weinbaugebiete\/niederoesterreich\/wachau\/\">Wachau<\/a>, im <a href=\"https:\/\/www.oesterreichwein.at\/unser-wein\/weinbaugebiete\/niederoesterreich\/kamptal\/\">Kamptal<\/a> und im <a href=\"https:\/\/www.oesterreichwein.at\/unser-wein\/weinbaugebiete\/niederoesterreich\/kremstal\/\">Kremstal<\/a> teilweise verheerende Sch\u00e4den an. Voraussetzung f\u00fcr Qualit\u00e4t waren penible Vorlesen, um faule Beeren und Trauben zu entfernen, was Ernteverluste nach sich zog.<\/p>\n","protected":false},"excerpt":{"rendered":"<h4>14,5 % Vol. Alk., Glasverschluss<\/h4>\n<p>Kostnotizen Familie Steininger<\/p>\n<p>Das Hochwasser im Kamptal richtete riesige Sch\u00e4den an. Der Herbst hingegen zeigt sich von seiner vers\u00f6hnenden Seite, doch der vollgetrunkene Boden lies aber die Beeren platzen und ein enormer Botrytisdruck folgte, durch penibles Sortieren und Auslesen war es jedoch m\u00f6glich, dass man auch dieses Jahr super Weine hervorbringt. Der Grand Gr\u00fc ist ein mit 14,5 vol. % Alkohol und sp\u00fcrbaren Zuckerrest ein richtiger Kraftlackl \u2013 zeigt seine Kraft vom Anfang bis zum Ende und l\u00e4sst den Wein im Abgang noch grandios nachwirken<\/p>\n<h4>19 von 20 Punkten<\/h4>\n<p>Preis auf Anfrage: office@weingut-steininger.at<\/p>\n","protected":false},"featured_media":0,"template":"","meta":{"_acf_changed":false},"product_brand":[],"product_cat":[729,363,303],"product_tag":[],"class_list":{"0":"post-5506","1":"product","2":"type-product","3":"status-publish","5":"product_cat-altweinkeller","6":"product_cat-gereifte-weine","7":"product_cat-gereifte-weine-sekte","8":"pa_gebinde-075-l","9":"pa_jahrgang-316","10":"pa_rebsorte-gv","11":"description-off","13":"first","14":"instock","15":"taxable","16":"shipping-taxable","17":"product-type-simple"},"bundled_by":[],"bundle_stock_status":"instock","bundle_stock_quantity":null,"bundle_virtual":false,"bundle_layout":"","bundle_add_to_cart_form_location":"","bundle_editable_in_cart":false,"bundle_sold_individually_context":"","bundle_item_grouping":"","bundle_min_size":"","bundle_max_size":"","bundle_price":[],"bundled_items":[],"bundle_sell_ids":[],"acf":[],"_links":{"self":[{"href":"https:\/\/www.weingut-steininger.at\/en\/wp-json\/wp\/v2\/product\/5506","targetHints":{"allow":["GET"]}}],"collection":[{"href":"https:\/\/www.weingut-steininger.at\/en\/wp-json\/wp\/v2\/product"}],"about":[{"href":"https:\/\/www.weingut-steininger.at\/en\/wp-json\/wp\/v2\/types\/product"}],"version-history":[{"count":3,"href":"https:\/\/www.weingut-steininger.at\/en\/wp-json\/wp\/v2\/product\/5506\/revisions"}],"predecessor-version":[{"id":21577,"href":"https:\/\/www.weingut-steininger.at\/en\/wp-json\/wp\/v2\/product\/5506\/revisions\/21577"}],"wp:attachment":[{"href":"https:\/\/www.weingut-steininger.at\/en\/wp-json\/wp\/v2\/media?parent=5506"}],"wp:term":[{"taxonomy":"product_brand","embeddable":true,"href":"https:\/\/www.weingut-steininger.at\/en\/wp-json\/wp\/v2\/product_brand?post=5506"},{"taxonomy":"product_cat","embeddable":true,"href":"https:\/\/www.weingut-steininger.at\/en\/wp-json\/wp\/v2\/product_cat?post=5506"},{"taxonomy":"product_tag","embeddable":true,"href":"https:\/\/www.weingut-steininger.at\/en\/wp-json\/wp\/v2\/product_tag?post=5506"}],"curies":[{"name":"wp","href":"https:\/\/api.w.org\/{rel}","templated":true}]}}