{"id":5517,"date":"2020-01-21T15:57:49","date_gmt":"2020-01-21T13:57:49","guid":{"rendered":"https:\/\/www.weingut-steininger.at\/?post_type=product&#038;p=5517"},"modified":"2025-01-15T12:56:27","modified_gmt":"2025-01-15T10:56:27","slug":"gruener-veltliner-kamptal-dac-reserve-loisiumweingarten-2004","status":"publish","type":"product","link":"https:\/\/www.weingut-steininger.at\/en\/online-vinothek\/weine\/gruener-veltliner-kamptal-dac-reserve-loisiumweingarten-2004\/","title":{"rendered":"Gr\u00fcner Veltliner Loisiumweingarten Kamptal DAC Reserve 2004"},"content":{"rendered":"<h2><a name=\"_Toc17281718\"><\/a>Weinjahr 2004<\/h2>\n<p>Begonnen hat das wechselhafte Jahr 2004 mit h\u00e4ufigen Niederschl\u00e4gen. Der <a href=\"https:\/\/www.oesterreichwein.at\/unser-wein\/weinglossar-von-a-z\/?tx_a21glossary%5Buid%5D=71&amp;cHash=37fdd0f00bd1fee6c5636a516f7ad7f3\">Austrieb<\/a> fand versp\u00e4tet statt, da es feucht und zum Teil k\u00fchl weiterging. Aufgrund der sonnenarmen Monate Mai und Juni begann auch die <a href=\"https:\/\/www.oesterreichwein.at\/unser-wein\/weinglossar-von-a-z\/?tx_a21glossary%5Buid%5D=120&amp;cHash=2ef20fe273ca1540d5debdc804fb03c6\">Bl\u00fcte<\/a> sp\u00e4ter und wurde teilweise vom starken Regen beeintr\u00e4chtigt \u2013 die Folge war eine \u201enat\u00fcrliche\u201c Ertragsbeschr\u00e4nkung. Doch der Umschwung kam mit dem <a href=\"https:\/\/www.oesterreichwein.at\/unser-wein\/weinglossar-von-a-z\/?tx_a21glossary%5Buid%5D=815&amp;cHash=b764401f4fb02678e7bbdad01c2bdd72\">strahlend<\/a> sonnigen August und einem \u00e4hnlich sch\u00f6nen September mit niedrigen Nachttemperaturen, was f\u00fcr gute Aromaausbildung sorgte.<\/p>\n","protected":false},"excerpt":{"rendered":"<h4>13,5 % Vol. Alk., Plastikkork<\/h4>\n<p>Kostnotizen von Familie Steininger<\/p>\n<p>2004 war ein kleiner Weinjahrgang. In der Nase Duft nach Vanilleschoten. Am Gaumen dunkle Kr\u00e4uterw\u00fcrze. Der Wein wirkt nicht opulent, eher geradlinig und klar. Ein Vertreter eines knackigen Jahrganges. TIPP: Vor dem Genuss dekantieren, damit sich der Wein besser entfalten kann.<\/p>\n<h4>16 von 20 Punkten<\/h4>\n<p>Preis auf Anfrage: office@weingut-steininger.at<\/p>\n","protected":false},"featured_media":3534,"template":"","meta":{"_acf_changed":false},"product_brand":[],"product_cat":[729,363,303],"product_tag":[],"class_list":{"0":"post-5517","1":"product","2":"type-product","3":"status-publish","4":"has-post-thumbnail","6":"product_cat-altweinkeller","7":"product_cat-gereifte-weine","8":"product_cat-gereifte-weine-sekte","9":"pa_alkohol-119","10":"pa_jahrgang-318","11":"pa_rebsorte-gv","12":"description-off","14":"first","15":"instock","16":"taxable","17":"shipping-taxable","18":"product-type-simple"},"bundled_by":[],"bundle_stock_status":"instock","bundle_stock_quantity":null,"bundle_virtual":false,"bundle_layout":"","bundle_add_to_cart_form_location":"","bundle_editable_in_cart":false,"bundle_sold_individually_context":"","bundle_item_grouping":"","bundle_min_size":"","bundle_max_size":"","bundle_price":[],"bundled_items":[],"bundle_sell_ids":[],"acf":[],"_links":{"self":[{"href":"https:\/\/www.weingut-steininger.at\/en\/wp-json\/wp\/v2\/product\/5517","targetHints":{"allow":["GET"]}}],"collection":[{"href":"https:\/\/www.weingut-steininger.at\/en\/wp-json\/wp\/v2\/product"}],"about":[{"href":"https:\/\/www.weingut-steininger.at\/en\/wp-json\/wp\/v2\/types\/product"}],"version-history":[{"count":2,"href":"https:\/\/www.weingut-steininger.at\/en\/wp-json\/wp\/v2\/product\/5517\/revisions"}],"predecessor-version":[{"id":18415,"href":"https:\/\/www.weingut-steininger.at\/en\/wp-json\/wp\/v2\/product\/5517\/revisions\/18415"}],"wp:featuredmedia":[{"embeddable":true,"href":"https:\/\/www.weingut-steininger.at\/en\/wp-json\/wp\/v2\/media\/3534"}],"wp:attachment":[{"href":"https:\/\/www.weingut-steininger.at\/en\/wp-json\/wp\/v2\/media?parent=5517"}],"wp:term":[{"taxonomy":"product_brand","embeddable":true,"href":"https:\/\/www.weingut-steininger.at\/en\/wp-json\/wp\/v2\/product_brand?post=5517"},{"taxonomy":"product_cat","embeddable":true,"href":"https:\/\/www.weingut-steininger.at\/en\/wp-json\/wp\/v2\/product_cat?post=5517"},{"taxonomy":"product_tag","embeddable":true,"href":"https:\/\/www.weingut-steininger.at\/en\/wp-json\/wp\/v2\/product_tag?post=5517"}],"curies":[{"name":"wp","href":"https:\/\/api.w.org\/{rel}","templated":true}]}}