{"id":5520,"date":"2020-01-22T12:05:12","date_gmt":"2020-01-22T10:05:12","guid":{"rendered":"https:\/\/www.weingut-steininger.at\/?post_type=product&#038;p=5520"},"modified":"2025-01-15T12:56:25","modified_gmt":"2025-01-15T10:56:25","slug":"gruener-veltliner-kabinett-1992","status":"publish","type":"product","link":"https:\/\/www.weingut-steininger.at\/en\/online-vinothek\/weine\/gruener-veltliner-kabinett-1992\/","title":{"rendered":"Gr\u00fcner Veltliner Kabinett 1995"},"content":{"rendered":"<h1>Weinjahr 1995<\/h1>\n<p>Im Juli gab es eine <a href=\"https:\/\/www.oesterreichwein.at\/unser-wein\/weinglossar-von-a-z\/?tx_a21glossary%5Buid%5D=502&amp;cHash=f54e9fa9c9eed75d13a60e955f66a42b\">lang<\/a> anhaltende Hitzeperiode und gut verteilte Niederschl\u00e4ge. Im August hingegen setzten ung\u00fcnstige Witterungsverh\u00e4ltnisse ein, dies f\u00fchrte zu <a href=\"https:\/\/www.oesterreichwein.at\/unser-wein\/weinglossar-von-a-z\/?tx_a21glossary%5Buid%5D=599&amp;cHash=8cd61a2b81f534e7e906d1837b75bd49\">Oidium<\/a>-Probleme. Eine kalte und nasse Witterungsperiode in der ersten Septemberh\u00e4lfte war verantwortlich f\u00fcr verbreitete Traubenf\u00e4ulnisse.<\/p>\n<p>Die Zuckerwerte entwickelten sich trotzdem gut, nach langer Zeit gab es wieder gute S\u00e4urewerte. Anfang Oktober, nach ausreichender Prim\u00e4rinfektion mit Botrytis cinerea, setzte eine <a href=\"https:\/\/www.oesterreichwein.at\/unser-wein\/weinglossar-von-a-z\/?tx_a21glossary%5Buid%5D=873&amp;cHash=32beb48e5d9044204a82a50e6e6a5549\">trocken<\/a>-warme Periode ein. Die meist guten S\u00e4urewerte gaben den Weinen R\u00fcckgrat, sodass es in allen Gebieten Weine von recht guter <a href=\"https:\/\/www.oesterreichwein.at\/unser-wein\/weinglossar-von-a-z\/?tx_a21glossary%5Buid%5D=651&amp;cHash=6f0d86eaa8efe36a8f88d34d24b97c5d\">Qualit\u00e4t<\/a> gab. Der Jahrgang kann in Summe als ausgezeichneter Pr\u00e4dikatsweinjahrgang bezeichnet werden.<\/p>\n","protected":false},"excerpt":{"rendered":"<h2>Auszeichnungen: N\u00d6 Landessieger 1996, Salon Wein;<\/h2>\n<p>Kostnotizen von Familie Steininger<\/p>\n<p>Der Herbst macht die Qualit\u00e4t des Weines, gerade bei diesem Wein, kann man das behaupten. Trotz seines relativ geringen Alkoholgehalt, zeigt sich der Wein mit einer dezenten Frucht im Glas gold gelbe Farbe, voll, durchgehend harmonisch, gro\u00dfer Wein, Dieser Wein zeigt dass ein guter Wein in der Jugend nach 25 Jahren seine Qualit\u00e4t beibeh\u00e4lt.<\/p>\n<h3>19,5 von 20 Punkten<\/h3>\n<p>Preis auf Anfrage: office@weingut-steininger.at<\/p>\n","protected":false},"featured_media":5530,"template":"","meta":{"_acf_changed":false},"product_brand":[],"product_cat":[729,363,303],"product_tag":[],"class_list":{"0":"post-5520","1":"product","2":"type-product","3":"status-publish","4":"has-post-thumbnail","6":"product_cat-altweinkeller","7":"product_cat-gereifte-weine","8":"product_cat-gereifte-weine-sekte","9":"pa_gebinde-075-l","10":"pa_jahrgang-346","11":"pa_rebsorte-gv","12":"description-off","14":"first","15":"instock","16":"taxable","17":"shipping-taxable","18":"product-type-simple"},"bundled_by":[],"bundle_stock_status":"instock","bundle_stock_quantity":null,"bundle_virtual":false,"bundle_layout":"","bundle_add_to_cart_form_location":"","bundle_editable_in_cart":false,"bundle_sold_individually_context":"","bundle_item_grouping":"","bundle_min_size":"","bundle_max_size":"","bundle_price":[],"bundled_items":[],"bundle_sell_ids":[],"acf":[],"_links":{"self":[{"href":"https:\/\/www.weingut-steininger.at\/en\/wp-json\/wp\/v2\/product\/5520","targetHints":{"allow":["GET"]}}],"collection":[{"href":"https:\/\/www.weingut-steininger.at\/en\/wp-json\/wp\/v2\/product"}],"about":[{"href":"https:\/\/www.weingut-steininger.at\/en\/wp-json\/wp\/v2\/types\/product"}],"version-history":[{"count":2,"href":"https:\/\/www.weingut-steininger.at\/en\/wp-json\/wp\/v2\/product\/5520\/revisions"}],"predecessor-version":[{"id":18419,"href":"https:\/\/www.weingut-steininger.at\/en\/wp-json\/wp\/v2\/product\/5520\/revisions\/18419"}],"wp:featuredmedia":[{"embeddable":true,"href":"https:\/\/www.weingut-steininger.at\/en\/wp-json\/wp\/v2\/media\/5530"}],"wp:attachment":[{"href":"https:\/\/www.weingut-steininger.at\/en\/wp-json\/wp\/v2\/media?parent=5520"}],"wp:term":[{"taxonomy":"product_brand","embeddable":true,"href":"https:\/\/www.weingut-steininger.at\/en\/wp-json\/wp\/v2\/product_brand?post=5520"},{"taxonomy":"product_cat","embeddable":true,"href":"https:\/\/www.weingut-steininger.at\/en\/wp-json\/wp\/v2\/product_cat?post=5520"},{"taxonomy":"product_tag","embeddable":true,"href":"https:\/\/www.weingut-steininger.at\/en\/wp-json\/wp\/v2\/product_tag?post=5520"}],"curies":[{"name":"wp","href":"https:\/\/api.w.org\/{rel}","templated":true}]}}