{"id":5524,"date":"2020-01-22T11:37:57","date_gmt":"2020-01-22T09:37:57","guid":{"rendered":"https:\/\/www.weingut-steininger.at\/?post_type=product&#038;p=5524"},"modified":"2025-01-15T12:56:26","modified_gmt":"2025-01-15T10:56:26","slug":"gruener-veltliner-1984","status":"publish","type":"product","link":"https:\/\/www.weingut-steininger.at\/en\/online-vinothek\/weine\/gruener-veltliner-1984\/","title":{"rendered":"Gr\u00fcner Veltliner 1984"},"content":{"rendered":"<h2><a name=\"_Toc17281804\"><\/a>Weinjahr 1984<\/h2>\n<p>Nach guten Weinjahren hatten sich die Weing\u00e4rten ersch\u00f6pft. Einem langsamen und versp\u00e4teten Vegetationsbeginn folgte ein k\u00fchler und trockener Sommer. Der Jahrgang war sowohl mengenm\u00e4\u00dfig als auch qualitativ nur schwacher Durchschnitt.<\/p>\n","protected":false},"excerpt":{"rendered":"<h4><a name=\"_Toc17281805\"><\/a>Gr\u00fcner Veltliner 1984<\/h4>\n<p>Kostnotizen von Familie Steininger<\/p>\n<p>Kleinerer k\u00fchler Jahrgang, dass zeigt sich auch bei diesem Gr\u00fcner Veltliner. Durch seine doch noch sch\u00f6ne S\u00e4urestruktur wirkt er sehr straff. Hat einige Gerbstoffkomponenten, welche diesen Wein noch f\u00fcr einige Jahre frisch und lebendig wirken lassen.<\/p>\n<h4>15 von 20 Punkten<\/h4>\n<p>Preis auf Anfrage: office@weingut-steininger.at<\/p>\n","protected":false},"featured_media":5708,"template":"","meta":{"_acf_changed":false},"product_brand":[],"product_cat":[729,363,303],"product_tag":[],"class_list":{"0":"post-5524","1":"product","2":"type-product","3":"status-publish","4":"has-post-thumbnail","6":"product_cat-altweinkeller","7":"product_cat-gereifte-weine","8":"product_cat-gereifte-weine-sekte","9":"pa_gebinde-075-l","10":"pa_jahrgang-348","11":"pa_rebsorte-gv","12":"description-off","14":"first","15":"instock","16":"taxable","17":"shipping-taxable","18":"product-type-simple"},"bundled_by":[],"bundle_stock_status":"instock","bundle_stock_quantity":null,"bundle_virtual":false,"bundle_layout":"","bundle_add_to_cart_form_location":"","bundle_editable_in_cart":false,"bundle_sold_individually_context":"","bundle_item_grouping":"","bundle_min_size":"","bundle_max_size":"","bundle_price":[],"bundled_items":[],"bundle_sell_ids":[],"acf":[],"_links":{"self":[{"href":"https:\/\/www.weingut-steininger.at\/en\/wp-json\/wp\/v2\/product\/5524","targetHints":{"allow":["GET"]}}],"collection":[{"href":"https:\/\/www.weingut-steininger.at\/en\/wp-json\/wp\/v2\/product"}],"about":[{"href":"https:\/\/www.weingut-steininger.at\/en\/wp-json\/wp\/v2\/types\/product"}],"version-history":[{"count":2,"href":"https:\/\/www.weingut-steininger.at\/en\/wp-json\/wp\/v2\/product\/5524\/revisions"}],"predecessor-version":[{"id":18423,"href":"https:\/\/www.weingut-steininger.at\/en\/wp-json\/wp\/v2\/product\/5524\/revisions\/18423"}],"wp:featuredmedia":[{"embeddable":true,"href":"https:\/\/www.weingut-steininger.at\/en\/wp-json\/wp\/v2\/media\/5708"}],"wp:attachment":[{"href":"https:\/\/www.weingut-steininger.at\/en\/wp-json\/wp\/v2\/media?parent=5524"}],"wp:term":[{"taxonomy":"product_brand","embeddable":true,"href":"https:\/\/www.weingut-steininger.at\/en\/wp-json\/wp\/v2\/product_brand?post=5524"},{"taxonomy":"product_cat","embeddable":true,"href":"https:\/\/www.weingut-steininger.at\/en\/wp-json\/wp\/v2\/product_cat?post=5524"},{"taxonomy":"product_tag","embeddable":true,"href":"https:\/\/www.weingut-steininger.at\/en\/wp-json\/wp\/v2\/product_tag?post=5524"}],"curies":[{"name":"wp","href":"https:\/\/api.w.org\/{rel}","templated":true}]}}